{"id":153,"date":"2023-07-06T05:12:45","date_gmt":"2023-07-06T05:12:45","guid":{"rendered":"https:\/\/kiana.divicoded.com\/?page_id=153"},"modified":"2025-09-12T14:01:20","modified_gmt":"2025-09-12T14:01:20","slug":"metallitood","status":"publish","type":"page","link":"https:\/\/peruks.ee\/fi\/metallitood\/","title":{"rendered":"METALLITY\u00d6T"},"content":{"rendered":"<p>[et_pb_section fb_built=&#8221;1&#8243; make_equal=&#8221;on&#8221; specialty=&#8221;on&#8221; custom_padding_last_edited=&#8221;on|phone&#8221; padding_top_1=&#8221;0px&#8221; padding_top_2=&#8221;0px&#8221; padding_bottom_1=&#8221;0px&#8221; padding_bottom_2=&#8221;0px&#8221; padding_top_bottom_link_1=&#8221;true&#8221; padding_top_bottom_link_2=&#8221;true&#8221; padding_left_right_link_1=&#8221;false&#8221; padding_left_right_link_2=&#8221;false&#8221; custom_css_main_1=&#8221;width:33%!important;&#8221; custom_css_main_2=&#8221;width:66%!important;&#8221; module_class=&#8221;kiana_service_detail&#8221; _builder_version=&#8221;4.27.4&#8243; _module_preset=&#8221;default&#8221; background_color=&#8221;#f5f5f5&#8243; inner_width=&#8221;100%&#8221; custom_padding=&#8221;7px||0px||false|false&#8221; custom_padding_tablet=&#8221;80px||80px||true|false&#8221; custom_padding_phone=&#8221;60px||60px||true|false&#8221; hover_enabled=&#8221;0&#8243; locked=&#8221;off&#8221; global_colors_info=&#8221;{}&#8221; theme_builder_area=&#8221;post_content&#8221; sticky_enabled=&#8221;0&#8243;][et_pb_column type=&#8221;1_2&#8243; specialty_columns=&#8221;2&#8243; _builder_version=&#8221;4.16&#8243; custom_padding=&#8221;|||&#8221; global_colors_info=&#8221;{}&#8221; custom_padding__hover=&#8221;|||&#8221; theme_builder_area=&#8221;post_content&#8221;][et_pb_row_inner _builder_version=&#8221;4.21.0&#8243; _module_preset=&#8221;default&#8221; custom_padding=&#8221;0px||0px||true|false&#8221; global_colors_info=&#8221;{}&#8221; theme_builder_area=&#8221;post_content&#8221;][et_pb_column_inner saved_specialty_column_type=&#8221;1_2&#8243; _builder_version=&#8221;4.19.4&#8243; _module_preset=&#8221;default&#8221; global_colors_info=&#8221;{}&#8221; theme_builder_area=&#8221;post_content&#8221;][et_pb_button button_url=&#8221;@ET-DC@eyJkeW5hbWljIjp0cnVlLCJjb250ZW50IjoicG9zdF9saW5rX3VybF9wYWdlIiwic2V0dGluZ3MiOnsicG9zdF9pZCI6IjE1MSJ9fQ==@&#8221; button_text=&#8221;Aiad&#8221; _builder_version=&#8221;4.27.4&#8243; _dynamic_attributes=&#8221;button_url&#8221; _module_preset=&#8221;default&#8221; custom_button=&#8221;on&#8221; button_text_size=&#8221;16px&#8221; button_border_width=&#8221;1px&#8221; button_font=&#8221;|||on|||||&#8221; button_icon=&#8221;&#x4c;||divi||400&#8243; button_on_hover=&#8221;off&#8221; custom_margin=&#8221;||10px||false|false&#8221; custom_padding=&#8221;13px|37px|13px|24px|true|false&#8221; custom_css_main_element=&#8221;line-height: 26px!important;||color: #000;||background: transparent!important;||border: 1px solid #383838!important;||width:100%;&#8221; global_colors_info=&#8221;{}&#8221; custom_css_main_element__hover_enabled=&#8221;on|desktop&#8221; custom_css_main_element__hover=&#8221;background: var(&#8211;color1)!important;||border:1px solid var(&#8211;color1)!important;||color:#fff;||width:100%;||line-height: 26px!important;&#8221; theme_builder_area=&#8221;post_content&#8221;][\/et_pb_button][et_pb_button button_url=&#8221;@ET-DC@eyJkeW5hbWljIjp0cnVlLCJjb250ZW50IjoicG9zdF9saW5rX3VybF9wYWdlIiwic2V0dGluZ3MiOnsicG9zdF9pZCI6IjE1NCJ9fQ==@&#8221; button_text=&#8221;V\u00e4ravad&#8221; _builder_version=&#8221;4.27.4&#8243; _dynamic_attributes=&#8221;button_url&#8221; _module_preset=&#8221;default&#8221; custom_button=&#8221;on&#8221; button_text_size=&#8221;16px&#8221; button_border_width=&#8221;1px&#8221; button_border_radius=&#8221;0px&#8221; button_font=&#8221;|||on|||||&#8221; button_icon=&#8221;&#x4c;||divi||400&#8243; button_on_hover=&#8221;off&#8221; custom_margin=&#8221;||10px||false|false&#8221; custom_padding=&#8221;13px|37px|13px|24px|true|false&#8221; custom_css_main_element=&#8221;line-height: 26px!important;||color: #000;||background: transparent!important;||border: 1px solid #383838!important;||width:100%;&#8221; global_colors_info=&#8221;{}&#8221; custom_css_main_element__hover_enabled=&#8221;on|desktop&#8221; custom_css_main_element__hover=&#8221;background: var(&#8211;color1)!important;||border:1px solid var(&#8211;color1)!important;||color:#fff;||width:100%;||line-height: 26px!important;&#8221; button_border_width__hover=&#8221;1px&#8221; button_border_width__hover_enabled=&#8221;off|hover&#8221; custom_css_main_element_tablet=&#8221;font-weight: 700;||font-size: 16px;||line-height: 26px;||text-transform: uppercase;||color: #000;||background: #fff!important;||border-radius: 5px;||border: 1px solid #383838!important;&#8221; custom_css_main_element_phone=&#8221;font-weight: 700;||font-size: 16px;||line-height: 26px;||text-transform: uppercase;||color: #000;||background: #fff!important;||border-radius: 5px;||border: 1px solid #383838!important;&#8221; custom_css_main_element_last_edited=&#8221;off|desktop&#8221; button_text_size__hover_enabled=&#8221;off|hover&#8221; theme_builder_area=&#8221;post_content&#8221;][\/et_pb_button][et_pb_button button_url=&#8221;@ET-DC@eyJkeW5hbWljIjp0cnVlLCJjb250ZW50IjoicG9zdF9saW5rX3VybF9wYWdlIiwic2V0dGluZ3MiOnsicG9zdF9pZCI6IjE1MyJ9fQ==@&#8221; button_text=&#8221;Metallit\u00f6\u00f6d&#8221; _builder_version=&#8221;4.27.4&#8243; _dynamic_attributes=&#8221;button_url&#8221; _module_preset=&#8221;default&#8221; custom_button=&#8221;on&#8221; button_text_size=&#8221;16px&#8221; button_border_width=&#8221;1px&#8221; button_border_radius=&#8221;0px&#8221; button_font=&#8221;|||on|||||&#8221; button_icon=&#8221;&#x4c;||divi||400&#8243; button_on_hover=&#8221;off&#8221; custom_margin=&#8221;||10px||false|false&#8221; custom_padding=&#8221;13px|37px|13px|24px|true|false&#8221; custom_css_main_element=&#8221;background: var(&#8211;color1)!important;||border:1px solid var(&#8211;color1)!important;||color:#fff;||width:100%;||line-height: 26px!important;&#8221; global_colors_info=&#8221;{}&#8221; custom_css_main_element__hover_enabled=&#8221;on|desktop&#8221; custom_css_main_element__hover=&#8221;background: var(&#8211;color1)!important;||border:1px solid var(&#8211;color1)!important;||color:#fff;||width:100%;||line-height: 26px!important;&#8221; theme_builder_area=&#8221;post_content&#8221;][\/et_pb_button][\/et_pb_column_inner][\/et_pb_row_inner][et_pb_row_inner _builder_version=&#8221;4.21.0&#8243; _module_preset=&#8221;default&#8221; custom_margin=&#8221;||30px||false|false&#8221; custom_padding=&#8221;0px||0px||true|false&#8221; locked=&#8221;off&#8221; global_colors_info=&#8221;{}&#8221; theme_builder_area=&#8221;post_content&#8221;][et_pb_column_inner saved_specialty_column_type=&#8221;1_2&#8243; _builder_version=&#8221;4.21.0&#8243; _module_preset=&#8221;default&#8221; custom_padding=&#8221;30px|30px|30px|30px|true|true&#8221; custom_padding_tablet=&#8221;30px|30px|30px|30px|true|true&#8221; custom_padding_phone=&#8221;20px|20px|20px|20px|true|true&#8221; custom_padding_last_edited=&#8221;on|phone&#8221; custom_css_main_element=&#8221;background: var(&#8211;color1);||box-shadow: 0px 8px 24px rgba(149, 157, 165, 0.2);&#8221; global_colors_info=&#8221;{}&#8221; custom_css_main_element_last_edited=&#8221;on|desktop&#8221; custom_css_main_element_tablet=&#8221;background: var(&#8211;color1);||box-shadow: 0px 8px 24px rgba(149, 157, 165, 0.2);&#8221; custom_css_main_element_phone=&#8221;background: var(&#8211;color1);||box-shadow: 0px 8px 24px rgba(149, 157, 165, 0.2);&#8221; theme_builder_area=&#8221;post_content&#8221;][et_pb_text _builder_version=&#8221;4.27.4&#8243; _module_preset=&#8221;default&#8221; custom_margin=&#8221;||25px||false|false&#8221; custom_css_main_element=&#8221;font-weight: 600;||font-size: 24px;||line-height: 34px;||color: #fff;||padding:0;&#8221; locked=&#8221;off&#8221; global_colors_info=&#8221;{}&#8221; custom_css_main_element_last_edited=&#8221;on|phone&#8221; custom_css_main_element_tablet=&#8221;font-weight: 600;||font-size: 22px;||line-height: 32px;||color: #fff;||padding:0;&#8221; custom_css_main_element_phone=&#8221;font-weight: 600;||font-size: 20px;||line-height: 30px;||color: #fff;||padding:0;&#8221; theme_builder_area=&#8221;post_content&#8221;]<\/p>\n<p>K\u00fcsi julgelt!<\/p>\n<p>[\/et_pb_text][et_pb_cta title=&#8221;Helista&#8221; admin_label=&#8221;Call To Action&#8221; _builder_version=&#8221;4.27.4&#8243; _module_preset=&#8221;default&#8221; header_level=&#8221;h6&#8243; header_font_size=&#8221;18px&#8221; header_line_height=&#8221;28px&#8221; body_link_text_color=&#8221;#FFFFFF&#8221; background_enable_color=&#8221;off&#8221; text_orientation=&#8221;left&#8221; custom_margin=&#8221;0px||30px||false|false&#8221; custom_padding=&#8221;0px|0px|0px|0px|true|true&#8221; custom_css_promo_description=&#8221;\tfont-weight: 400;||\tfont-size: 16px;||\tline-height: 26px;||\tcolor: #FFFFFF;||\tpadding-bottom:0px;&#8221; locked=&#8221;off&#8221; global_colors_info=&#8221;{}&#8221; custom_css_promo_title_last_edited=&#8221;off|phone&#8221; custom_css_promo_description_last_edited=&#8221;on|desktop&#8221; custom_css_promo_description_tablet=&#8221;\tfont-weight: 400;||\tfont-size: 16px;||\tline-height: 26px;||\tcolor: #FFFFFF;||\tpadding-bottom:0px;&#8221; custom_css_promo_description_phone=&#8221;\tfont-weight: 400;||\tfont-size: 16px;||\tline-height: 26px;||\tcolor: #FFFFFF;||\tpadding-bottom:0px;&#8221; theme_builder_area=&#8221;post_content&#8221;]<\/p>\n<p><a href=\"tel:+37251941909\">(+372) 5194 1909<\/a><\/p>\n<p>[\/et_pb_cta][et_pb_cta title=&#8221;Kirjuta&#8221; _builder_version=&#8221;4.27.4&#8243; _module_preset=&#8221;default&#8221; header_level=&#8221;h6&#8243; header_font_size=&#8221;18px&#8221; header_line_height=&#8221;28px&#8221; body_link_text_color=&#8221;#FFFFFF&#8221; background_enable_color=&#8221;off&#8221; text_orientation=&#8221;left&#8221; custom_margin=&#8221;0px||30px||false|false&#8221; custom_padding=&#8221;0px|0px|0px|0px|true|true&#8221; custom_css_promo_description=&#8221;\tfont-weight: 400;||\tfont-size: 16px;||\tline-height: 26px;||\tcolor: #FFFFFF;||\tpadding-bottom:0px;&#8221; locked=&#8221;off&#8221; global_colors_info=&#8221;{}&#8221; custom_css_promo_title_last_edited=&#8221;off|phone&#8221; custom_css_promo_description_last_edited=&#8221;on|desktop&#8221; custom_css_promo_description_tablet=&#8221;\tfont-weight: 400;||\tfont-size: 16px;||\tline-height: 26px;||\tcolor: #FFFFFF;||\tpadding-bottom:0px;&#8221; custom_css_promo_description_phone=&#8221;\tfont-weight: 400;||\tfont-size: 16px;||\tline-height: 26px;||\tcolor: #FFFFFF;||\tpadding-bottom:0px;&#8221; theme_builder_area=&#8221;post_content&#8221;]<\/p>\n<p><a href=\"mailto:%20info@peruks.ee\">info@peruks.ee<\/a><\/p>\n<p>[\/et_pb_cta][et_pb_button button_url=&#8221;@ET-DC@eyJkeW5hbWljIjp0cnVlLCJjb250ZW50IjoicG9zdF9saW5rX3VybF9wYWdlIiwic2V0dGluZ3MiOnsicG9zdF9pZCI6IjUzIn19@&#8221; button_text=&#8221;Kontakteeru&#8221; disabled_on=&#8221;off|off|off&#8221; _builder_version=&#8221;4.27.4&#8243; _dynamic_attributes=&#8221;button_url&#8221; _module_preset=&#8221;default&#8221; custom_button=&#8221;on&#8221; button_text_size=&#8221;16px&#8221; button_border_width=&#8221;1px&#8221; button_border_radius=&#8221;0px&#8221; button_font=&#8221;||||||||&#8221; button_icon=&#8221;&#x4c;||divi||400&#8243; button_on_hover=&#8221;off&#8221; custom_margin=&#8221;||10px||false|false&#8221; custom_padding=&#8221;17px|34px|17px|17px|true|false&#8221; custom_css_main_element=&#8221;line-height: 20px!important;||color: #fff;||background: transparent!important;||border: 1px solid #fff!important;&#8221; locked=&#8221;off&#8221; global_colors_info=&#8221;{}&#8221; custom_css_main_element__hover_enabled=&#8221;on|hover&#8221; custom_css_main_element__hover=&#8221;color:var(&#8211;color1)!important;||background: #fff!important;&#8221; theme_builder_area=&#8221;post_content&#8221;][\/et_pb_button][\/et_pb_column_inner][\/et_pb_row_inner][\/et_pb_column][et_pb_column type=&#8221;1_2&#8243; _builder_version=&#8221;4.16&#8243; custom_padding=&#8221;|||&#8221; global_colors_info=&#8221;{}&#8221; custom_padding__hover=&#8221;|||&#8221; theme_builder_area=&#8221;post_content&#8221;][et_pb_cta title=&#8221;Metallit\u00f6\u00f6d&#8221; _builder_version=&#8221;4.27.4&#8243; _module_preset=&#8221;default&#8221; header_font=&#8221;|600|||||||&#8221; header_font_size=&#8221;30px&#8221; header_line_height=&#8221;40px&#8221; background_enable_color=&#8221;off&#8221; text_orientation=&#8221;left&#8221; custom_margin=&#8221;||5px||false|false&#8221; custom_padding=&#8221;0px|0px|0px|0px|true|true&#8221; header_font_size_tablet=&#8221;28px&#8221; header_font_size_phone=&#8221;26px&#8221; header_font_size_last_edited=&#8221;on|phone&#8221; header_line_height_tablet=&#8221;38px&#8221; header_line_height_phone=&#8221;36px&#8221; header_line_height_last_edited=&#8221;on|desktop&#8221; custom_css_promo_description=&#8221;padding:0;||font-weight: 400;||font-size: 16px;||line-height: 26px;&#8221; custom_css_promo_title=&#8221;color:var(&#8211;color1)!important;||margin:0 0 20px;&#8221; locked=&#8221;off&#8221; global_colors_info=&#8221;{}&#8221; theme_builder_area=&#8221;post_content&#8221;][\/et_pb_cta][et_pb_cta _builder_version=&#8221;4.27.4&#8243; _module_preset=&#8221;default&#8221; header_font=&#8221;|600|||||||&#8221; header_font_size=&#8221;30px&#8221; header_line_height=&#8221;40px&#8221; background_enable_color=&#8221;off&#8221; text_orientation=&#8221;left&#8221; custom_margin=&#8221;2px||30px||false|false&#8221; custom_padding=&#8221;0px|0px|0px|0px|true|true&#8221; header_font_size_tablet=&#8221;28px&#8221; header_font_size_phone=&#8221;26px&#8221; header_font_size_last_edited=&#8221;on|phone&#8221; header_line_height_tablet=&#8221;38px&#8221; header_line_height_phone=&#8221;36px&#8221; header_line_height_last_edited=&#8221;on|desktop&#8221; custom_css_promo_description=&#8221;padding:0;||font-weight: 400;||font-size: 16px;||line-height: 26px;||color: #666666;&#8221; custom_css_promo_title=&#8221;color:var(&#8211;color1)!important;||margin:0 0 20px;&#8221; locked=&#8221;off&#8221; global_colors_info=&#8221;{}&#8221; theme_builder_area=&#8221;post_content&#8221;]<\/p>\n<div class=\"et_pb_module et_pb_cta_3 et_pb_promo  et_pb_text_align_left et_pb_bg_layout_dark\">\n<div class=\"et_pb_promo_description\">\n<p>Valmistame eritellimusel metalltooteid. Pikaaegsed kogemused metallit\u00f6\u00f6de vallas aitavad leida Teile sobiva lahenduse ning selle ellu viia.<\/p>\n<p>Tootmine asub Keila l\u00e4hedal.<\/p>\n<p>Meie poolt teostavate teenuste loetelu ja tehtud t\u00f6\u00f6d on \u00e4ra toodud allj\u00e4rgnevalt.<\/p>\n<\/div>\n<\/div>\n<p>[\/et_pb_cta][et_pb_cta title=&#8221;Eritellimusel v\u00e4ravad ja aiad&#8221; _builder_version=&#8221;4.27.4&#8243; _module_preset=&#8221;default&#8221; header_font=&#8221;|600|||||||&#8221; header_font_size=&#8221;30px&#8221; header_line_height=&#8221;40px&#8221; background_enable_color=&#8221;off&#8221; text_orientation=&#8221;left&#8221; custom_margin=&#8221;||30px||false|false&#8221; custom_padding=&#8221;0px|0px|0px|0px|true|true&#8221; header_font_size_tablet=&#8221;28px&#8221; header_font_size_phone=&#8221;26px&#8221; header_font_size_last_edited=&#8221;on|phone&#8221; header_line_height_tablet=&#8221;38px&#8221; header_line_height_phone=&#8221;36px&#8221; header_line_height_last_edited=&#8221;on|desktop&#8221; custom_css_promo_description=&#8221;padding:0;||font-weight: 400;||font-size: 16px;||line-height: 26px;||color: #666666;&#8221; custom_css_promo_title=&#8221;color:var(&#8211;color1)!important;||margin:0 0 20px;&#8221; locked=&#8221;off&#8221; global_colors_info=&#8221;{}&#8221; theme_builder_area=&#8221;post_content&#8221;]<\/p>\n<div class=\"et_pb_module et_pb_cta_3 et_pb_promo  et_pb_text_align_left et_pb_bg_layout_dark\">\n<div class=\"et_pb_promo_description\">\n<p>Kuna meie ettev\u00f5tte peamiseks tegevuseks on aedade ja v\u00e4ravatega seonduv, siis sellest l\u00e4htuvalt teostame oma klientidele eritellimusel v\u00e4ravaid.<\/p>\n<p>Pikaaegsed kogemused aitavad leida just Teile sobiva lahenduse kujunduse ja konstruktsiooni osas arvestades objekti erip\u00e4ra ning Teie soovide ja vajadustega.<\/p>\n<p>Aedade valmistamiseks kasutame erinevaid materjale: metalli ja puitu, keevispaneele, leht- ja keevisv\u00f5rku. Aiapostideks pakume metallposte ja erinevaid moodulposte.<\/p>\n<p>V\u00e4ravatest valmistame tiibv\u00e4ravaid ja jalgv\u00e4ravaid ning liugv\u00e4ravad.<\/p>\n<p>Valmis tooted viimistleme ilmastikukindla v\u00e4rviga, pulberv\u00e4rviga v\u00f5i kuumtsingiga.<\/p>\n<\/div>\n<\/div>\n<p>[\/et_pb_cta][et_pb_cta title=&#8221;Piirded ja k\u00e4sipuud&#8221; _builder_version=&#8221;4.27.4&#8243; _module_preset=&#8221;default&#8221; header_font=&#8221;|600|||||||&#8221; header_font_size=&#8221;30px&#8221; header_line_height=&#8221;40px&#8221; background_enable_color=&#8221;off&#8221; text_orientation=&#8221;left&#8221; custom_margin=&#8221;||-5px||false|false&#8221; custom_padding=&#8221;0px|0px|0px|0px|true|true&#8221; header_font_size_tablet=&#8221;28px&#8221; header_font_size_phone=&#8221;26px&#8221; header_font_size_last_edited=&#8221;on|phone&#8221; header_line_height_tablet=&#8221;38px&#8221; header_line_height_phone=&#8221;36px&#8221; header_line_height_last_edited=&#8221;on|desktop&#8221; custom_css_promo_description=&#8221;padding:0;||font-weight: 400;||font-size: 16px;||line-height: 26px;||color: #666666;&#8221; custom_css_promo_title=&#8221;color:var(&#8211;color1)!important;||margin:0 0 20px;&#8221; locked=&#8221;off&#8221; global_colors_info=&#8221;{}&#8221; theme_builder_area=&#8221;post_content&#8221;]<\/p>\n<div class=\"et_pb_module et_pb_cta_3 et_pb_promo  et_pb_text_align_left et_pb_bg_layout_dark\">\n<div class=\"et_pb_promo_description\">\n<p>Valmistame piirdeid r\u00f5dudele, terrassidele, prantsuse r\u00f5dudele ning k\u00e4sipuud treppidele.<\/p>\n<p>Valmistamiseks kasutame musta metalli torusid ja profiile. Viimistluse valik on alates kruntimisest kuni pulberv\u00e4rvimiseni.<\/p>\n<p>Tooted, mis on m\u00f5eldud v\u00e4litingimustesse, soovitame eelnevalt kuumtsinkida.<\/p>\n<p>Vajadusel aitame Teid kujunduse ja lahenduse osas. Teostame m\u00f5\u00f5tmised, valmistame elemendid ning paigaldame valmis tooted.<\/p>\n<\/div>\n<\/div>\n<p>[\/et_pb_cta][et_pb_cta title=&#8221;Keevitust\u00f6\u00f6d&#8221; _builder_version=&#8221;4.27.4&#8243; _module_preset=&#8221;default&#8221; header_font=&#8221;|600|||||||&#8221; header_font_size=&#8221;30px&#8221; header_line_height=&#8221;40px&#8221; background_enable_color=&#8221;off&#8221; text_orientation=&#8221;left&#8221; custom_margin=&#8221;||1px||false|false&#8221; custom_padding=&#8221;0px|0px|0px|0px|false|true&#8221; header_font_size_tablet=&#8221;28px&#8221; header_font_size_phone=&#8221;26px&#8221; header_font_size_last_edited=&#8221;on|phone&#8221; header_line_height_tablet=&#8221;38px&#8221; header_line_height_phone=&#8221;36px&#8221; header_line_height_last_edited=&#8221;on|desktop&#8221; custom_css_promo_description=&#8221;padding:0;||font-weight: 400;||font-size: 16px;||line-height: 26px;||color: #666666;&#8221; custom_css_promo_title=&#8221;color:var(&#8211;color1)!important;||margin:0 0 20px;&#8221; locked=&#8221;off&#8221; global_colors_info=&#8221;{}&#8221; theme_builder_area=&#8221;post_content&#8221;]<\/p>\n<div class=\"et_pb_module et_pb_cta_3 et_pb_promo  et_pb_text_align_left et_pb_bg_layout_dark\">\n<div class=\"et_pb_promo_description\">\n<p>Keevituseks kasutame poolautomaat keevitust ja elektroode, mis tagavad keevitusele esmaklassilise tulemuse ning vastupidavuse. Lisaks kvalifitseeritud seadmetele kasutame \u00fcksnes kvalifitseeritud t\u00f6\u00f6j\u00f5udu.<\/p>\n<p>Lisaks tootmises pakutavale keevitusteenusele oleme valmis pakkuma keevitus teenus ka Kliendi poolt etten\u00e4htud kohas.<\/p>\n<\/div>\n<\/div>\n<p>[\/et_pb_cta][\/et_pb_column][\/et_pb_section]<\/p>\n","protected":false},"excerpt":{"rendered":"<p>K\u00fcsi julgelt!(+372) 5194 1909info@peruks.ee Valmistame eritellimusel metalltooteid. Pikaaegsed kogemused metallit\u00f6\u00f6de vallas aitavad leida Teile sobiva lahenduse ning selle ellu viia. Tootmine asub Keila l\u00e4hedal. Meie poolt teostavate teenuste loetelu ja tehtud t\u00f6\u00f6d on \u00e4ra toodud allj\u00e4rgnevalt. Kuna meie ettev\u00f5tte peamiseks tegevuseks on aedade ja v\u00e4ravatega seonduv, siis sellest l\u00e4htuvalt teostame oma klientidele eritellimusel v\u00e4ravaid. Pikaaegsed [&hellip;]<\/p>\n","protected":false},"author":1,"featured_media":0,"parent":0,"menu_order":0,"comment_status":"closed","ping_status":"closed","template":"","meta":{"_et_pb_use_builder":"on","_et_pb_old_content":"<!-- wp:divi\/placeholder \/-->","_et_gb_content_width":"","footnotes":""},"class_list":["post-153","page","type-page","status-publish","hentry"],"_links":{"self":[{"href":"https:\/\/peruks.ee\/fi\/wp-json\/wp\/v2\/pages\/153","targetHints":{"allow":["GET"]}}],"collection":[{"href":"https:\/\/peruks.ee\/fi\/wp-json\/wp\/v2\/pages"}],"about":[{"href":"https:\/\/peruks.ee\/fi\/wp-json\/wp\/v2\/types\/page"}],"author":[{"embeddable":true,"href":"https:\/\/peruks.ee\/fi\/wp-json\/wp\/v2\/users\/1"}],"replies":[{"embeddable":true,"href":"https:\/\/peruks.ee\/fi\/wp-json\/wp\/v2\/comments?post=153"}],"version-history":[{"count":7,"href":"https:\/\/peruks.ee\/fi\/wp-json\/wp\/v2\/pages\/153\/revisions"}],"predecessor-version":[{"id":5409,"href":"https:\/\/peruks.ee\/fi\/wp-json\/wp\/v2\/pages\/153\/revisions\/5409"}],"wp:attachment":[{"href":"https:\/\/peruks.ee\/fi\/wp-json\/wp\/v2\/media?parent=153"}],"curies":[{"name":"wp","href":"https:\/\/api.w.org\/{rel}","templated":true}]}}