{"id":171,"date":"2014-10-24T11:30:58","date_gmt":"2014-10-24T11:30:58","guid":{"rendered":"http:\/\/xml-io.proteusthemes.com\/buildpress\/?page_id=171"},"modified":"2025-09-16T13:56:06","modified_gmt":"2025-09-16T13:56:06","slug":"ettevottest","status":"publish","type":"page","link":"https:\/\/peruks.ee\/fi\/ettevottest\/","title":{"rendered":"Yrityksest\u00e4"},"content":{"rendered":"<p>[et_pb_section fb_built=&#8221;1&#8243; admin_label=&#8221;section&#8221; _builder_version=&#8221;4.16&#8243; custom_padding=&#8221;||0px|||&#8221; global_colors_info=&#8221;{}&#8221; theme_builder_area=&#8221;post_content&#8221;][et_pb_row column_structure=&#8221;1_2,1_2&#8243; _builder_version=&#8221;4.27.4&#8243; _module_preset=&#8221;default&#8221; width=&#8221;90%&#8221; custom_padding=&#8221;0px||0px||true|false&#8221; custom_css_main_element=&#8221;display:flex;||align-items: flex-start;&#8221; global_colors_info=&#8221;{}&#8221; custom_css_main_element_last_edited=&#8221;on|tablet&#8221; custom_css_main_element_tablet=&#8221;display:block;&#8221; custom_css_main_element_phone=&#8221;display:block;&#8221; theme_builder_area=&#8221;post_content&#8221;][et_pb_column type=&#8221;1_2&#8243; _builder_version=&#8221;4.21.0&#8243; _module_preset=&#8221;default&#8221; global_colors_info=&#8221;{}&#8221; theme_builder_area=&#8221;post_content&#8221;][et_pb_image src=&#8221;https:\/\/peruks.ee\/wp-content\/uploads\/2025\/09\/Eramu-puitaed_1_opti.png&#8221; alt=&#8221;img-17&#8243; title_text=&#8221;Eramu-puitaed_1_opti&#8221; force_fullwidth=&#8221;on&#8221; _builder_version=&#8221;4.27.4&#8243; _module_preset=&#8221;default&#8221; custom_margin=&#8221;||0px||false|false&#8221; global_colors_info=&#8221;{}&#8221; theme_builder_area=&#8221;post_content&#8221;][\/et_pb_image][et_pb_number_counter title=&#8221;Aastat Kogemust&#8221; number=&#8221;18+&#8221; percent_sign=&#8221;off&#8221; module_class=&#8221;kiana_about_counter&#8221; _builder_version=&#8221;4.27.4&#8243; _module_preset=&#8221;default&#8221; title_level=&#8221;h4&#8243; title_text_color=&#8221;#212121&#8243; title_font_size=&#8221;24px&#8221; title_line_height=&#8221;30px&#8221; number_font=&#8221;Source Sans Pro|700|||||||&#8221; number_text_color=&#8221;#212121&#8243; number_font_size=&#8221;40px&#8221; number_line_height=&#8221;50px&#8221; background_color=&#8221;#f5f5f5&#8243; text_orientation=&#8221;left&#8221; custom_padding=&#8221;28px|38px|28px|105px|true|false&#8221; custom_padding_tablet=&#8221;28px|38px|28px|105px|true|false&#8221; custom_padding_phone=&#8221;5px|15px|5px|90px|true|false&#8221; custom_padding_last_edited=&#8221;on|phone&#8221; title_font_size_tablet=&#8221;22px&#8221; title_font_size_phone=&#8221;20px&#8221; title_font_size_last_edited=&#8221;on|phone&#8221; title_line_height_tablet=&#8221;28px&#8221; title_line_height_phone=&#8221;26px&#8221; title_line_height_last_edited=&#8221;on|phone&#8221; custom_css_before=&#8221;    content: &#8221;;||    width: 68px;||    height: 68px;||    line-height: 68px;||    background-image: url(\/wp-content\/uploads\/2023\/07\/img-18.png);||    background-color: var(&#8211;color1)!important;||    position: absolute;||    border-radius: 50%;||    left: 23px;||    top: 50%;||    transform: translateY(-50%) rotate(90deg);||    background-position: center;||    background-size: 45px 45px;||    background-repeat: no-repeat;&#8221; custom_css_main_element=&#8221;position:absolute;||top:86px;||left:-86px;||transform:rotate(-90deg);&#8221; custom_css_percent=&#8221;height:auto;||padding:0 0 7px;||margin:0!important;||position:relative;&#8221; custom_css_number_counter_title=&#8221;font-weight:400;&#8221; global_colors_info=&#8221;{}&#8221; custom_css_main_element_last_edited=&#8221;on|phone&#8221; custom_css_main_element_phone=&#8221;    position: absolute;||    top: 77px;||    left: -78px;||    transform: rotate(-90deg);&#8221; custom_css_before_last_edited=&#8221;on|phone&#8221; custom_css_before_phone=&#8221;    content: &#8221;;||    width: 58px;||    height: 58px;||    line-height: 58px;||    background-image: url(\/wp-content\/uploads\/2023\/07\/img-18.png);||    background-color: var(&#8211;color1)!important;||    position: absolute;||    border-radius: 50%;||    left: 15px;||    top: 50%;||    transform: translateY(-50%) rotate(90deg);||    background-position: center;||    background-size: 40px 40px;||    background-repeat: no-repeat;&#8221; custom_css_main_element_tablet=&#8221;    position: absolute;||    top: 78px;||    left: -80px;||    transform: rotate(-90deg);&#8221; custom_css_before_tablet=&#8221;    content: &#8221;;||    width: 68px;||    height: 68px;||    line-height: 68px;||    background-image: url(\/wp-content\/uploads\/2023\/07\/img-18.png);||    background-color: var(&#8211;color1)!important;||    position: absolute;||    border-radius: 50%;||    left: 23px;||    top: 50%;||    transform: translateY(-50%) rotate(90deg);||    background-position: center;||    background-size: 45px 45px;||    background-repeat: no-repeat;&#8221; theme_builder_area=&#8221;post_content&#8221;][\/et_pb_number_counter][\/et_pb_column][et_pb_column type=&#8221;1_2&#8243; _builder_version=&#8221;4.21.0&#8243; _module_preset=&#8221;default&#8221; custom_css_main_element=&#8221;display:flex;||flex-wrap:wrap;||column-gap:10px;&#8221; global_colors_info=&#8221;{}&#8221; custom_css_main_element_last_edited=&#8221;on|phone&#8221; custom_css_main_element_phone=&#8221;display:block;&#8221; custom_css_main_element_tablet=&#8221;display:flex;||flex-wrap:wrap;||column-gap:10px;&#8221; theme_builder_area=&#8221;post_content&#8221;][et_pb_blurb title=&#8221;Ettev\u00f5ttest&#8221; content_max_width=&#8221;100%&#8221; _builder_version=&#8221;4.27.4&#8243; _module_preset=&#8221;default&#8221; header_level=&#8221;h6&#8243; header_text_color=&#8221;#212121&#8243; header_font_size=&#8221;20px&#8221; header_line_height=&#8221;25px&#8221; custom_margin=&#8221;20px||20px||false|false&#8221; custom_padding=&#8221;|||7px|false|false&#8221; custom_css_main_element=&#8221;border-left:2px solid var(&#8211;color1);||width:100%;&#8221; custom_css_blurb_title=&#8221;padding:0;||font-weight:400;&#8221; global_colors_info=&#8221;{}&#8221; theme_builder_area=&#8221;post_content&#8221;][\/et_pb_blurb][et_pb_blurb title=&#8221;Oleme spetsialiseerunud kvaliteetsete aedade ja v\u00e4ravate professionaalsele paigaldamisele&#8221; content_max_width=&#8221;100%&#8221; _builder_version=&#8221;4.27.4&#8243; _module_preset=&#8221;default&#8221; header_level=&#8221;h2&#8243; header_font=&#8221;|700|||||||&#8221; header_text_color=&#8221;#212121&#8243; header_font_size=&#8221;40px&#8221; header_line_height=&#8221;50px&#8221; body_font=&#8221;Source Sans Pro|700|||||||&#8221; body_text_color=&#8221;#212121&#8243; body_font_size=&#8221;20px&#8221; body_line_height=&#8221;26px&#8221; custom_margin=&#8221;||20px||false|false&#8221; header_font_size_tablet=&#8221;36px&#8221; header_font_size_phone=&#8221;32px&#8221; header_font_size_last_edited=&#8221;on|phone&#8221; header_line_height_tablet=&#8221;46px&#8221; header_line_height_phone=&#8221;42px&#8221; header_line_height_last_edited=&#8221;on|desktop&#8221; custom_css_main_element=&#8221;width:100%;&#8221; custom_css_blurb_title=&#8221;padding:0 0 10px;&#8221; global_colors_info=&#8221;{}&#8221; theme_builder_area=&#8221;post_content&#8221;]<\/p>\n<p><span>Oleme j\u00f5udnud j\u00e4reldusele, et edu toob asjade lihtsana hoidmine ning oma lubadustest kinnipidamine<\/span><\/p>\n<p>[\/et_pb_blurb][et_pb_text _builder_version=&#8221;4.27.4&#8243; _module_preset=&#8221;default&#8221; text_text_color=&#8221;#212121&#8243; text_line_height=&#8221;26px&#8221; custom_margin=&#8221;||19px||false|false&#8221; custom_css_main_element=&#8221;font-weight:400;||width:100%;&#8221; global_colors_info=&#8221;{}&#8221; theme_builder_area=&#8221;post_content&#8221;]<\/p>\n<p><span>Lihtne retsept, mis on meile taganud pideva t\u00f6\u00f6 juba \u00fcle 18 aasta on:<\/span><\/p>\n<p>[\/et_pb_text][et_pb_blurb use_icon=&#8221;on&#8221; font_icon=&#8221;&#x4e;||divi||400&#8243; icon_placement=&#8221;left&#8221; image_icon_width=&#8221;14px&#8221; content_max_width=&#8221;100%&#8221; module_class=&#8221;kiana_icon_color&#8221; _builder_version=&#8221;4.27.4&#8243; _module_preset=&#8221;default&#8221; body_text_color=&#8221;#212121&#8243; body_line_height=&#8221;26px&#8221; custom_margin=&#8221;||20px||false|false&#8221; custom_css_main_element=&#8221;width:48%;&#8221; custom_css_blurb_image=&#8221;margin:0;||max-width:31px;||width:100%;||text-align:center;||height:31px;||line-height:31px;||border:1px solid var(&#8211;color1);||border-radius:50%;&#8221; custom_css_blurb_content=&#8221;display:flex;||align-items:center;||font-weight:400;&#8221; global_colors_info=&#8221;{}&#8221; custom_css_main_element_last_edited=&#8221;on|phone&#8221; custom_css_main_element_tablet=&#8221;width:48%;&#8221; custom_css_main_element_phone=&#8221;width:100%;&#8221; theme_builder_area=&#8221;post_content&#8221;]<\/p>\n<p>Reageerime kiiresti<\/p>\n<p>[\/et_pb_blurb][et_pb_blurb use_icon=&#8221;on&#8221; font_icon=&#8221;&#x4e;||divi||400&#8243; icon_placement=&#8221;left&#8221; image_icon_width=&#8221;14px&#8221; content_max_width=&#8221;100%&#8221; module_class=&#8221;kiana_icon_color&#8221; _builder_version=&#8221;4.27.4&#8243; _module_preset=&#8221;default&#8221; body_text_color=&#8221;#212121&#8243; body_line_height=&#8221;26px&#8221; custom_margin=&#8221;||20px||false|false&#8221; custom_css_main_element=&#8221;width:48%;&#8221; custom_css_blurb_image=&#8221;margin:0;||max-width:31px;||width:100%;||text-align:center;||height:31px;||line-height:31px;||border:1px solid var(&#8211;color1);||border-radius:50%;&#8221; custom_css_blurb_content=&#8221;display:flex;||align-items:center;||font-weight:400;&#8221; global_colors_info=&#8221;{}&#8221; custom_css_main_element_last_edited=&#8221;on|phone&#8221; custom_css_main_element_tablet=&#8221;width:48%;&#8221; custom_css_main_element_phone=&#8221;width:100%;&#8221; theme_builder_area=&#8221;post_content&#8221;]<\/p>\n<p>T\u00f6\u00f6tame tempokalt<\/p>\n<p>[\/et_pb_blurb][et_pb_blurb use_icon=&#8221;on&#8221; font_icon=&#8221;&#x4e;||divi||400&#8243; icon_placement=&#8221;left&#8221; image_icon_width=&#8221;14px&#8221; content_max_width=&#8221;100%&#8221; module_class=&#8221;kiana_icon_color&#8221; _builder_version=&#8221;4.27.4&#8243; _module_preset=&#8221;default&#8221; body_text_color=&#8221;#212121&#8243; body_line_height=&#8221;26px&#8221; custom_margin=&#8221;||20px||false|false&#8221; custom_css_main_element=&#8221;width:48%;&#8221; custom_css_blurb_image=&#8221;margin:0;||max-width:31px;||width:100%;||text-align:center;||height:31px;||line-height:31px;||border:1px solid var(&#8211;color1);||border-radius:50%;&#8221; custom_css_blurb_content=&#8221;display:flex;||align-items:center;||font-weight:400;&#8221; global_colors_info=&#8221;{}&#8221; custom_css_main_element_last_edited=&#8221;on|phone&#8221; custom_css_main_element_tablet=&#8221;width:48%;&#8221; custom_css_main_element_phone=&#8221;width:100%;&#8221; theme_builder_area=&#8221;post_content&#8221;]<\/p>\n<p>Oleme ausad<\/p>\n<p>[\/et_pb_blurb][et_pb_blurb use_icon=&#8221;on&#8221; font_icon=&#8221;&#x4e;||divi||400&#8243; icon_placement=&#8221;left&#8221; image_icon_width=&#8221;14px&#8221; content_max_width=&#8221;100%&#8221; module_class=&#8221;kiana_icon_color&#8221; _builder_version=&#8221;4.27.4&#8243; _module_preset=&#8221;default&#8221; body_text_color=&#8221;#212121&#8243; body_line_height=&#8221;26px&#8221; custom_margin=&#8221;||20px||false|false&#8221; custom_css_main_element=&#8221;width:48%;&#8221; custom_css_blurb_image=&#8221;margin:0;||max-width:31px;||width:100%;||text-align:center;||height:31px;||line-height:31px;||border:1px solid var(&#8211;color1);||border-radius:50%;&#8221; custom_css_blurb_content=&#8221;display:flex;||align-items:center;||font-weight:400;&#8221; global_colors_info=&#8221;{}&#8221; custom_css_main_element_last_edited=&#8221;on|phone&#8221; custom_css_main_element_tablet=&#8221;width:48%;&#8221; custom_css_main_element_phone=&#8221;width:100%;&#8221; theme_builder_area=&#8221;post_content&#8221;]<\/p>\n<p>Peame kinni t\u00e4htaegadest<\/p>\n<p>[\/et_pb_blurb][et_pb_blurb use_icon=&#8221;on&#8221; font_icon=&#8221;&#x4e;||divi||400&#8243; icon_placement=&#8221;left&#8221; image_icon_width=&#8221;14px&#8221; content_max_width=&#8221;100%&#8221; module_class=&#8221;kiana_icon_color&#8221; _builder_version=&#8221;4.27.4&#8243; _module_preset=&#8221;default&#8221; body_text_color=&#8221;#212121&#8243; body_line_height=&#8221;26px&#8221; custom_margin=&#8221;||20px||false|false&#8221; custom_css_main_element=&#8221;width:48%;&#8221; custom_css_blurb_image=&#8221;margin:0;||max-width:31px;||width:100%;||text-align:center;||height:31px;||line-height:31px;||border:1px solid var(&#8211;color1);||border-radius:50%;&#8221; custom_css_blurb_content=&#8221;display:flex;||align-items:center;||font-weight:400;&#8221; global_colors_info=&#8221;{}&#8221; custom_css_main_element_last_edited=&#8221;on|phone&#8221; custom_css_main_element_tablet=&#8221;width:48%;&#8221; custom_css_main_element_phone=&#8221;width:100%;&#8221; theme_builder_area=&#8221;post_content&#8221;]<\/p>\n<p>Kliendi rahulolu l\u00f5pptulemusega<\/p>\n<p>[\/et_pb_blurb][et_pb_text _builder_version=&#8221;4.27.4&#8243; _module_preset=&#8221;default&#8221; text_text_color=&#8221;#212121&#8243; text_line_height=&#8221;26px&#8221; custom_margin=&#8221;||19px||false|false&#8221; custom_css_main_element=&#8221;font-weight:400;||width:100%;&#8221; global_colors_info=&#8221;{}&#8221; theme_builder_area=&#8221;post_content&#8221;]<\/p>\n<p>Need viis asja &#8211; koos, tagavad meeldiva koost\u00f6\u00f6 m\u00f5lemale osapoolele.<\/p>\n<p>Meie eesm\u00e4rk on pakkuda klientidele nauditav kogemus igas projekti etapis. Alates esimesest telefonik\u00f5nest kuni t\u00f6\u00f6 l\u00f5petamiseni. Selle tagab kvaliteetne klienditeenindus, mida pakuvad oma ala spetsialistid kes on antud valdkonnaga kursis ja pikaajalise kogemusega paigaldajate meeskond kes teeb professionaalset t\u00f6\u00f6d.<\/p>\n<p>[\/et_pb_text][\/et_pb_column][\/et_pb_row][\/et_pb_section][et_pb_section fb_built=&#8221;1&#8243; custom_padding_last_edited=&#8221;on|phone&#8221; _builder_version=&#8221;4.21.0&#8243; _module_preset=&#8221;default&#8221; custom_padding=&#8221;0px||0px||true|false&#8221; custom_padding_tablet=&#8221;80px||80px||true|false&#8221; custom_padding_phone=&#8221;60px||60px||true|false&#8221; global_colors_info=&#8221;{}&#8221; theme_builder_area=&#8221;post_content&#8221;][et_pb_row column_structure=&#8221;1_4,1_4,1_4,1_4&#8243; use_custom_gutter=&#8221;on&#8221; gutter_width=&#8221;4&#8243; _builder_version=&#8221;4.27.4&#8243; _module_preset=&#8221;default&#8221; custom_padding=&#8221;||60px|||&#8221; global_colors_info=&#8221;{}&#8221; theme_builder_area=&#8221;post_content&#8221;][et_pb_column type=&#8221;1_4&#8243; _builder_version=&#8221;4.27.4&#8243; _module_preset=&#8221;default&#8221; global_colors_info=&#8221;{}&#8221; theme_builder_area=&#8221;post_content&#8221;][\/et_pb_column][et_pb_column type=&#8221;1_4&#8243; _builder_version=&#8221;4.27.4&#8243; _module_preset=&#8221;default&#8221; global_colors_info=&#8221;{}&#8221; theme_builder_area=&#8221;post_content&#8221;][\/et_pb_column][et_pb_column type=&#8221;1_4&#8243; _builder_version=&#8221;4.27.4&#8243; _module_preset=&#8221;default&#8221; global_colors_info=&#8221;{}&#8221; theme_builder_area=&#8221;post_content&#8221;][et_pb_team_member name=&#8221;Jaanus Prantsen&#8221; position=&#8221;Tegevjuht&#8221; image_url=&#8221;https:\/\/peruks.ee\/wp-content\/uploads\/2014\/10\/Jaanus-1.png&#8221; icon_color=&#8221;#FFFFFF&#8221; use_icon_font_size=&#8221;on&#8221; icon_font_size=&#8221;14px&#8221; module_class=&#8221;kiana_team&#8221; _builder_version=&#8221;4.27.4&#8243; _module_preset=&#8221;default&#8221; header_font=&#8221;|700|||||||&#8221; header_text_color=&#8221;#212121&#8243; header_font_size=&#8221;24px&#8221; header_line_height=&#8221;30px&#8221; position_text_color=&#8221;#212121&#8243; position_line_height=&#8221;21px&#8221; text_orientation=&#8221;center&#8221; hover_enabled=&#8221;0&#8243; custom_css_member_image=&#8221;margin:auto;||position:relative;||transition:all .5s ease;||    width: 100%;||    max-width: 100%;||overflow: inherit;&#8221; custom_css_member_description=&#8221;margin:30px 0 0;&#8221; custom_css_title=&#8221;padding:0 0 9px;&#8221; custom_css_member_position=&#8221;padding:0;||&#8221; custom_css_member_social_links=&#8221;margin:0;||display:flex;||align-items:center;||top:50%;||transform:translateY(-50%);||position:absolute;||left:10px;||right:10px;||justify-content:center;||transition:all .5s ease;||gap:10px;||flex-wrap:wrap;&#8221; border_radii_image=&#8221;on|200px|200px|200px|200px&#8221; global_colors_info=&#8221;{}&#8221; custom_css_main_element_last_edited=&#8221;on|phone&#8221; custom_css_main_element_phone=&#8221;max-width:500px;||margin:auto;&#8221; theme_builder_area=&#8221;post_content&#8221; sticky_enabled=&#8221;0&#8243;]<\/p>\n<div style=\"padding-top: 14px;\">\n<p>Mob: (+372) 5194 1909<\/p>\n<p><span>E-mail: info@peruks.ee<\/span><\/p>\n<\/div>\n<p>[\/et_pb_team_member][\/et_pb_column][et_pb_column type=&#8221;1_4&#8243; _builder_version=&#8221;4.27.4&#8243; _module_preset=&#8221;default&#8221; global_colors_info=&#8221;{}&#8221; theme_builder_area=&#8221;post_content&#8221;][et_pb_team_member name=&#8221;Virgo Kees&#8221; position=&#8221;Objektijuht&#8221; image_url=&#8221;https:\/\/peruks.ee\/wp-content\/uploads\/2014\/10\/Virgo-1.png&#8221; icon_color=&#8221;#FFFFFF&#8221; use_icon_font_size=&#8221;on&#8221; icon_font_size=&#8221;14px&#8221; module_class=&#8221;kiana_team&#8221; _builder_version=&#8221;4.27.4&#8243; _module_preset=&#8221;default&#8221; header_font=&#8221;|700|||||||&#8221; header_text_color=&#8221;#212121&#8243; header_font_size=&#8221;24px&#8221; header_line_height=&#8221;30px&#8221; position_text_color=&#8221;#212121&#8243; position_line_height=&#8221;21px&#8221; text_orientation=&#8221;center&#8221; custom_css_member_image=&#8221;margin:auto;||position:relative;||transition:all .5s ease;||    width: 100%;||    max-width: 100%;||overflow: inherit;&#8221; custom_css_member_description=&#8221;margin:30px 0 0;&#8221; custom_css_title=&#8221;padding:0 0 9px;&#8221; custom_css_member_position=&#8221;padding:0;||&#8221; custom_css_member_social_links=&#8221;margin:0;||display:flex;||align-items:center;||top:50%;||transform:translateY(-50%);||position:absolute;||left:10px;||right:10px;||justify-content:center;||transition:all .5s ease;||gap:10px;||flex-wrap:wrap;&#8221; border_radii_image=&#8221;on|200px|200px|200px|200px&#8221; global_colors_info=&#8221;{}&#8221; custom_css_main_element_last_edited=&#8221;on|phone&#8221; custom_css_main_element_phone=&#8221;max-width:500px;||margin:auto;&#8221; theme_builder_area=&#8221;post_content&#8221;]<\/p>\n<div style=\"padding-top: 14px;\">\n<p>Mob: (+372) 5630 0970<\/p>\n<p><span>E-mail: info@peruks.ee<\/span><\/p>\n<\/div>\n<p>[\/et_pb_team_member][\/et_pb_column][\/et_pb_row][\/et_pb_section]<\/p>\n","protected":false},"excerpt":{"rendered":"<p>Oleme j\u00f5udnud j\u00e4reldusele, et edu toob asjade lihtsana hoidmine ning oma lubadustest kinnipidamineLihtne retsept, mis on meile taganud pideva t\u00f6\u00f6 juba \u00fcle 18 aasta on:Reageerime kiirestiT\u00f6\u00f6tame tempokaltOleme ausadPeame kinni t\u00e4htaegadestKliendi rahulolu l\u00f5pptulemusegaNeed viis asja &#8211; koos, tagavad meeldiva koost\u00f6\u00f6 m\u00f5lemale osapoolele. Meie eesm\u00e4rk on pakkuda klientidele nauditav kogemus igas projekti etapis. Alates esimesest telefonik\u00f5nest kuni [&hellip;]<\/p>\n","protected":false},"author":1,"featured_media":0,"parent":0,"menu_order":0,"comment_status":"closed","ping_status":"closed","template":"","meta":{"_et_pb_use_builder":"on","_et_pb_old_content":"<div id=\"pl-171\"  class=\"panel-layout\" ><div id=\"pg-171-0\"  class=\"panel-grid panel-no-style\"  data-style=\"{&quot;background_display&quot;:&quot;tile&quot;,&quot;full_height&quot;:&quot;&quot;}\" ><div id=\"pgc-171-0-0\"  class=\"panel-grid-cell\"  data-weight=\"0.500366837858\" ><div id=\"panel-171-0-0-0\" class=\"so-panel widget widget_black-studio-tinymce widget_black_studio_tinymce panel-first-child panel-last-child\" data-index=\"0\" data-style=\"{&quot;background_display&quot;:&quot;tile&quot;}\" ><div class=\"textwidget\"><div class=\"textwidget\"><p>Peruks Grupp O\u00dc on spetsialiseerunud kvaliteetsete aedade ja v\u00e4ravate professionaalsele paigaldamisele.<\/p><p>Oleme j\u00f5udnud j\u00e4reldusele, et edu toob asjade lihtsana hoidmine ning oma lubadustest kinnipidamine. Lihtne retsept, mis on meile taganud pideva t\u00f6\u00f6 juba \u00fcle 10 aasta on:<\/p><ul><li>Reageerime kiiresti<\/li><li>T\u00f6\u00f6tame tempokalt<\/li><li>Oleme ausad<\/li><li>Peame kinni t\u00e4htaegadest<\/li><li>Kliendi rahulolu l\u00f5pptulemusega<\/li><\/ul><p>Need viis asja - koos, tagavad meeldiva koost\u00f6\u00f6 m\u00f5lemale osapoolele.<\/p><p>Meie eesm\u00e4rk on pakkuda klientidele nauditav kogemus igas projekti etapis. Alates esimesest telefonik\u00f5nest kuni t\u00f6\u00f6 l\u00f5petamiseni. Selle tagab kvaliteetne klienditeenindus, mida pakuvad oma ala spetsialistid kes on antud valdkonnaga kursis ja pikaajalise kogemusega paigaldajate meeskond kes teeb professionaalset t\u00f6\u00f6d.<\/p><\/div><\/div><\/div><\/div><div id=\"pgc-171-0-1\"  class=\"panel-grid-cell\"  data-weight=\"0.499633162142\" ><div id=\"panel-171-0-1-0\" class=\"so-panel widget widget_black-studio-tinymce widget_black_studio_tinymce panel-first-child panel-last-child\" data-index=\"1\" data-style=\"{&quot;background_display&quot;:&quot;tile&quot;}\" ><div class=\"textwidget\"><p><a href=\"http:\/\/peruks.ee\/wp-content\/uploads\/2014\/10\/Peruks-Grupp.jpg\" rel=\"attachment wp-att-2221\"><img class=\"alignnone size-full wp-image-2221\" src=\"http:\/\/peruks.ee\/wp-content\/uploads\/2014\/10\/Peruks-Grupp.jpg\" alt=\"Peruks-Grupp\" width=\"500\" height=\"390\" \/><\/a><\/p><\/div><\/div><\/div><\/div><div id=\"pg-171-1\"  class=\"panel-grid panel-no-style\" ><div id=\"pgc-171-1-0\"  class=\"panel-grid-cell\"  data-weight=\"0.25\" ><div id=\"panel-171-1-0-0\" class=\"so-panel widget widget_black-studio-tinymce widget_black_studio_tinymce panel-first-child panel-last-child\" data-index=\"2\" data-style=\"{&quot;background_image_attachment&quot;:false,&quot;background_display&quot;:&quot;tile&quot;}\" ><div class=\"textwidget\"><h4><img class=\"aligncenter wp-image-2351 size-thumbnail\" src=\"http:\/\/peruks.ee\/wp-content\/uploads\/2014\/10\/Jaanus-1-150x150.png\" alt=\"Jaanus\" width=\"150\" height=\"150\" \/><\/h4><h5 style=\"text-align: center;\">Jaanus Prantsen<\/h5><p style=\"text-align: center;\"><em>Tegevjuht<\/em><\/p><p style=\"text-align: center;\">Mob: (+372) 5194 1909<\/p><p style=\"text-align: center;\">E-mail: info@peruks.ee<\/p><\/div><\/div><\/div><div id=\"pgc-171-1-1\"  class=\"panel-grid-cell\"  data-weight=\"0.25\" ><div id=\"panel-171-1-1-0\" class=\"so-panel widget widget_black-studio-tinymce widget_black_studio_tinymce panel-first-child panel-last-child\" data-index=\"3\" data-style=\"{&quot;background_image_attachment&quot;:false,&quot;background_display&quot;:&quot;tile&quot;}\" ><div class=\"textwidget\"><h4><img class=\"aligncenter wp-image-2353 size-thumbnail\" src=\"http:\/\/peruks.ee\/wp-content\/uploads\/2014\/10\/Virgo-1-150x150.png\" alt=\"Virgo\" width=\"150\" height=\"150\" \/><\/h4><h5 style=\"text-align: center;\">Virgo Kees<\/h5><p style=\"text-align: center;\"><em>Objektijuht<\/em><\/p><p style=\"text-align: center;\">Mob: (+372) 5630 0970<br \/>E-mail: info@peruks.ee<\/p><p>\u00a0<\/p><\/div><\/div><\/div><div id=\"pgc-171-1-2\"  class=\"panel-grid-cell panel-grid-cell-empty panel-grid-cell-mobile-last\"  data-weight=\"0.25\" ><\/div><div id=\"pgc-171-1-3\"  class=\"panel-grid-cell panel-grid-cell-empty\"  data-weight=\"0.25\" ><\/div><\/div><\/div>","_et_gb_content_width":"","footnotes":""},"class_list":["post-171","page","type-page","status-publish","hentry"],"_links":{"self":[{"href":"https:\/\/peruks.ee\/fi\/wp-json\/wp\/v2\/pages\/171","targetHints":{"allow":["GET"]}}],"collection":[{"href":"https:\/\/peruks.ee\/fi\/wp-json\/wp\/v2\/pages"}],"about":[{"href":"https:\/\/peruks.ee\/fi\/wp-json\/wp\/v2\/types\/page"}],"author":[{"embeddable":true,"href":"https:\/\/peruks.ee\/fi\/wp-json\/wp\/v2\/users\/1"}],"replies":[{"embeddable":true,"href":"https:\/\/peruks.ee\/fi\/wp-json\/wp\/v2\/comments?post=171"}],"version-history":[{"count":22,"href":"https:\/\/peruks.ee\/fi\/wp-json\/wp\/v2\/pages\/171\/revisions"}],"predecessor-version":[{"id":5511,"href":"https:\/\/peruks.ee\/fi\/wp-json\/wp\/v2\/pages\/171\/revisions\/5511"}],"wp:attachment":[{"href":"https:\/\/peruks.ee\/fi\/wp-json\/wp\/v2\/media?parent=171"}],"curies":[{"name":"wp","href":"https:\/\/api.w.org\/{rel}","templated":true}]}}