{"id":2371,"date":"2016-05-26T09:30:00","date_gmt":"2016-05-26T09:30:00","guid":{"rendered":"http:\/\/peruks.ee\/?page_id=2371"},"modified":"2016-05-26T11:56:47","modified_gmt":"2016-05-26T11:56:47","slug":"aidat","status":"publish","type":"page","link":"https:\/\/peruks.ee\/fi\/palvelut\/aidat\/","title":{"rendered":"AIDAT"},"content":{"rendered":"<h2 class=\"alternative-heading\"><strong>Aidat<\/strong><\/h2>\n<p>Pitk\u00e4aikainen kokemuksemme aitojen valmistamisesta ja pystytt\u00e4misest\u00e4 auttaa meit\u00e4 l\u00f6yt\u00e4m\u00e4\u00e4n ja toteuttamaan Sinulle sopivan ratkaisun.<br \/>\nAlla on lueteltu yleisimm\u00e4t aitatyypit sek\u00e4 niiden hyv\u00e4t ja huonot puolet \u2013 tutustu tarpeitasi vastaaviin ratkaisuvaihtoehtoihin.<\/p>\n<h2 class=\"alternative-heading\"><strong>Puuaidat<\/strong><\/h2>\n<p>Puuaidat jaetaan tavallisesti kahteen ryhm\u00e4\u00e4n: pystylauta- ja vaakalauta-aitoihin.<br \/>\nPystylauta-aita on klassinen vaihtoehto, joka sopii useimpiin taloihin. Aidan p\u00e4\u00e4lle tuleva katelauta pident\u00e4\u00e4 aidan ik\u00e4\u00e4.<br \/>\nVaakalauta-aita tarjoaa enemm\u00e4n yksityisyytt\u00e4 ja vaimentaa paremmin melua, koska siin\u00e4 voidaan k\u00e4ytt\u00e4\u00e4 kaksipuolista laudoitusta. Materiaalina voidaan k\u00e4ytt\u00e4\u00e4 tavallista, kyll\u00e4stetty\u00e4 tai maalattua puuta. Tolpiksi voi valita metalli- tai kivitolpat.<\/p>\n<h2 class=\"alternative-heading\"><strong>Verkkoaidat<\/strong><\/h2>\n<p>Tarjolla on erilaisia vaihtoehtoja:<\/p>\n<ul>\n<li>Punottu verkko<\/li>\n<li>Hitsattu verkko<\/li>\n<li>Verkkoelementit<\/li>\n<li>El\u00e4inverkko<\/li>\n<li>H\u00e4kkiverkko<\/li>\n<\/ul>\n<p>Verkkoaidat valmistetaan tavallisesti metallilangasta ja ovat valmistustavasta riippuen joko hitsattua tai punottua verkkoa. Tarjolla on sek\u00e4 kuumasinkitty\u00e4 ett\u00e4 PVC-p\u00e4\u00e4llysteist\u00e4 verkkoa.<br \/>\nVerkkoaidan etuna on nopea asennus, edullinen hinta ja s\u00e4\u00e4nkest\u00e4vyys. Huonoja puolia ovat meluneston puuttuminen, pienempi kuormankest\u00e4vyys ja yksityisyyden puute.<\/p>\n<p><strong>Punotun verkkoaidan<\/strong> pystytt\u00e4misess\u00e4 k\u00e4ytet\u00e4\u00e4n tolppien kylkiin kiinnitett\u00e4v\u00e4\u00e4 pingotuslankaa (m\u00e4\u00e4r\u00e4 riippuu aidan korkeudesta).<\/p>\n<p><strong>Hitsatun verkkoaidan<\/strong> pystytt\u00e4miseen k\u00e4ytet\u00e4\u00e4n erityisin pihdein asennettavia kiinnikkeit\u00e4 (m\u00e4\u00e4r\u00e4 riippuu aidan korkeudesta).<\/p>\n<p><strong>Verkkoelementtiaidan<\/strong> pystytt\u00e4minen k\u00e4y nopeasti, koska k\u00e4ytet\u00e4\u00e4n valmiita elementtej\u00e4. Elementit kiinnitet\u00e4\u00e4n erityisiin, niiden kanssa yhteensopiviin, tolppiin. Verkkoelementtien etuna on suurempi kuormankest\u00e4vyys, ne suojaavat paremmin vandalismilta, mutta ovat tavallista verkkoaitaa kalliimpia.<\/p>\n<p><strong>El\u00e4inverkon<\/strong> pystytt\u00e4miseen voidaan k\u00e4ytt\u00e4\u00e4 sek\u00e4 metalli- ett\u00e4 puutolppia. Verkko auttaa pit\u00e4m\u00e4\u00e4n el\u00e4imet niille m\u00e4\u00e4r\u00e4tyll\u00e4 alueella.<\/p>\n<p><strong>H\u00e4kkiverkkoa<\/strong> k\u00e4ytet\u00e4\u00e4n pienel\u00e4inten h\u00e4kkien rakentamiseen.<\/p>\n<h2 class=\"alternative-heading\"><strong>Metalliaidat<\/strong><\/h2>\n<p>Metalliaidat ovat laadukkaita, kest\u00e4vi\u00e4 ja tyylikk\u00e4it\u00e4. Erilaisten muotoilumahdollisuuksien ansiosta ne sopivat rakennukseen kuin rakennukseen. Lis\u00e4ksi niit\u00e4 voi koristaa erilaisin taoksin, jotka tuovat aidalle omaper\u00e4isyytt\u00e4.<br \/>\nK\u00e4ytt\u00e4m\u00e4mme metalliaidat on kuumasinkitty ja pulverimaalattu (v\u00e4ri asiakkaan toiveen mukaan).<\/p>\n<h2 class=\"alternative-heading\"><strong>Sokkeli<\/strong><\/h2>\n<p>Sokkelina k\u00e4ytet\u00e4\u00e4n p\u00e4\u00e4asiassa joko nauhaperustusta tai valmiita betonielementtej\u00e4.<br \/>\nSokkeli pident\u00e4\u00e4 aidan ik\u00e4\u00e4, tekee siit\u00e4 edustavamman, helpottaa ruohonleikkuuta ja est\u00e4\u00e4 lemmikkiel\u00e4imi\u00e4 p\u00e4\u00e4sem\u00e4st\u00e4 aidan alitse.<\/p>\n<p>Tolpissa on erityiset kiinnikkeet betoniperustuksiin kiinnitt\u00e4mist\u00e4 varten, mik\u00e4 ansiosta asennus k\u00e4y nopeasti.<\/p>\n<p>&nbsp;<\/p>\n<p>OTA YHTEYTT\u00c4. YHDESS\u00c4 L\u00d6YD\u00c4MME SOPIVAN RATKAISUN. <a class=\"btn  btn-primary\" href=\"\/fi\/yhteystiedot\/\" target=\"_self\">PYYD\u00c4 HINTATARJOUS<\/a><\/p>\n<h3 class=\"widget-title\">TEHDYT TY\u00d6T<\/h3>\n<p><!-- CACHE FOUND FOR: 5 --><!-- ESSENTIAL GRID SKIN CSS --><!-- ESSENTIAL GRID END SKIN CSS -->&nbsp;<\/p>\n<p><!-- THE ESSENTIAL GRID 2.0.9.1 -->&nbsp;<\/p>\n<p><!-- GRID WRAPPER FOR CONTAINER SIZING - HERE YOU CAN SET THE CONTAINER SIZE AND CONTAINER SKIN --><\/p>\n<article id=\"esg-grid-5-1-wrap\" class=\"myportfolio-container minimal-light\"><!-- THE GRID ITSELF WITH FILTERS, PAGINATION, SORTING ETC... --> <!-- ############################ --> <!-- THE GRID ITSELF WITH ENTRIES --> <!-- ############################ --><\/p>\n<ul><!-- PORTFOLIO ITEM 9 --><\/p>\n<li class=\"filterall filter-fi filter-pll_5746dbe7af208 filter-aitat filter-portit eg-henryharrison-wrapper eg-post-id-2414\" data-title=\"alasniidun\"><!-- THE CONTAINER FOR THE MEDIA AND THE COVER EFFECTS --> <!-- THE MEDIA OF THE ENTRY --> <img decoding=\"async\" src=\"http:\/\/peruks.ee\/wp-content\/uploads\/2016\/02\/keevispaneel-piirdeaed.jpg\" alt=\"keevispaneel piirdeaed\" \/> <!-- THE CONTENT OF THE ENTRY --> <!-- THE COLORED OVERLAY --> ALASNIIDUN LASTENTARHA <i class=\"eg-icon-plus\"><\/i> <!-- END OF THE CONTENT IN THE ENTRY --> <!-- END OF THE CONTAINER FOR THE MEDIA AND COVER\/HOVER EFFECTS --><\/li>\n<p><!-- END OF PORTFOLIO ITEM --> <!-- PORTFOLIO ITEM 9 --><\/p>\n<li class=\"filterall filter-fi filter-pll_5746dc9ea932b filter-aitat filter-automatiikkaa filter-portit eg-henryharrison-wrapper eg-post-id-2416\" data-title=\"omakotital\"><!-- THE CONTAINER FOR THE MEDIA AND THE COVER EFFECTS --> <!-- THE MEDIA OF THE ENTRY --> <img decoding=\"async\" src=\"http:\/\/peruks.ee\/wp-content\/uploads\/2016\/02\/Horisontaalne-puitlaudis.jpg\" alt=\"Horisontaalne puitlaudis\" \/> <!-- THE CONTENT OF THE ENTRY --> <!-- THE COLORED OVERLAY --> OMAKOTITALO J\u00d5EL\u00c4HTMESS\u00c4 <i class=\"eg-icon-plus\"><\/i> <!-- END OF THE CONTENT IN THE ENTRY --> <!-- END OF THE CONTAINER FOR THE MEDIA AND COVER\/HOVER EFFECTS --><\/li>\n<p><!-- END OF PORTFOLIO ITEM --> <!-- PORTFOLIO ITEM 9 --><\/p>\n<li class=\"filterall filter-fi filter-pll_5746dfadbdb58 filter-aitat filter-automatiikkaa filter-portit eg-henryharrison-wrapper eg-post-id-2418\" data-title=\"omakotital\"><!-- THE CONTAINER FOR THE MEDIA AND THE COVER EFFECTS --> <!-- THE MEDIA OF THE ENTRY --> <img decoding=\"async\" src=\"http:\/\/peruks.ee\/wp-content\/uploads\/2016\/02\/Eramu-puitaed_1.jpg\" alt=\"Eramu puitaed\" \/> <!-- THE CONTENT OF THE ENTRY --> <!-- THE COLORED OVERLAY --> OMAKOTITALO LAGEDISSA <i class=\"eg-icon-plus\"><\/i> <!-- END OF THE CONTENT IN THE ENTRY --> <!-- END OF THE CONTAINER FOR THE MEDIA AND COVER\/HOVER EFFECTS --><\/li>\n<p><!-- END OF PORTFOLIO ITEM --> <!-- PORTFOLIO ITEM 9 --><\/p>\n<li class=\"filterall filter-fi filter-pll_5746e0129a268 filter-aitat filter-portit eg-henryharrison-wrapper eg-post-id-2420\" data-title=\"lasnamaen\"><!-- THE CONTAINER FOR THE MEDIA AND THE COVER EFFECTS --> <!-- THE MEDIA OF THE ENTRY --> <img decoding=\"async\" src=\"http:\/\/peruks.ee\/wp-content\/uploads\/2016\/02\/Lasnam\u00e4e-Pae-park_1.jpg\" alt=\"Piirdeaed koos jalgv\u00e4ravaga\" \/> <!-- THE CONTENT OF THE ENTRY --> <!-- THE COLORED OVERLAY --> LASNAM\u00c4EN PAE PUISTO <i class=\"eg-icon-plus\"><\/i> <!-- END OF THE CONTENT IN THE ENTRY --> <!-- END OF THE CONTAINER FOR THE MEDIA AND COVER\/HOVER EFFECTS --><\/li>\n<p><!-- END OF PORTFOLIO ITEM --> <!-- PORTFOLIO ITEM 9 --><\/p>\n<li class=\"filterall filter-fi filter-pll_5746e0582a6f6 filter-aitat filter-automatiikkaa filter-portit eg-henryharrison-wrapper eg-post-id-2422\" data-title=\"omakotital\"><!-- THE CONTAINER FOR THE MEDIA AND THE COVER EFFECTS --> <!-- THE MEDIA OF THE ENTRY --> <img decoding=\"async\" src=\"http:\/\/peruks.ee\/wp-content\/uploads\/2016\/02\/Tabasalu-eramu_1.jpg\" alt=\"Eramu piirdeaed automaatikaga\" \/> <!-- THE CONTENT OF THE ENTRY --> <!-- THE COLORED OVERLAY --> OMAKOTITALO TABASALUSSA <i class=\"eg-icon-plus\"><\/i> <!-- END OF THE CONTENT IN THE ENTRY --> <!-- END OF THE CONTAINER FOR THE MEDIA AND COVER\/HOVER EFFECTS --><\/li>\n<p><!-- END OF PORTFOLIO ITEM --> <!-- PORTFOLIO ITEM 9 --><\/p>\n<li class=\"filterall filter-fi filter-pll_5746e0b30aed7 filter-aitat filter-automatiikkaa filter-portit eg-henryharrison-wrapper eg-post-id-2424\" data-title=\"lasnamaen\"><!-- THE CONTAINER FOR THE MEDIA AND THE COVER EFFECTS --> <!-- THE MEDIA OF THE ENTRY --> <img decoding=\"async\" src=\"http:\/\/peruks.ee\/wp-content\/uploads\/2016\/02\/Lasnam\u00e4e-turg_1.jpg\" alt=\"Piirdeaia ehitamine\" \/> <!-- THE CONTENT OF THE ENTRY --> <!-- THE COLORED OVERLAY --> LASNAM\u00c4EN TORI <i class=\"eg-icon-plus\"><\/i> <!-- END OF THE CONTENT IN THE ENTRY --> <!-- END OF THE CONTAINER FOR THE MEDIA AND COVER\/HOVER EFFECTS --><\/li>\n<p><!-- END OF PORTFOLIO ITEM --> <!-- PORTFOLIO ITEM 9 --><\/p>\n<li class=\"filterall filter-fi filter-pll_5746e118e3748 filter-muuraustyot filter-perustus eg-henryharrison-wrapper eg-post-id-2426\" data-title=\"kivitalo-k\"><!-- THE CONTAINER FOR THE MEDIA AND THE COVER EFFECTS --> <!-- THE MEDIA OF THE ENTRY --> <img decoding=\"async\" src=\"http:\/\/peruks.ee\/wp-content\/uploads\/2016\/02\/kivimaja-kouvolas_1.jpg\" alt=\"kivimaja kouvolas\" \/> <!-- THE CONTENT OF THE ENTRY --> <!-- THE COLORED OVERLAY --> KIVITALO KOUVOLASSA <i class=\"eg-icon-plus\"><\/i> <!-- END OF THE CONTENT IN THE ENTRY --> <!-- END OF THE CONTAINER FOR THE MEDIA AND COVER\/HOVER EFFECTS --><\/li>\n<p><!-- END OF PORTFOLIO ITEM --> <!-- PORTFOLIO ITEM 9 --><\/p>\n<li class=\"filterall filter-fi filter-pll_5746e1a12fe2e filter-maalaustyot eg-henryharrison-wrapper eg-post-id-2428\" data-title=\"tuusala\"><!-- THE CONTAINER FOR THE MEDIA AND THE COVER EFFECTS --> <!-- THE MEDIA OF THE ENTRY --> <img decoding=\"async\" src=\"http:\/\/peruks.ee\/wp-content\/uploads\/2016\/02\/siseviimistlus-tuusala.jpg\" alt=\"siseviimistlus Tuusala\" \/> <!-- THE CONTENT OF THE ENTRY --> <!-- THE COLORED OVERLAY --> TUUSALA <i class=\"eg-icon-plus\"><\/i> <!-- END OF THE CONTENT IN THE ENTRY --> <!-- END OF THE CONTAINER FOR THE MEDIA AND COVER\/HOVER EFFECTS --><\/li>\n<p><!-- END OF PORTFOLIO ITEM --> <!-- PORTFOLIO ITEM 9 --><\/p>\n<li class=\"filterall filter-fi filter-pll_5746e211e52a3 filter-parvekkeet eg-henryharrison-wrapper eg-post-id-2430\" data-title=\"kerrostalo\"><!-- THE CONTAINER FOR THE MEDIA AND THE COVER EFFECTS --> <!-- THE MEDIA OF THE ENTRY --> <img decoding=\"async\" src=\"http:\/\/peruks.ee\/wp-content\/uploads\/2016\/02\/klooga-r\u00f5dud.jpg\" alt=\"\" \/> <!-- THE CONTENT OF THE ENTRY --> <!-- THE COLORED OVERLAY --> KERROSTALO KLOOGASSA <i class=\"eg-icon-plus\"><\/i> <!-- END OF THE CONTENT IN THE ENTRY --> <!-- END OF THE CONTAINER FOR THE MEDIA AND COVER\/HOVER EFFECTS --><\/li>\n<p><!-- END OF PORTFOLIO ITEM --> <!-- PORTFOLIO ITEM 9 --><\/p>\n<li class=\"filterall filter-fi filter-pll_5746e26b50128 filter-aitat filter-automatiikkaa filter-perustus filter-portit eg-henryharrison-wrapper eg-post-id-2433\" data-title=\"kerrostalo\"><!-- THE CONTAINER FOR THE MEDIA AND THE COVER EFFECTS --> <!-- THE MEDIA OF THE ENTRY --> <img decoding=\"async\" src=\"http:\/\/peruks.ee\/wp-content\/uploads\/2016\/02\/EHA-t\u00e4nav.jpg\" alt=\"\" \/> <!-- THE CONTENT OF THE ENTRY --> <!-- THE COLORED OVERLAY --> KERROSTALO EHA KADULLA <i class=\"eg-icon-plus\"><\/i> <!-- END OF THE CONTENT IN THE ENTRY --> <!-- END OF THE CONTAINER FOR THE MEDIA AND COVER\/HOVER EFFECTS --><\/li>\n<p><!-- END OF PORTFOLIO ITEM --> <!-- PORTFOLIO ITEM 9 --><\/p>\n<li class=\"filterall filter-fi filter-pll_5746e2c22a9fc filter-aitat filter-automatiikkaa filter-portit eg-henryharrison-wrapper eg-post-id-2436\" data-title=\"omakotital\"><!-- THE CONTAINER FOR THE MEDIA AND THE COVER EFFECTS --> <!-- THE MEDIA OF THE ENTRY --> <img decoding=\"async\" src=\"http:\/\/peruks.ee\/wp-content\/uploads\/2016\/02\/metallaed.jpg\" alt=\"\" \/> <!-- THE CONTENT OF THE ENTRY --> <!-- THE COLORED OVERLAY --> OMAKOTITALON METALLIAITA <i class=\"eg-icon-plus\"><\/i> <!-- END OF THE CONTENT IN THE ENTRY --> <!-- END OF THE CONTAINER FOR THE MEDIA AND COVER\/HOVER EFFECTS --><\/li>\n<p><!-- END OF PORTFOLIO ITEM --><\/ul>\n<p><!-- ############################ --> <!--      END OF THE GRID         --> <!-- ############################ --><\/p>\n<article class=\"esg-filters esg-singlefilters esg-navbutton-solo-left\" style=\"margin-left: 0px;\"><i class=\"eg-icon-left-open\"><\/i><\/article>\n<article class=\"esg-filters esg-singlefilters esg-navbutton-solo-right\" style=\"margin-right: 0px;\"><i class=\"eg-icon-right-open\"><\/i><\/article>\n<p><!-- END OF THE GRID --><\/article>\n<p><!-- END OF THE GRID WRAPPER --><script type=\"text\/javascript\">\/\/ <![CDATA[\nfunction eggbfc(winw,resultoption) {\nvar lasttop = winw,\nlastbottom = 0,\nsmallest =9999,\nlargest = 0,\nsamount = 0,\nlamoung = 0,\nlastamount = 0,\nresultid = 0,\nresultidb = 0,\nresponsiveEntries = [\n{ width:1400,amount:4},\n{ width:1170,amount:3},\n{ width:1024,amount:3},\n{ width:960,amount:3},\n{ width:778,amount:3},\n{ width:640,amount:3},\n{ width:480,amount:1}\n];\nif (responsiveEntries!=undefined &#038;&#038; responsiveEntries.length>0)\njQuery.each(responsiveEntries, function(index,obj) {\nvar curw = obj.width != undefined ? obj.width : 0,\ncura = obj.amount != undefined ? obj.amount : 0;\nif (smallest>curw) {\nsmallest = curw;\nsamount = cura;\nresultidb = index;\n}\nif (largest<curw) {\nlargest = curw;\nlamount = cura;\n}\nif (curw>lastbottom && curw<=lasttop) {\nlastbottom = curw;\nlastamount = cura;\nresultid = index;\n}\n})\nif (smallest>winw) {\nlastamount = samount;\nresultid = resultidb;\n}\nvar obj = new Object;\nobj.index = resultid;\nobj.column = lastamount;\nif (resultoption==\"id\")\nreturn obj;\nelse\nreturn lastamount;\n}\nif (\"even\"==\"even\") {\nvar coh=0,\ncontainer = jQuery(\"#esg-grid-5-1\");\nvar\tcwidth = container.width(),\nar = \"4:3\",\ngbfc = eggbfc(jQuery(window).width(),\"id\"),\nrow = 2;\nar = ar.split(\":\");\naratio=parseInt(ar[0],0) \/ parseInt(ar[1],0);\ncoh = cwidth \/ aratio;\ncoh = coh\/gbfc.column*row;\nvar ul = container.find(\"ul\").first();\nul.css({display:\"block\",height:coh+\"px\"});\n}\nvar essapi_5;\njQuery(document).ready(function() {\nessapi_5 = jQuery(\"#esg-grid-5-1\").tpessential({\ngridID:5,\nlayout:\"even\",\nforceFullWidth:\"off\",\nlazyLoad:\"off\",\nrow:2,\nloadMoreAjaxToken:\"a1ab08290f\",\nloadMoreAjaxUrl:\"http:\/\/peruks.ee\/wp-admin\/admin-ajax.php\",\nloadMoreAjaxAction:\"Essential_Grid_Front_request_ajax\",\najaxContentTarget:\"ess-grid-ajax-container-\",\najaxScrollToOffset:\"0\",\najaxCloseButton:\"off\",\najaxContentSliding:\"on\",\najaxScrollToOnLoad:\"on\",\najaxNavButton:\"off\",\najaxCloseType:\"type1\",\najaxCloseInner:\"false\",\najaxCloseStyle:\"light\",\najaxClosePosition:\"tr\",\nspace:10,\npageAnimation:\"fade\",\npaginationScrollToTop:\"off\",\nspinner:\"spinner0\",\nevenGridMasonrySkinPusher:\"off\",\nlightBoxMode:\"single\",\nanimSpeed:1000,\ndelayBasic:1,\nmainhoverdelay:1,\nfilterType:\"single\",\nshowDropFilter:\"hover\",\nfilterGroupClass:\"esg-fgc-5\",\ngoogleFonts:['Open+Sans:300,400,600,700,800','Raleway:100,200,300,400,500,600,700,800,900','Droid+Serif:400,700'],\naspectratio:\"4:3\",\nresponsiveEntries: [\n{ width:1400,amount:4},\n{ width:1170,amount:3},\n{ width:1024,amount:3},\n{ width:960,amount:3},\n{ width:778,amount:3},\n{ width:640,amount:3},\n{ width:480,amount:1}\n]\n});\n});\n\/\/ ]]><\/script><\/p>\n","protected":false},"excerpt":{"rendered":"<p>Yksi p\u00e4\u00e4toimialoistamme on aitojen ja aitausten valmistaminen ja pystytt\u00e4minen. Haluamme asiakkaidemme tuntevan olonsa mukavaksi ja nauttivan yksityisyydest\u00e4.<\/p>","protected":false},"author":1,"featured_media":2151,"parent":2384,"menu_order":0,"comment_status":"closed","ping_status":"open","template":"","meta":{"_et_pb_use_builder":"","_et_pb_old_content":"","_et_gb_content_width":"","footnotes":""},"class_list":["post-2371","page","type-page","status-publish","has-post-thumbnail","hentry"],"_links":{"self":[{"href":"https:\/\/peruks.ee\/fi\/wp-json\/wp\/v2\/pages\/2371","targetHints":{"allow":["GET"]}}],"collection":[{"href":"https:\/\/peruks.ee\/fi\/wp-json\/wp\/v2\/pages"}],"about":[{"href":"https:\/\/peruks.ee\/fi\/wp-json\/wp\/v2\/types\/page"}],"author":[{"embeddable":true,"href":"https:\/\/peruks.ee\/fi\/wp-json\/wp\/v2\/users\/1"}],"replies":[{"embeddable":true,"href":"https:\/\/peruks.ee\/fi\/wp-json\/wp\/v2\/comments?post=2371"}],"version-history":[{"count":5,"href":"https:\/\/peruks.ee\/fi\/wp-json\/wp\/v2\/pages\/2371\/revisions"}],"predecessor-version":[{"id":2440,"href":"https:\/\/peruks.ee\/fi\/wp-json\/wp\/v2\/pages\/2371\/revisions\/2440"}],"up":[{"embeddable":true,"href":"https:\/\/peruks.ee\/fi\/wp-json\/wp\/v2\/pages\/2384"}],"wp:featuredmedia":[{"embeddable":true,"href":"https:\/\/peruks.ee\/fi\/wp-json\/wp\/v2\/media\/2151"}],"wp:attachment":[{"href":"https:\/\/peruks.ee\/fi\/wp-json\/wp\/v2\/media?parent=2371"}],"curies":[{"name":"wp","href":"https:\/\/api.w.org\/{rel}","templated":true}]}}