{"id":2379,"date":"2016-05-26T09:55:10","date_gmt":"2016-05-26T09:55:10","guid":{"rendered":"http:\/\/peruks.ee\/?page_id=2379"},"modified":"2016-05-26T11:59:15","modified_gmt":"2016-05-26T11:59:15","slug":"portit","status":"publish","type":"page","link":"https:\/\/peruks.ee\/fi\/palvelut\/portit\/","title":{"rendered":"PORTIT"},"content":{"rendered":"<h2 class=\"alternative-heading\">Portit ja automatiikka<\/h2>\n<p>Portti on jatkuvassa k\u00e4yt\u00f6ss\u00e4, joten sen tulee olla toiminnaltaan luotettava, mukavak\u00e4ytt\u00f6inen ja hyv\u00e4nn\u00e4k\u00f6inen.<br \/>\nMeill\u00e4 on yli 10 vuoden kokemus aitojen rakennuksesta, asennuksesta ja huoltamisesta. Sen ansiosta osaamme suositella Sinun tarpeisiisi parhaiten sopivaa ratkaisua.<br \/>\nAlla on lueteltu yleisimm\u00e4t porttityypit sek\u00e4 niiden hyv\u00e4t ja huonot puolet.<\/p>\n<p>&nbsp;<\/p>\n<h2 class=\"alternative-heading\"><strong>Liukuportit<\/strong><\/h2>\n<p>Liukuportti s\u00e4\u00e4st\u00e4\u00e4 tilaa, koska sen aukaisemiseksi ei tarvita tilaa portin edess\u00e4 (tai takana).<br \/>\nLis\u00e4ksi liukuportin voi asentaa paikkoihin, joissa maan pinnan korkeuserot ovat lehtiporteille (saranaporteille) liian suuret.<br \/>\nK\u00e4ytt\u00e4miemme liukuporttien kehikot valmistetaan kuumasinkityst\u00e4 metallista ja asiakkaan halutessa p\u00e4\u00e4llystet\u00e4\u00e4n pulverimaalilla, mik\u00e4 pident\u00e4\u00e4 niiden k\u00e4ytt\u00f6ik\u00e4\u00e4.<br \/>\nKehikon t\u00e4ytteeksi voidaan valita puulaudoitus, metalliverkko, hitsattu elementti tai hitsattu pystypinna.<br \/>\nVahvan rakenteensa ansiosta ne kest\u00e4v\u00e4t hyvin tuulen aiheuttamaa rasitusta ja jopa kevyempi\u00e4 auton t\u00f6rm\u00e4yksi\u00e4. Niiden s\u00e4\u00e4nkest\u00e4vyys on hyv\u00e4. Lis\u00e4ksi porttiautomatiikan vahingoittumisalttius on niill\u00e4 pienempi.<\/p>\n<h2 class=\"alternative-heading\"><strong>Lehtiportit<\/strong><\/h2>\n<p>Lehtiportti on yleisimmin k\u00e4ytetty porttityyppi ja sopii hyvin yhteen erilaisten arkkitehtonisten ratkaisujen kanssa. Lis\u00e4ksi lehtiporttien etuna on edullisempi hinta.<br \/>\nK\u00e4ytt\u00e4miemme lehtiporttien kehikot valmistetaan kuumasinkityst\u00e4 metallista ja asiakkaan halutessa p\u00e4\u00e4llystet\u00e4\u00e4n pulverimaalilla, mink\u00e4 ansiosta niiden k\u00e4ytt\u00f6ik\u00e4 pitenee ja ne sopivat erilaisiin ymp\u00e4rist\u00f6ihin.<br \/>\nPorttilehden t\u00e4ytteeksi voidaan valita puulaudoitus, metalliverkko, hitsattu elementti tai hitsattu pystypinna.<br \/>\nLehtiportit varustetaan s\u00e4\u00e4dett\u00e4vin saranoin ja salvoin.<br \/>\nHuonoja puolia liukuporttiin verrattuna ovat pienempi tuulenkest\u00e4vyys ja se, ett\u00e4 portti tarvitsee tilaa auetakseen, talvella portin edusta tulee puhdistaa lumesta.<\/p>\n<p>&nbsp;<\/p>\n<h2 class=\"alternative-heading\"><strong>K\u00e4yntiportit<\/strong><\/h2>\n<p>K\u00e4yntiportit helpottavat jalankulkijoiden kulkua pihallesi.<br \/>\nK\u00e4yntiportit lis\u00e4\u00e4v\u00e4t pihalta poistuvien lasten turvallisuutta. Sis\u00e4\u00e4np\u00e4in aukeavan portin avaaminen vaatii pys\u00e4htym\u00e4\u00e4n hetkeksi, t\u00e4m\u00e4 est\u00e4\u00e4 lapsia rynt\u00e4\u00e4m\u00e4st\u00e4 kadulle.<br \/>\nK\u00e4ytt\u00e4miemme k\u00e4yntiporttien kehikot valmistetaan kuumasinkityst\u00e4 metallista ja asiakkaan halutessa p\u00e4\u00e4llystet\u00e4\u00e4n pulverimaalilla, mik\u00e4 pident\u00e4\u00e4 niiden k\u00e4ytt\u00f6ik\u00e4\u00e4.<br \/>\nKehikon t\u00e4ytteeksi voidaan valita puulaudoitus, metalliverkko, hitsattu elementti tai hitsattu pystypinna.<br \/>\nK\u00e4yntiportit varustetaan lukoin ja kahvoin.<\/p>\n<h2 class=\"alternative-heading\"><strong>Automatiikka<\/strong><\/h2>\n<p>Porttien k\u00e4ytt\u00f6mukavuuden takaamiseksi tarjoamme kaikille porttityypeille automatiikkaa.<br \/>\nK\u00e4yt\u00e4mme laadukasta ja kest\u00e4v\u00e4\u00e4 automatiikkaa, joka on osoittautunut luotettavaksi ankarissakin talvioloissa.<br \/>\nAutomatiikkaa s\u00e4\u00e4t\u00e4m\u00e4ll\u00e4 voidaan lehti- ja liukuportit saada toimimaan k\u00e4yntiportin tapaan. T\u00e4ll\u00f6in portti ei aukea kokonaan.<br \/>\nK\u00e4yntiportti voidaan varustaa s\u00e4hk\u00f6isell\u00e4 lukolla ja sis\u00e4\u00e4nrakennetulla puhelimella.<\/p>\n<p>&nbsp;<\/p>\n<p>OTA YHTEYTT\u00c4. YHDESS\u00c4 L\u00d6YD\u00c4MME SOPIVAN RATKAISUN. <a class=\"btn  btn-primary\" href=\"\/fi\/yhteystiedot\/\" target=\"_self\">PYYD\u00c4 HINTATARJOUS<\/a><\/p>\n<h3 class=\"widget-title\">TEHDYT TY\u00d6T<\/h3>\n<p><!-- CACHE FOUND FOR: 6 --><!-- ESSENTIAL GRID SKIN CSS --><!-- ESSENTIAL GRID END SKIN CSS -->&nbsp;<\/p>\n<p><!-- THE ESSENTIAL GRID 2.0.9.1 -->&nbsp;<\/p>\n<p><!-- GRID WRAPPER FOR CONTAINER SIZING - HERE YOU CAN SET THE CONTAINER SIZE AND CONTAINER SKIN --><\/p>\n<article id=\"esg-grid-6-1-wrap\" class=\"myportfolio-container minimal-light\"><!-- THE GRID ITSELF WITH FILTERS, PAGINATION, SORTING ETC... --> <!-- ############################ --> <!-- THE GRID ITSELF WITH ENTRIES --> <!-- ############################ --><\/p>\n<ul><!-- PORTFOLIO ITEM 9 --><\/p>\n<li class=\"filterall filter-fi filter-pll_5746dbe7af208 filter-aitat filter-portit eg-henryharrison-wrapper eg-post-id-2414\" data-title=\"alasniidun\"><!-- THE CONTAINER FOR THE MEDIA AND THE COVER EFFECTS --> <!-- THE MEDIA OF THE ENTRY --> <img decoding=\"async\" src=\"http:\/\/peruks.ee\/wp-content\/uploads\/2016\/02\/keevispaneel-piirdeaed.jpg\" alt=\"keevispaneel piirdeaed\" \/> <!-- THE CONTENT OF THE ENTRY --> <!-- THE COLORED OVERLAY --> ALASNIIDUN LASTENTARHA <i class=\"eg-icon-plus\"><\/i> <!-- END OF THE CONTENT IN THE ENTRY --> <!-- END OF THE CONTAINER FOR THE MEDIA AND COVER\/HOVER EFFECTS --><\/li>\n<p><!-- END OF PORTFOLIO ITEM --> <!-- PORTFOLIO ITEM 9 --><\/p>\n<li class=\"filterall filter-fi filter-pll_5746dc9ea932b filter-aitat filter-automatiikkaa filter-portit eg-henryharrison-wrapper eg-post-id-2416\" data-title=\"omakotital\"><!-- THE CONTAINER FOR THE MEDIA AND THE COVER EFFECTS --> <!-- THE MEDIA OF THE ENTRY --> <img decoding=\"async\" src=\"http:\/\/peruks.ee\/wp-content\/uploads\/2016\/02\/Horisontaalne-puitlaudis.jpg\" alt=\"Horisontaalne puitlaudis\" \/> <!-- THE CONTENT OF THE ENTRY --> <!-- THE COLORED OVERLAY --> OMAKOTITALO J\u00d5EL\u00c4HTMESS\u00c4 <i class=\"eg-icon-plus\"><\/i> <!-- END OF THE CONTENT IN THE ENTRY --> <!-- END OF THE CONTAINER FOR THE MEDIA AND COVER\/HOVER EFFECTS --><\/li>\n<p><!-- END OF PORTFOLIO ITEM --> <!-- PORTFOLIO ITEM 9 --><\/p>\n<li class=\"filterall filter-fi filter-pll_5746dfadbdb58 filter-aitat filter-automatiikkaa filter-portit eg-henryharrison-wrapper eg-post-id-2418\" data-title=\"omakotital\"><!-- THE CONTAINER FOR THE MEDIA AND THE COVER EFFECTS --> <!-- THE MEDIA OF THE ENTRY --> <img decoding=\"async\" src=\"http:\/\/peruks.ee\/wp-content\/uploads\/2016\/02\/Eramu-puitaed_1.jpg\" alt=\"Eramu puitaed\" \/> <!-- THE CONTENT OF THE ENTRY --> <!-- THE COLORED OVERLAY --> OMAKOTITALO LAGEDISSA <i class=\"eg-icon-plus\"><\/i> <!-- END OF THE CONTENT IN THE ENTRY --> <!-- END OF THE CONTAINER FOR THE MEDIA AND COVER\/HOVER EFFECTS --><\/li>\n<p><!-- END OF PORTFOLIO ITEM --> <!-- PORTFOLIO ITEM 9 --><\/p>\n<li class=\"filterall filter-fi filter-pll_5746e0129a268 filter-aitat filter-portit eg-henryharrison-wrapper eg-post-id-2420\" data-title=\"lasnamaen\"><!-- THE CONTAINER FOR THE MEDIA AND THE COVER EFFECTS --> <!-- THE MEDIA OF THE ENTRY --> <img decoding=\"async\" src=\"http:\/\/peruks.ee\/wp-content\/uploads\/2016\/02\/Lasnam\u00e4e-Pae-park_1.jpg\" alt=\"Piirdeaed koos jalgv\u00e4ravaga\" \/> <!-- THE CONTENT OF THE ENTRY --> <!-- THE COLORED OVERLAY --> LASNAM\u00c4EN PAE PUISTO <i class=\"eg-icon-plus\"><\/i> <!-- END OF THE CONTENT IN THE ENTRY --> <!-- END OF THE CONTAINER FOR THE MEDIA AND COVER\/HOVER EFFECTS --><\/li>\n<p><!-- END OF PORTFOLIO ITEM --> <!-- PORTFOLIO ITEM 9 --><\/p>\n<li class=\"filterall filter-fi filter-pll_5746e0582a6f6 filter-aitat filter-automatiikkaa filter-portit eg-henryharrison-wrapper eg-post-id-2422\" data-title=\"omakotital\"><!-- THE CONTAINER FOR THE MEDIA AND THE COVER EFFECTS --> <!-- THE MEDIA OF THE ENTRY --> <img decoding=\"async\" src=\"http:\/\/peruks.ee\/wp-content\/uploads\/2016\/02\/Tabasalu-eramu_1.jpg\" alt=\"Eramu piirdeaed automaatikaga\" \/> <!-- THE CONTENT OF THE ENTRY --> <!-- THE COLORED OVERLAY --> OMAKOTITALO TABASALUSSA <i class=\"eg-icon-plus\"><\/i> <!-- END OF THE CONTENT IN THE ENTRY --> <!-- END OF THE CONTAINER FOR THE MEDIA AND COVER\/HOVER EFFECTS --><\/li>\n<p><!-- END OF PORTFOLIO ITEM --> <!-- PORTFOLIO ITEM 9 --><\/p>\n<li class=\"filterall filter-fi filter-pll_5746e0b30aed7 filter-aitat filter-automatiikkaa filter-portit eg-henryharrison-wrapper eg-post-id-2424\" data-title=\"lasnamaen\"><!-- THE CONTAINER FOR THE MEDIA AND THE COVER EFFECTS --> <!-- THE MEDIA OF THE ENTRY --> <img decoding=\"async\" src=\"http:\/\/peruks.ee\/wp-content\/uploads\/2016\/02\/Lasnam\u00e4e-turg_1.jpg\" alt=\"Piirdeaia ehitamine\" \/> <!-- THE CONTENT OF THE ENTRY --> <!-- THE COLORED OVERLAY --> LASNAM\u00c4EN TORI <i class=\"eg-icon-plus\"><\/i> <!-- END OF THE CONTENT IN THE ENTRY --> <!-- END OF THE CONTAINER FOR THE MEDIA AND COVER\/HOVER EFFECTS --><\/li>\n<p><!-- END OF PORTFOLIO ITEM --> <!-- PORTFOLIO ITEM 9 --><\/p>\n<li class=\"filterall filter-fi filter-pll_5746e26b50128 filter-aitat filter-automatiikkaa filter-perustus filter-portit eg-henryharrison-wrapper eg-post-id-2433\" data-title=\"kerrostalo\"><!-- THE CONTAINER FOR THE MEDIA AND THE COVER EFFECTS --> <!-- THE MEDIA OF THE ENTRY --> <img decoding=\"async\" src=\"http:\/\/peruks.ee\/wp-content\/uploads\/2016\/02\/EHA-t\u00e4nav.jpg\" alt=\"\" \/> <!-- THE CONTENT OF THE ENTRY --> <!-- THE COLORED OVERLAY --> KERROSTALO EHA KADULLA <i class=\"eg-icon-plus\"><\/i> <!-- END OF THE CONTENT IN THE ENTRY --> <!-- END OF THE CONTAINER FOR THE MEDIA AND COVER\/HOVER EFFECTS --><\/li>\n<p><!-- END OF PORTFOLIO ITEM --> <!-- PORTFOLIO ITEM 9 --><\/p>\n<li class=\"filterall filter-fi filter-pll_5746e2c22a9fc filter-aitat filter-automatiikkaa filter-portit eg-henryharrison-wrapper eg-post-id-2436\" data-title=\"omakotital\"><!-- THE CONTAINER FOR THE MEDIA AND THE COVER EFFECTS --> <!-- THE MEDIA OF THE ENTRY --> <img decoding=\"async\" src=\"http:\/\/peruks.ee\/wp-content\/uploads\/2016\/02\/metallaed.jpg\" alt=\"\" \/> <!-- THE CONTENT OF THE ENTRY --> <!-- THE COLORED OVERLAY --> OMAKOTITALON METALLIAITA <i class=\"eg-icon-plus\"><\/i> <!-- END OF THE CONTENT IN THE ENTRY --> <!-- END OF THE CONTAINER FOR THE MEDIA AND COVER\/HOVER EFFECTS --><\/li>\n<p><!-- END OF PORTFOLIO ITEM --><\/ul>\n<p><!-- ############################ --> <!--      END OF THE GRID         --> <!-- ############################ --><\/p>\n<article class=\"esg-filters esg-singlefilters esg-navbutton-solo-left\" style=\"margin-left: 0px;\"><i class=\"eg-icon-left-open\"><\/i><\/article>\n<article class=\"esg-filters esg-singlefilters esg-navbutton-solo-right\" style=\"margin-right: 0px;\"><i class=\"eg-icon-right-open\"><\/i><\/article>\n<p><!-- END OF THE GRID --><\/article>\n<p><!-- END OF THE GRID WRAPPER --><script type=\"text\/javascript\">\/\/ <![CDATA[\nfunction eggbfc(winw,resultoption) {\nvar lasttop = winw,\nlastbottom = 0,\nsmallest =9999,\nlargest = 0,\nsamount = 0,\nlamoung = 0,\nlastamount = 0,\nresultid = 0,\nresultidb = 0,\nresponsiveEntries = [\n{ width:1400,amount:4},\n{ width:1170,amount:3},\n{ width:1024,amount:3},\n{ width:960,amount:3},\n{ width:778,amount:3},\n{ width:640,amount:3},\n{ width:480,amount:1}\n];\nif (responsiveEntries!=undefined &#038;&#038; responsiveEntries.length>0)\njQuery.each(responsiveEntries, function(index,obj) {\nvar curw = obj.width != undefined ? obj.width : 0,\ncura = obj.amount != undefined ? obj.amount : 0;\nif (smallest>curw) {\nsmallest = curw;\nsamount = cura;\nresultidb = index;\n}\nif (largest<curw) {\nlargest = curw;\nlamount = cura;\n}\nif (curw>lastbottom && curw<=lasttop) {\nlastbottom = curw;\nlastamount = cura;\nresultid = index;\n}\n})\nif (smallest>winw) {\nlastamount = samount;\nresultid = resultidb;\n}\nvar obj = new Object;\nobj.index = resultid;\nobj.column = lastamount;\nif (resultoption==\"id\")\nreturn obj;\nelse\nreturn lastamount;\n}\nif (\"even\"==\"even\") {\nvar coh=0,\ncontainer = jQuery(\"#esg-grid-6-1\");\nvar\tcwidth = container.width(),\nar = \"4:3\",\ngbfc = eggbfc(jQuery(window).width(),\"id\"),\nrow = 2;\nar = ar.split(\":\");\naratio=parseInt(ar[0],0) \/ parseInt(ar[1],0);\ncoh = cwidth \/ aratio;\ncoh = coh\/gbfc.column*row;\nvar ul = container.find(\"ul\").first();\nul.css({display:\"block\",height:coh+\"px\"});\n}\nvar essapi_6;\njQuery(document).ready(function() {\nessapi_6 = jQuery(\"#esg-grid-6-1\").tpessential({\ngridID:6,\nlayout:\"even\",\nforceFullWidth:\"off\",\nlazyLoad:\"off\",\nrow:2,\nloadMoreAjaxToken:\"a1ab08290f\",\nloadMoreAjaxUrl:\"http:\/\/peruks.ee\/wp-admin\/admin-ajax.php\",\nloadMoreAjaxAction:\"Essential_Grid_Front_request_ajax\",\najaxContentTarget:\"ess-grid-ajax-container-\",\najaxScrollToOffset:\"0\",\najaxCloseButton:\"off\",\najaxContentSliding:\"on\",\najaxScrollToOnLoad:\"on\",\najaxNavButton:\"off\",\najaxCloseType:\"type1\",\najaxCloseInner:\"false\",\najaxCloseStyle:\"light\",\najaxClosePosition:\"tr\",\nspace:10,\npageAnimation:\"fade\",\npaginationScrollToTop:\"off\",\nspinner:\"spinner0\",\nevenGridMasonrySkinPusher:\"off\",\nlightBoxMode:\"single\",\nanimSpeed:1000,\ndelayBasic:1,\nmainhoverdelay:1,\nfilterType:\"single\",\nshowDropFilter:\"hover\",\nfilterGroupClass:\"esg-fgc-6\",\ngoogleFonts:['Open+Sans:300,400,600,700,800','Raleway:100,200,300,400,500,600,700,800,900','Droid+Serif:400,700'],\naspectratio:\"4:3\",\nresponsiveEntries: [\n{ width:1400,amount:4},\n{ width:1170,amount:3},\n{ width:1024,amount:3},\n{ width:960,amount:3},\n{ width:778,amount:3},\n{ width:640,amount:3},\n{ width:480,amount:1}\n]\n});\n});\n\/\/ ]]><\/script><\/p>\n","protected":false},"excerpt":{"rendered":"<p>Portti on kotisi \u201dk\u00e4yntikortti\u201d, jota k\u00e4ytet\u00e4\u00e4n p\u00e4ivitt\u00e4in. Siksi sen tulee olla tyylik\u00e4s ja ennen kaikkea toimia moitteettomasti.<\/p>","protected":false},"author":1,"featured_media":2153,"parent":2384,"menu_order":0,"comment_status":"closed","ping_status":"open","template":"","meta":{"_et_pb_use_builder":"","_et_pb_old_content":"","_et_gb_content_width":"","footnotes":""},"class_list":["post-2379","page","type-page","status-publish","has-post-thumbnail","hentry"],"_links":{"self":[{"href":"https:\/\/peruks.ee\/fi\/wp-json\/wp\/v2\/pages\/2379","targetHints":{"allow":["GET"]}}],"collection":[{"href":"https:\/\/peruks.ee\/fi\/wp-json\/wp\/v2\/pages"}],"about":[{"href":"https:\/\/peruks.ee\/fi\/wp-json\/wp\/v2\/types\/page"}],"author":[{"embeddable":true,"href":"https:\/\/peruks.ee\/fi\/wp-json\/wp\/v2\/users\/1"}],"replies":[{"embeddable":true,"href":"https:\/\/peruks.ee\/fi\/wp-json\/wp\/v2\/comments?post=2379"}],"version-history":[{"count":3,"href":"https:\/\/peruks.ee\/fi\/wp-json\/wp\/v2\/pages\/2379\/revisions"}],"predecessor-version":[{"id":2441,"href":"https:\/\/peruks.ee\/fi\/wp-json\/wp\/v2\/pages\/2379\/revisions\/2441"}],"up":[{"embeddable":true,"href":"https:\/\/peruks.ee\/fi\/wp-json\/wp\/v2\/pages\/2384"}],"wp:featuredmedia":[{"embeddable":true,"href":"https:\/\/peruks.ee\/fi\/wp-json\/wp\/v2\/media\/2153"}],"wp:attachment":[{"href":"https:\/\/peruks.ee\/fi\/wp-json\/wp\/v2\/media?parent=2379"}],"curies":[{"name":"wp","href":"https:\/\/api.w.org\/{rel}","templated":true}]}}