{"id":2382,"date":"2016-05-26T10:10:34","date_gmt":"2016-05-26T10:10:34","guid":{"rendered":"http:\/\/peruks.ee\/?page_id=2382"},"modified":"2016-05-26T12:00:00","modified_gmt":"2016-05-26T12:00:00","slug":"metallityot","status":"publish","type":"page","link":"https:\/\/peruks.ee\/fi\/palvelut\/metallityot\/","title":{"rendered":"METALLITY\u00d6T"},"content":{"rendered":"<h2 class=\"alternative-heading\"><strong>Metallity\u00f6t<\/strong><\/h2>\n<p>Valmistamme metallituotteita erityistilauksina. Pitk\u00e4aikainen metallit\u00f6iden alan kokemuksemme auttaa meit\u00e4 l\u00f6yt\u00e4m\u00e4\u00e4n ja toteuttamaan Sinulle sopivan ratkaisun.<br \/>\nTuotanto sijaitsee Virossa Keilan l\u00e4hettyvill\u00e4.<br \/>\nAlla n\u00e4ette tarjoamiemme palvelujen ja toteuttamiemme t\u00f6iden luettelon.<\/p>\n<h2 class=\"alternative-heading\"><strong>Porttien ja aitojen erityistilaukset<\/strong><\/h2>\n<p>Koska aidat ja portit ovat p\u00e4\u00e4toimialamme, valmistamme niit\u00e4 asiakkaillemme my\u00f6s erityistilauksina.<br \/>\nPitk\u00e4aikainen kokemuksemme auttaa meit\u00e4 l\u00f6yt\u00e4m\u00e4\u00e4n sek\u00e4 muotoilultaan ett\u00e4 rakenteeltaan Sinun toiveittesi ja tarpeittesi mukaisen ratkaisun, jossa otetaan huomioon my\u00f6s kohteen erityispiirteet.<br \/>\nValmistamme aitoja metallista, puusta, hitsatuista elementeist\u00e4, hitsatusta verkosta ja levyverkosta. Aidanpylv\u00e4iksi tarjoamme metallitolppia ja erilaisia pylv\u00e4selementtej\u00e4.<br \/>\nValmistamme lehtiportteja, k\u00e4yntiportteja ja liukuportteja.<br \/>\nValmiit tuotteet k\u00e4sitell\u00e4\u00e4n s\u00e4\u00e4nkest\u00e4v\u00e4ll\u00e4 maalilla, pulverimaalilla tai kuumasinkityksell\u00e4.<\/p>\n<h2 class=\"alternative-heading\"><strong>Kaiteet<\/strong><\/h2>\n<p>Valmistamme kaiteita parvekkeille, terasseille, ranskalaisille parvekkeille ja portaisiin.<br \/>\nNiiden valmistukseen k\u00e4ytet\u00e4\u00e4n mustaa metalliputkea tai -profiilia. Asiakas voi itse valita viimeistelyvaihtoehdot pohjamaalauksesta pulverimaalaukseen.<br \/>\nUlkona k\u00e4ytett\u00e4ville tuotteille suosittelemme kuumasinkityst\u00e4.<br \/>\nHalutessanne autamme mielell\u00e4mme muotoilun ja kokonaisuuden suunnittelussa. Suoritamme mittaukset, valmistamme elementit ja pystyt\u00e4mme valmiit tuotteet.<\/p>\n<h2 class=\"alternative-heading\"><strong>Hitsausty\u00f6t<\/strong><\/h2>\n<p>K\u00e4yt\u00e4mme puoliautomaattista hitsausmenetelm\u00e4\u00e4 ja elektrodeja, jotka takaavat ensiluokkaisen ja kest\u00e4v\u00e4n lopputuloksen. Laadukkaiden laitteiden lis\u00e4ksi k\u00e4yt\u00e4mme vain p\u00e4tevi\u00e4 ty\u00f6ntekij\u00f6it\u00e4.<br \/>\nTarjoamme hitsauspalvelua my\u00f6s asiakkaan haluamassa kohteessa.<\/p>\n<p>&nbsp;<\/p>\n<p>OTA YHTEYTT\u00c4. YHDESS\u00c4 L\u00d6YD\u00c4MME SOPIVAN RATKAISUN. <a class=\"btn  btn-primary\" href=\"\/fi\/yhteystiedot\/\" target=\"_self\">PYYD\u00c4 HINTATARJOUS<\/a><\/p>","protected":false},"excerpt":{"rendered":"<p>Valmistamme metallituotteita erityistilauksina. Pitk\u00e4aikainen metallit\u00f6iden alan kokemuksemme auttaa meit\u00e4 l\u00f6yt\u00e4m\u00e4\u00e4n ja toteuttamaan Sinulle sopivan ratkaisun.<\/p>","protected":false},"author":1,"featured_media":2154,"parent":2384,"menu_order":0,"comment_status":"closed","ping_status":"closed","template":"","meta":{"_et_pb_use_builder":"","_et_pb_old_content":"","_et_gb_content_width":"","footnotes":""},"class_list":["post-2382","page","type-page","status-publish","has-post-thumbnail","hentry"],"aioseo_notices":[],"_links":{"self":[{"href":"https:\/\/peruks.ee\/fi\/wp-json\/wp\/v2\/pages\/2382","targetHints":{"allow":["GET"]}}],"collection":[{"href":"https:\/\/peruks.ee\/fi\/wp-json\/wp\/v2\/pages"}],"about":[{"href":"https:\/\/peruks.ee\/fi\/wp-json\/wp\/v2\/types\/page"}],"author":[{"embeddable":true,"href":"https:\/\/peruks.ee\/fi\/wp-json\/wp\/v2\/users\/1"}],"replies":[{"embeddable":true,"href":"https:\/\/peruks.ee\/fi\/wp-json\/wp\/v2\/comments?post=2382"}],"version-history":[{"count":2,"href":"https:\/\/peruks.ee\/fi\/wp-json\/wp\/v2\/pages\/2382\/revisions"}],"predecessor-version":[{"id":2442,"href":"https:\/\/peruks.ee\/fi\/wp-json\/wp\/v2\/pages\/2382\/revisions\/2442"}],"up":[{"embeddable":true,"href":"https:\/\/peruks.ee\/fi\/wp-json\/wp\/v2\/pages\/2384"}],"wp:featuredmedia":[{"embeddable":true,"href":"https:\/\/peruks.ee\/fi\/wp-json\/wp\/v2\/media\/2154"}],"wp:attachment":[{"href":"https:\/\/peruks.ee\/fi\/wp-json\/wp\/v2\/media?parent=2382"}],"curies":[{"name":"wp","href":"https:\/\/api.w.org\/{rel}","templated":true}]}}