{"id":2384,"date":"2016-05-26T10:14:38","date_gmt":"2016-05-26T10:14:38","guid":{"rendered":"http:\/\/peruks.ee\/?page_id=2384"},"modified":"2016-05-26T10:14:38","modified_gmt":"2016-05-26T10:14:38","slug":"palvelut","status":"publish","type":"page","link":"https:\/\/peruks.ee\/fi\/palvelut\/","title":{"rendered":"PALVELUT"},"content":{"rendered":"<p><a class=\"page-box__picture\" href=\"http:\/\/peruks.ee\/fi\/aidat\/\"><img loading=\"lazy\" decoding=\"async\" class=\"wp-post-image\" src=\"http:\/\/peruks.ee\/wp-content\/uploads\/2014\/10\/aiad-360x240.jpg\" sizes=\"(min-width: 992px) 360px, calc(100vw - 30px)\" srcset=\"http:\/\/peruks.ee\/wp-content\/uploads\/2014\/10\/aiad-360x240.jpg 360w, http:\/\/peruks.ee\/wp-content\/uploads\/2014\/10\/aiad.jpg 1980w\" alt=\"AIDAT\" width=\"360\" height=\"240\" \/><\/a><\/p>\n<h5 class=\"page-box__title  text-uppercase\"><a href=\"http:\/\/peruks.ee\/fi\/aidat\/\">AIDAT<\/a><\/h5>\n<p>Yksi p\u00e4\u00e4toimialoistamme on aitojen ja aitausten valmistaminen ja pystytt\u00e4minen. Haluamme asiakkaidemme tuntevan olonsa mukavaksi ja nauttivan yksityisyydest\u00e4.<\/p>\n<p><a class=\"read-more  read-more--page-box\" href=\"http:\/\/peruks.ee\/fi\/aidat\/\">Loe edasi<\/a><\/p>\n<p><a class=\"page-box__picture\" href=\"http:\/\/peruks.ee\/fi\/portit\/\"><img loading=\"lazy\" decoding=\"async\" class=\"wp-post-image\" src=\"http:\/\/peruks.ee\/wp-content\/uploads\/2014\/10\/varavad-360x240.jpg\" sizes=\"(min-width: 992px) 360px, calc(100vw - 30px)\" srcset=\"http:\/\/peruks.ee\/wp-content\/uploads\/2014\/10\/varavad-360x240.jpg 360w, http:\/\/peruks.ee\/wp-content\/uploads\/2014\/10\/varavad.jpg 1980w\" alt=\"PORTIT\" width=\"360\" height=\"240\" \/><\/a><\/p>\n<h5 class=\"page-box__title  text-uppercase\"><a href=\"http:\/\/peruks.ee\/fi\/portit\/\">PORTIT<\/a><\/h5>\n<p>Portti on kotisi \u201dk\u00e4yntikortti\u201d, jota k\u00e4ytet\u00e4\u00e4n p\u00e4ivitt\u00e4in. Siksi sen tulee olla tyylik\u00e4s ja ennen kaikkea toimia moitteettomasti.<\/p>\n<p><a class=\"read-more  read-more--page-box\" href=\"http:\/\/peruks.ee\/fi\/portit\/\">Loe edasi<\/a><\/p>\n<p><a class=\"page-box__picture\" href=\"http:\/\/peruks.ee\/fi\/metallityot\/\"><img loading=\"lazy\" decoding=\"async\" class=\"wp-post-image\" src=\"http:\/\/peruks.ee\/wp-content\/uploads\/2014\/10\/metallitood-360x240.jpg\" sizes=\"(min-width: 992px) 360px, calc(100vw - 30px)\" srcset=\"http:\/\/peruks.ee\/wp-content\/uploads\/2014\/10\/metallitood-360x240.jpg 360w, http:\/\/peruks.ee\/wp-content\/uploads\/2014\/10\/metallitood.jpg 1900w\" alt=\"METALLITY\u00d6T\" width=\"360\" height=\"240\" \/><\/a><\/p>\n<h5 class=\"page-box__title  text-uppercase\"><a href=\"http:\/\/peruks.ee\/fi\/metallityot\/\">METALLITY\u00d6T<\/a><\/h5>\n<p>Valmistamme metallituotteita erityistilauksina. Pitk\u00e4aikainen metallit\u00f6iden alan kokemuksemme auttaa meit\u00e4 l\u00f6yt\u00e4m\u00e4\u00e4n ja toteuttamaan Sinulle sopivan ratkaisun.<\/p>\n<p><a class=\"read-more  read-more--page-box\" href=\"http:\/\/peruks.ee\/fi\/metallityot\/\">Loe edasi<\/a><\/p>","protected":false},"excerpt":{"rendered":"<p>AIDAT Yksi p\u00e4\u00e4toimialoistamme on aitojen ja aitausten valmistaminen ja pystytt\u00e4minen. Haluamme asiakkaidemme tuntevan olonsa mukavaksi ja nauttivan yksityisyydest\u00e4. Loe edasi PORTIT Portti on kotisi \u201dk\u00e4yntikortti\u201d, jota k\u00e4ytet\u00e4\u00e4n p\u00e4ivitt\u00e4in. Siksi sen tulee olla tyylik\u00e4s ja ennen kaikkea toimia moitteettomasti. Loe edasi METALLITY\u00d6T Valmistamme metallituotteita erityistilauksina. Pitk\u00e4aikainen metallit\u00f6iden alan kokemuksemme auttaa meit\u00e4 l\u00f6yt\u00e4m\u00e4\u00e4n ja toteuttamaan Sinulle sopivan [&hellip;]<\/p>\n","protected":false},"author":1,"featured_media":0,"parent":0,"menu_order":0,"comment_status":"closed","ping_status":"open","template":"","meta":{"_et_pb_use_builder":"","_et_pb_old_content":"","_et_gb_content_width":"","footnotes":""},"class_list":["post-2384","page","type-page","status-publish","hentry"],"aioseo_notices":[],"_links":{"self":[{"href":"https:\/\/peruks.ee\/fi\/wp-json\/wp\/v2\/pages\/2384","targetHints":{"allow":["GET"]}}],"collection":[{"href":"https:\/\/peruks.ee\/fi\/wp-json\/wp\/v2\/pages"}],"about":[{"href":"https:\/\/peruks.ee\/fi\/wp-json\/wp\/v2\/types\/page"}],"author":[{"embeddable":true,"href":"https:\/\/peruks.ee\/fi\/wp-json\/wp\/v2\/users\/1"}],"replies":[{"embeddable":true,"href":"https:\/\/peruks.ee\/fi\/wp-json\/wp\/v2\/comments?post=2384"}],"version-history":[{"count":1,"href":"https:\/\/peruks.ee\/fi\/wp-json\/wp\/v2\/pages\/2384\/revisions"}],"predecessor-version":[{"id":2385,"href":"https:\/\/peruks.ee\/fi\/wp-json\/wp\/v2\/pages\/2384\/revisions\/2385"}],"wp:attachment":[{"href":"https:\/\/peruks.ee\/fi\/wp-json\/wp\/v2\/media?parent=2384"}],"curies":[{"name":"wp","href":"https:\/\/api.w.org\/{rel}","templated":true}]}}