{"id":2392,"date":"2016-05-26T10:40:16","date_gmt":"2016-05-26T10:40:16","guid":{"rendered":"http:\/\/peruks.ee\/?page_id=2392"},"modified":"2024-03-30T10:00:42","modified_gmt":"2024-03-30T10:00:42","slug":"yritys","status":"publish","type":"page","link":"https:\/\/peruks.ee\/fi\/yritys\/","title":{"rendered":"YRITYS"},"content":{"rendered":"<div id=\"pl-2392\"  class=\"panel-layout\" >\n<div id=\"pg-2392-0\"  class=\"panel-grid panel-no-style\"  data-style=\"{&quot;background_display&quot;:&quot;tile&quot;,&quot;full_height&quot;:&quot;&quot;}\" >\n<div id=\"pgc-2392-0-0\"  class=\"panel-grid-cell\"  data-weight=\"0.500366837858\" >\n<div id=\"panel-2392-0-0-0\" class=\"so-panel widget widget_black-studio-tinymce widget_black_studio_tinymce panel-first-child panel-last-child\" data-index=\"0\" data-style=\"{&quot;background_image_attachment&quot;:false,&quot;background_display&quot;:&quot;tile&quot;}\" >\n<div class=\"textwidget\">\n<div class=\"textwidget\">Peruks Grupp O\u00dc on laadukkaiden aitojen ja porttien ammattitaitoiseen asentamiseen erikoistunut yritys.<\/div>\n<div class=\"textwidget\">Olemme oppineet, ett\u00e4 menestys riippuu asioiden pit\u00e4misest\u00e4 yksinkertaisina sek\u00e4 lupauksista kiinni pit\u00e4misest\u00e4. Yli 10-vuotisen menestyksemme resepti on yksinkertainen:<\/p>\n<ul>\n<li>Nopea reagointi<\/li>\n<li>Ripe\u00e4 ty\u00f6skentely<\/li>\n<li>Rehellisyys ja avoimuus<\/li>\n<li>Sovittujen m\u00e4\u00e4r\u00e4aikojen noudattaminen<\/li>\n<li>Asiakkaan tyytyv\u00e4isyys lopputulokseen<\/li>\n<\/ul>\n<p>N\u00e4m\u00e4 viisi asiaa yhdess\u00e4 takaavat molempia osapuolia miellytt\u00e4v\u00e4n yhteisty\u00f6n.<\/p>\n<p>Tavoitteenamme on varmistaa, ett\u00e4 asiakas kokee hankkeen jokaisen vaiheen miellytt\u00e4v\u00e4ksi \u2013 ensimm\u00e4isest\u00e4 puhelinsoitosta alkaen t\u00f6iden valmistumiseen asti. T\u00e4m\u00e4n takaa laadukas asiakaspalvelu, jota tarjoavat alansa asiantuntijat sek\u00e4 vuosien kokemuksen omaava ammattitaitoinen asennusryhm\u00e4.<\/p>\n<\/div>\n<\/div>\n<\/div>\n<\/div>\n<div id=\"pgc-2392-0-1\"  class=\"panel-grid-cell\"  data-weight=\"0.499633162142\" >\n<div id=\"panel-2392-0-1-0\" class=\"so-panel widget widget_black-studio-tinymce widget_black_studio_tinymce panel-first-child panel-last-child\" data-index=\"1\" data-style=\"{&quot;background_display&quot;:&quot;tile&quot;}\" >\n<div class=\"textwidget\">\n<p><a href=\"http:\/\/peruks.ee\/wp-content\/uploads\/2014\/10\/Peruks-Grupp.jpg\" rel=\"attachment wp-att-2221\"><img loading=\"lazy\" decoding=\"async\" class=\"alignnone size-full wp-image-2221\" src=\"http:\/\/peruks.ee\/wp-content\/uploads\/2014\/10\/Peruks-Grupp.jpg\" alt=\"Peruks-Grupp\" width=\"500\" height=\"390\" srcset=\"https:\/\/peruks.ee\/wp-content\/uploads\/2014\/10\/Peruks-Grupp.jpg 500w, https:\/\/peruks.ee\/wp-content\/uploads\/2014\/10\/Peruks-Grupp-300x234.jpg 300w\" sizes=\"(max-width: 500px) 100vw, 500px\" \/><\/a><\/p>\n<\/div>\n<\/div>\n<\/div>\n<\/div>\n<div id=\"pg-2392-1\"  class=\"panel-grid panel-no-style\" >\n<div id=\"pgc-2392-1-0\"  class=\"panel-grid-cell\"  data-weight=\"0.25\" >\n<div id=\"panel-2392-1-0-0\" class=\"so-panel widget widget_black-studio-tinymce widget_black_studio_tinymce panel-first-child panel-last-child\" data-index=\"2\" data-style=\"{&quot;background_image_attachment&quot;:false,&quot;background_display&quot;:&quot;tile&quot;}\" >\n<div class=\"textwidget\">\n<h4><img loading=\"lazy\" decoding=\"async\" class=\"aligncenter wp-image-2351 size-thumbnail\" src=\"http:\/\/peruks.ee\/wp-content\/uploads\/2014\/10\/Jaanus-1-150x150.png\" alt=\"Jaanus\" width=\"150\" height=\"150\" srcset=\"https:\/\/peruks.ee\/wp-content\/uploads\/2014\/10\/Jaanus-1-150x150.png 150w, https:\/\/peruks.ee\/wp-content\/uploads\/2014\/10\/Jaanus-1.png 300w\" sizes=\"(max-width: 150px) 100vw, 150px\" \/><\/h4>\n<h5 style=\"text-align: center;\">Jaanus Prantsen<\/h5>\n<p style=\"text-align: center;\"><em>Toimitusjohtaja<\/em><\/p>\n<p style=\"text-align: center;\">(+372) 5194 1909<\/p>\n<p style=\"text-align: center;\">info@peruks.ee<\/p>\n<\/div>\n<\/div>\n<\/div>\n<div id=\"pgc-2392-1-1\"  class=\"panel-grid-cell\"  data-weight=\"0.25\" >\n<div id=\"panel-2392-1-1-0\" class=\"so-panel widget widget_black-studio-tinymce widget_black_studio_tinymce panel-first-child panel-last-child\" data-index=\"3\" data-style=\"{&quot;background_image_attachment&quot;:false,&quot;background_display&quot;:&quot;tile&quot;}\" >\n<div class=\"textwidget\">\n<h4><img loading=\"lazy\" decoding=\"async\" class=\"aligncenter wp-image-2353 size-thumbnail\" src=\"http:\/\/peruks.ee\/wp-content\/uploads\/2014\/10\/Virgo-1-150x150.png\" alt=\"Virgo\" width=\"150\" height=\"150\" srcset=\"https:\/\/peruks.ee\/wp-content\/uploads\/2014\/10\/Virgo-1-150x150.png 150w, https:\/\/peruks.ee\/wp-content\/uploads\/2014\/10\/Virgo-1.png 300w\" sizes=\"(max-width: 150px) 100vw, 150px\" \/><\/h4>\n<h5 style=\"text-align: center;\">Virgo Kees<\/h5>\n<p style=\"text-align: center;\"><em>Ty\u00f6njohtaja<\/em><\/p>\n<p style=\"text-align: center;\">(+372) 5630 0970<br \/>info@peruks.ee<\/p>\n<p>\u00a0<\/p>\n<\/div>\n<\/div>\n<\/div>\n<div id=\"pgc-2392-1-2\"  class=\"panel-grid-cell panel-grid-cell-empty panel-grid-cell-mobile-last\"  data-weight=\"0.25\" ><\/div>\n<div id=\"pgc-2392-1-3\"  class=\"panel-grid-cell panel-grid-cell-empty\"  data-weight=\"0.25\" ><\/div>\n<\/div>\n<\/div>","protected":false},"excerpt":{"rendered":"<p>Peruks Grupp O\u00dc on laadukkaiden aitojen ja porttien ammattitaitoiseen asentamiseen erikoistunut yritys. Olemme oppineet, ett\u00e4 menestys riippuu asioiden pit\u00e4misest\u00e4 yksinkertaisina sek\u00e4 lupauksista kiinni pit\u00e4misest\u00e4. Yli 10-vuotisen menestyksemme resepti on yksinkertainen: Nopea reagointi Ripe\u00e4 ty\u00f6skentely Rehellisyys ja avoimuus Sovittujen m\u00e4\u00e4r\u00e4aikojen noudattaminen Asiakkaan tyytyv\u00e4isyys lopputulokseen N\u00e4m\u00e4 viisi asiaa yhdess\u00e4 takaavat molempia osapuolia miellytt\u00e4v\u00e4n yhteisty\u00f6n. Tavoitteenamme on varmistaa, [&hellip;]<\/p>\n","protected":false},"author":1,"featured_media":0,"parent":0,"menu_order":0,"comment_status":"closed","ping_status":"closed","template":"","meta":{"_et_pb_use_builder":"","_et_pb_old_content":"","_et_gb_content_width":"","footnotes":""},"class_list":["post-2392","page","type-page","status-publish","hentry"],"_links":{"self":[{"href":"https:\/\/peruks.ee\/fi\/wp-json\/wp\/v2\/pages\/2392","targetHints":{"allow":["GET"]}}],"collection":[{"href":"https:\/\/peruks.ee\/fi\/wp-json\/wp\/v2\/pages"}],"about":[{"href":"https:\/\/peruks.ee\/fi\/wp-json\/wp\/v2\/types\/page"}],"author":[{"embeddable":true,"href":"https:\/\/peruks.ee\/fi\/wp-json\/wp\/v2\/users\/1"}],"replies":[{"embeddable":true,"href":"https:\/\/peruks.ee\/fi\/wp-json\/wp\/v2\/comments?post=2392"}],"version-history":[{"count":2,"href":"https:\/\/peruks.ee\/fi\/wp-json\/wp\/v2\/pages\/2392\/revisions"}],"predecessor-version":[{"id":2751,"href":"https:\/\/peruks.ee\/fi\/wp-json\/wp\/v2\/pages\/2392\/revisions\/2751"}],"wp:attachment":[{"href":"https:\/\/peruks.ee\/fi\/wp-json\/wp\/v2\/media?parent=2392"}],"curies":[{"name":"wp","href":"https:\/\/api.w.org\/{rel}","templated":true}]}}