{"id":49,"date":"2014-10-23T08:32:31","date_gmt":"2014-10-23T08:32:31","guid":{"rendered":"http:\/\/xml-io.proteusthemes.com\/buildpress\/?page_id=49"},"modified":"2025-09-29T09:37:02","modified_gmt":"2025-09-29T09:37:02","slug":"teenused","status":"publish","type":"page","link":"https:\/\/peruks.ee\/fi\/teenused\/","title":{"rendered":"PALVELUT"},"content":{"rendered":"<p>[et_pb_section fb_built=&#8221;1&#8243; custom_padding_last_edited=&#8221;on|phone&#8221; module_id=&#8221;kiana_service&#8221; _builder_version=&#8221;4.27.4&#8243; _module_preset=&#8221;default&#8221; background_color=&#8221;#f5f5f5&#8243; background_image=&#8221;https:\/\/peruks.ee\/wp-content\/uploads\/2023\/07\/img-21.png&#8221; custom_padding=&#8221;50px||100px||false|false&#8221; custom_padding_tablet=&#8221;80px||0px||false|false&#8221; custom_padding_phone=&#8221;60px||0px||false|false&#8221; global_colors_info=&#8221;{}&#8221; theme_builder_area=&#8221;post_content&#8221;][et_pb_row _builder_version=&#8221;4.27.4&#8243; _module_preset=&#8221;default&#8221; width=&#8221;100%&#8221; hover_enabled=&#8221;0&#8243; global_colors_info=&#8221;{}&#8221; theme_builder_area=&#8221;post_content&#8221; max_width=&#8221;1200px&#8221; sticky_enabled=&#8221;0&#8243;][et_pb_column type=&#8221;4_4&#8243; _builder_version=&#8221;4.27.4&#8243; _module_preset=&#8221;default&#8221; global_colors_info=&#8221;{}&#8221; theme_builder_area=&#8221;post_content&#8221;][et_pb_blurb title=&#8221;Teenused&#8221; content_max_width=&#8221;100%&#8221; _builder_version=&#8221;4.27.4&#8243; _module_preset=&#8221;default&#8221; header_level=&#8221;h6&#8243; header_text_align=&#8221;left&#8221; header_text_color=&#8221;#212121&#8243; header_font_size=&#8221;20px&#8221; header_line_height=&#8221;25px&#8221; custom_margin=&#8221;||15px||false|false&#8221; custom_padding=&#8221;|||7px|false|false&#8221; custom_css_main_element=&#8221;border-left:2px solid var(&#8211;color1);||display:inline-block;&#8221; custom_css_blurb_title=&#8221;padding:0;||font-weight:400;&#8221; locked=&#8221;off&#8221; global_colors_info=&#8221;{}&#8221; theme_builder_area=&#8221;post_content&#8221;][\/et_pb_blurb][\/et_pb_column][\/et_pb_row][et_pb_row column_structure=&#8221;1_3,1_3,1_3&#8243; _builder_version=&#8221;4.27.4&#8243; _module_preset=&#8221;default&#8221; width=&#8221;100%&#8221; custom_margin=&#8221;-1px|auto||auto|false|false&#8221; custom_margin_tablet=&#8221;40px||||false|false&#8221; custom_margin_phone=&#8221;30px||||false|false&#8221; custom_margin_last_edited=&#8221;on|phone&#8221; custom_padding=&#8221;0px||0px||true|false&#8221; hover_enabled=&#8221;0&#8243; custom_css_main_element=&#8221;display:flex;||align-items:center;&#8221; global_colors_info=&#8221;{}&#8221; custom_css_main_element_last_edited=&#8221;on|tablet&#8221; custom_css_main_element_tablet=&#8221;display:block;&#8221; custom_css_main_element_phone=&#8221;display:block;&#8221; theme_builder_area=&#8221;post_content&#8221; max_width=&#8221;1200px&#8221; sticky_enabled=&#8221;0&#8243;][et_pb_column type=&#8221;1_3&#8243; _builder_version=&#8221;4.21.0&#8243; _module_preset=&#8221;default&#8221; global_colors_info=&#8221;{}&#8221; theme_builder_area=&#8221;post_content&#8221;][et_pb_image src=&#8221;https:\/\/peruks.ee\/wp-content\/uploads\/2025\/09\/aiad-400-300.png&#8221; alt=&#8221;img-22&#8243; title_text=&#8221;aiad-400-300&#8243; url=&#8221;@ET-DC@eyJkeW5hbWljIjp0cnVlLCJjb250ZW50IjoicG9zdF9saW5rX3VybF9wYWdlIiwic2V0dGluZ3MiOnsicG9zdF9pZCI6IjE1MSJ9fQ==@&#8221; force_fullwidth=&#8221;on&#8221; _builder_version=&#8221;4.27.4&#8243; _dynamic_attributes=&#8221;url&#8221; _module_preset=&#8221;default&#8221; min_height=&#8221;300px&#8221; height=&#8221;300px&#8221; custom_margin=&#8221;||0px||false|false&#8221; custom_css_before=&#8221;content:&#8221;;||width: 100px;||height: 100px;||position:absolute;||top:0;||left:0;||background: linear-gradient(135deg, #fff 50%, transparent 50%);||z-index:1;&#8221; custom_css_after=&#8221;content:&#8221;;||width: 168px;||height: 164px;||border:1px solid var(&#8211;color1);||position:absolute;||bottom:-11px;||right:-11px;||z-index:-1;||&#8221; global_colors_info=&#8221;{}&#8221; theme_builder_area=&#8221;post_content&#8221;][\/et_pb_image][et_pb_cta title=&#8221;AIAD&#8221; button_url=&#8221;@ET-DC@eyJkeW5hbWljIjp0cnVlLCJjb250ZW50IjoicG9zdF9saW5rX3VybF9wYWdlIiwic2V0dGluZ3MiOnsicG9zdF9pZCI6IjE1MSJ9fQ==@&#8221; module_class=&#8221;kiana_service_box&#8221; _builder_version=&#8221;4.27.4&#8243; _dynamic_attributes=&#8221;button_url&#8221; _module_preset=&#8221;default&#8221; header_level=&#8221;h4&#8243; header_font=&#8221;|700|||||||&#8221; header_font_size=&#8221;24px&#8221; header_line_height=&#8221;30px&#8221; body_text_color=&#8221;#212121&#8243; body_line_height=&#8221;26px&#8221; background_color=&#8221;#FFFFFF&#8221; custom_button=&#8221;on&#8221; button_text_size=&#8221;36px&#8221; button_text_color=&#8221;#FFFFFF&#8221; button_border_width=&#8221;0px&#8221; button_font=&#8221;|700|||||||&#8221; button_icon=&#8221;&#x24;||divi||400&#8243; button_on_hover=&#8221;off&#8221; button_alignment=&#8221;center&#8221; button_custom_padding=&#8221;0px|0px|0px|0px|true|true&#8221; text_orientation=&#8221;left&#8221; background_layout=&#8221;light&#8221; height=&#8221;300px&#8221; custom_margin=&#8221;||30px||false|false&#8221; custom_padding=&#8221;40px|30px|40px|30px|true|false&#8221; custom_padding_tablet=&#8221;30px||30px||true|false&#8221; custom_padding_phone=&#8221;20px|20px|20px||true|false&#8221; custom_padding_last_edited=&#8221;on|phone&#8221; button_text_size_tablet=&#8221;36px&#8221; button_text_size_phone=&#8221;30px&#8221; button_text_size_last_edited=&#8221;on|phone&#8221; custom_css_main_element=&#8221;box-shadow: 0px 6px 25px 0px rgba(0, 0, 0, 0.05);||transition:all .5s ease;||display:flex;||flex-direction:row-reverse;||align-items:center;||gap:20px;||    justify-content: flex-end;&#8221; custom_css_promo_description=&#8221;padding:0;&#8221; custom_css_promo_button=&#8221;width: 81px;||height: 81px;||background-color:var(&#8211;color2)!important;||line-height:81px;||text-align:center;||display:flex;||align-items:center;||justify-content:center;||transition:all .4s ease;||&#8221; global_colors_info=&#8221;{}&#8221; custom_css_main_element__hover_enabled=&#8221;on|desktop&#8221; custom_css_main_element__hover=&#8221;border-radius: 0 25px;&#8221; custom_css_promo_button_last_edited=&#8221;on|phone&#8221; custom_css_promo_button_phone=&#8221;width: 60px;||height: 60px;||background-color:var(&#8211;color2)!important;||line-height:60px;||text-align:center;||display:flex;||align-items:center;||justify-content:center;||transition:all .4s ease;&#8221; custom_css_promo_button_tablet=&#8221;width: 81px;||height: 81px;||background-color:var(&#8211;color2)!important;||line-height:81px;||text-align:center;||display:flex;||align-items:center;||justify-content:center;||transition:all .4s ease;||&#8221; theme_builder_area=&#8221;post_content&#8221;]<\/p>\n<p><span>Meie \u00fcheks peamiseks tegevusvaldkonnaks on ka aedade, tarade, plankude valmistamine ja ehitamine, et meie kliendid saaksid ennast m\u00f5nusalt ja privaatselt tunda.<\/span><\/p>\n<p><strong><span style=\"color: #c93f05;\">LOE EDASI<\/span><\/strong><\/p>\n<p>[\/et_pb_cta][\/et_pb_column][et_pb_column type=&#8221;1_3&#8243; _builder_version=&#8221;4.21.0&#8243; _module_preset=&#8221;default&#8221; global_colors_info=&#8221;{}&#8221; theme_builder_area=&#8221;post_content&#8221;][et_pb_image src=&#8221;https:\/\/peruks.ee\/wp-content\/uploads\/2025\/09\/varav-400-300-1.png&#8221; alt=&#8221;img-22&#8243; title_text=&#8221;varav-400-300&#8243; url=&#8221;@ET-DC@eyJkeW5hbWljIjp0cnVlLCJjb250ZW50IjoicG9zdF9saW5rX3VybF9wYWdlIiwic2V0dGluZ3MiOnsicG9zdF9pZCI6IjE1NCJ9fQ==@&#8221; force_fullwidth=&#8221;on&#8221; _builder_version=&#8221;4.27.4&#8243; _dynamic_attributes=&#8221;url&#8221; _module_preset=&#8221;default&#8221; min_height=&#8221;300px&#8221; height=&#8221;300px&#8221; custom_margin=&#8221;||0px||false|false&#8221; custom_css_before=&#8221;content:&#8221;;||width: 100px;||height: 100px;||position:absolute;||top:0;||left:0;||background: linear-gradient(135deg, #fff 50%, transparent 50%);||z-index:1;&#8221; custom_css_after=&#8221;content:&#8221;;||width: 168px;||height: 164px;||border:1px solid var(&#8211;color1);||position:absolute;||bottom:-11px;||right:-11px;||z-index:-1;||&#8221; global_colors_info=&#8221;{}&#8221; theme_builder_area=&#8221;post_content&#8221;][\/et_pb_image][et_pb_cta title=&#8221;V\u00c4RAVAD&#8221; button_url=&#8221;@ET-DC@eyJkeW5hbWljIjp0cnVlLCJjb250ZW50IjoicG9zdF9saW5rX3VybF9wYWdlIiwic2V0dGluZ3MiOnsicG9zdF9pZCI6IjE1NCJ9fQ==@&#8221; module_class=&#8221;kiana_service_box&#8221; _builder_version=&#8221;4.27.4&#8243; _dynamic_attributes=&#8221;button_url&#8221; _module_preset=&#8221;default&#8221; header_level=&#8221;h4&#8243; header_font=&#8221;|700|||||||&#8221; header_font_size=&#8221;24px&#8221; header_line_height=&#8221;30px&#8221; body_text_color=&#8221;#212121&#8243; body_line_height=&#8221;26px&#8221; background_color=&#8221;#FFFFFF&#8221; custom_button=&#8221;on&#8221; button_text_size=&#8221;36px&#8221; button_text_color=&#8221;#FFFFFF&#8221; button_border_width=&#8221;0px&#8221; button_font=&#8221;|700|||||||&#8221; button_use_icon=&#8221;off&#8221; button_custom_padding=&#8221;0px|0px|0px|0px|true|true&#8221; text_orientation=&#8221;left&#8221; background_layout=&#8221;light&#8221; height=&#8221;300px&#8221; custom_margin=&#8221;||30px||false|false&#8221; custom_padding=&#8221;40px|30px|40px|30px|true|false&#8221; custom_padding_tablet=&#8221;30px||30px||true|false&#8221; custom_padding_phone=&#8221;20px|20px|20px||true|false&#8221; custom_padding_last_edited=&#8221;on|phone&#8221; button_text_size_tablet=&#8221;36px&#8221; button_text_size_phone=&#8221;30px&#8221; button_text_size_last_edited=&#8221;on|phone&#8221; custom_css_main_element=&#8221;box-shadow: 0px 6px 25px 0px rgba(0, 0, 0, 0.05);||transition:all .5s ease;||display:flex;||flex-direction:row-reverse;||align-items:center;||gap:20px;||    justify-content: flex-end;&#8221; custom_css_promo_description=&#8221;padding:0;&#8221; custom_css_promo_button=&#8221;width: 81px;||height: 81px;||background-color:var(&#8211;color2)!important;||line-height:81px;||text-align:center;||display:flex;||align-items:center;||justify-content:center;||transition:all .4s ease;||&#8221; global_colors_info=&#8221;{}&#8221; custom_css_main_element__hover_enabled=&#8221;on|desktop&#8221; custom_css_main_element__hover=&#8221;border-radius: 0 25px;&#8221; custom_css_promo_button_phone=&#8221;width: 60px;||height: 60px;||background-color:var(&#8211;color2)!important;||line-height:60px;||text-align:center;||display:flex;||align-items:center;||justify-content:center;||transition:all .4s ease;&#8221; custom_css_promo_button_last_edited=&#8221;on|phone&#8221; custom_css_promo_button_tablet=&#8221;width: 81px;||height: 81px;||background-color:var(&#8211;color2)!important;||line-height:81px;||text-align:center;||display:flex;||align-items:center;||justify-content:center;||transition:all .4s ease;||&#8221; theme_builder_area=&#8221;post_content&#8221;]<\/p>\n<p><span>V\u00e4rav on kodu visiitkaart, mida kasutatakse iga p\u00e4ev. Seega peavad need v\u00e4lja n\u00e4gema stiilsed ning eelk\u00f5ige t\u00f6\u00f6tama korralikult ja t\u00f5rgeteta.<br \/><\/span><\/p>\n<p><span><\/span><\/p>\n<p><strong><span style=\"color: #c93f05;\">LOE EDASI<\/span><\/strong><\/p>\n<p>[\/et_pb_cta][\/et_pb_column][et_pb_column type=&#8221;1_3&#8243; _builder_version=&#8221;4.21.0&#8243; _module_preset=&#8221;default&#8221; global_colors_info=&#8221;{}&#8221; theme_builder_area=&#8221;post_content&#8221;][et_pb_image src=&#8221;https:\/\/peruks.ee\/wp-content\/uploads\/2025\/09\/close-up-machine-part-400-300.png&#8221; alt=&#8221;img-22&#8243; title_text=&#8221;close-up-machine-part-400-300&#8243; url=&#8221;@ET-DC@eyJkeW5hbWljIjp0cnVlLCJjb250ZW50IjoicG9zdF9saW5rX3VybF9wYWdlIiwic2V0dGluZ3MiOnsicG9zdF9pZCI6IjE1MyJ9fQ==@&#8221; force_fullwidth=&#8221;on&#8221; _builder_version=&#8221;4.27.4&#8243; _dynamic_attributes=&#8221;url&#8221; _module_preset=&#8221;default&#8221; height=&#8221;300px&#8221; custom_margin=&#8221;||0px||false|false&#8221; custom_css_before=&#8221;content:&#8221;;||width: 100px;||height: 100px;||position:absolute;||top:0;||left:0;||background: linear-gradient(135deg, #fff 50%, transparent 50%);||z-index:1;&#8221; custom_css_after=&#8221;content:&#8221;;||width: 168px;||height: 164px;||border:1px solid var(&#8211;color1);||position:absolute;||bottom:-11px;||right:-11px;||z-index:-1;||&#8221; global_colors_info=&#8221;{}&#8221; theme_builder_area=&#8221;post_content&#8221;][\/et_pb_image][et_pb_cta title=&#8221;METALLIT\u00d6\u00d6D&#8221; button_url=&#8221;@ET-DC@eyJkeW5hbWljIjp0cnVlLCJjb250ZW50IjoicG9zdF9saW5rX3VybF9wYWdlIiwic2V0dGluZ3MiOnsicG9zdF9pZCI6IjE1MyJ9fQ==@&#8221; module_class=&#8221;kiana_service_box&#8221; _builder_version=&#8221;4.27.4&#8243; _dynamic_attributes=&#8221;button_url&#8221; _module_preset=&#8221;default&#8221; header_level=&#8221;h4&#8243; header_font=&#8221;|700|||||||&#8221; header_font_size=&#8221;24px&#8221; header_line_height=&#8221;30px&#8221; body_text_color=&#8221;#212121&#8243; body_line_height=&#8221;26px&#8221; background_color=&#8221;#FFFFFF&#8221; custom_button=&#8221;on&#8221; button_text_size=&#8221;36px&#8221; button_text_color=&#8221;#FFFFFF&#8221; button_border_width=&#8221;0px&#8221; button_font=&#8221;|700|||||||&#8221; button_use_icon=&#8221;off&#8221; button_custom_padding=&#8221;0px|0px|0px|0px|true|true&#8221; text_orientation=&#8221;left&#8221; background_layout=&#8221;light&#8221; height=&#8221;300px&#8221; custom_margin=&#8221;||30px||false|false&#8221; custom_padding=&#8221;40px|30px|40px|30px|true|false&#8221; custom_padding_tablet=&#8221;30px||30px||true|false&#8221; custom_padding_phone=&#8221;20px|20px|20px||true|false&#8221; custom_padding_last_edited=&#8221;on|phone&#8221; button_text_size_tablet=&#8221;36px&#8221; button_text_size_phone=&#8221;30px&#8221; button_text_size_last_edited=&#8221;on|phone&#8221; custom_css_main_element=&#8221;box-shadow: 0px 6px 25px 0px rgba(0, 0, 0, 0.05);||transition:all .5s ease;||display:flex;||flex-direction:row-reverse;||align-items:center;||gap:20px;||    justify-content: flex-end;&#8221; custom_css_promo_description=&#8221;padding:0;&#8221; custom_css_promo_button=&#8221;width: 81px;||height: 81px;||background-color:var(&#8211;color2)!important;||line-height:81px;||text-align:center;||display:flex;||align-items:center;||justify-content:center;||transition:all .4s ease;||&#8221; global_colors_info=&#8221;{}&#8221; custom_css_main_element__hover_enabled=&#8221;on|desktop&#8221; custom_css_main_element__hover=&#8221;border-radius: 0 25px;&#8221; custom_css_promo_button_phone=&#8221;width: 60px;||height: 60px;||background-color:var(&#8211;color2)!important;||line-height:60px;||text-align:center;||display:flex;||align-items:center;||justify-content:center;||transition:all .4s ease;&#8221; custom_css_promo_button_last_edited=&#8221;on|phone&#8221; custom_css_promo_button_tablet=&#8221;width: 81px;||height: 81px;||background-color:var(&#8211;color2)!important;||line-height:81px;||text-align:center;||display:flex;||align-items:center;||justify-content:center;||transition:all .4s ease;||&#8221; theme_builder_area=&#8221;post_content&#8221;]<\/p>\n<p><span>Valmistame eritellimusel metalltooteid. Pikaaegsed kogemused metallit\u00f6\u00f6de vallas aitavad leida Teile sobiva lahenduse ning selle ellu viia.<\/span><span><\/span><\/p>\n<p><span><\/span><\/p>\n<p><strong><span style=\"color: #c93f05;\">LOE EDASI<\/span><\/strong><\/p>\n<p>[\/et_pb_cta][\/et_pb_column][\/et_pb_row][\/et_pb_section]<\/p>\n","protected":false},"excerpt":{"rendered":"<p>Kokkuv\u00f5te milliseid teenuseid pakume oma klientidele<\/p>","protected":false},"author":1,"featured_media":0,"parent":0,"menu_order":0,"comment_status":"closed","ping_status":"open","template":"","meta":{"_et_pb_use_builder":"on","_et_pb_old_content":"<a class=\"page-box__picture\" href=\"http:\/\/peruks.ee\/teenused\/aiad\/\"><img class=\"wp-post-image\" src=\"http:\/\/peruks.ee\/wp-content\/uploads\/2014\/10\/aiad-360x240.jpg\" sizes=\"(min-width: 992px) 360px, calc(100vw - 30px)\" srcset=\"http:\/\/peruks.ee\/wp-content\/uploads\/2014\/10\/aiad-360x240.jpg 360w, http:\/\/peruks.ee\/wp-content\/uploads\/2014\/10\/aiad.jpg 1980w\" alt=\"AIAD\" width=\"360\" height=\"240\" \/><\/a>\r\n<h5 class=\"page-box__title text-uppercase\"><a href=\"http:\/\/peruks.ee\/teenused\/aiad\/\">AIAD<\/a><\/h5>\r\nMeie \u00fcheks peamiseks tegevusvaldkonnaks on ka aedade, tarade, plankude valmistamine ja ehitamine, et meie kliendid saaksid ennast m\u00f5nusalt ja privaatselt tunda.\r\n\r\n<a class=\"read-more read-more--page-box\" href=\"http:\/\/peruks.ee\/teenused\/aiad\/\">Read more<\/a>\r\n\r\n<a class=\"page-box__picture\" href=\"http:\/\/peruks.ee\/teenused\/varavad\/\"><img class=\"wp-post-image\" src=\"http:\/\/peruks.ee\/wp-content\/uploads\/2014\/10\/varavad-360x240.jpg\" sizes=\"(min-width: 992px) 360px, calc(100vw - 30px)\" srcset=\"http:\/\/peruks.ee\/wp-content\/uploads\/2014\/10\/varavad-360x240.jpg 360w, http:\/\/peruks.ee\/wp-content\/uploads\/2014\/10\/varavad.jpg 1980w\" alt=\"V\u00c4RAVAD\" width=\"360\" height=\"240\" \/><\/a>\r\n<h5 class=\"page-box__title text-uppercase\"><a href=\"http:\/\/peruks.ee\/teenused\/varavad\/\">V\u00c4RAVAD<\/a><\/h5>\r\nV\u00e4rav on kodu visiitkaart, mida kasutatakse iga p\u00e4ev. Seega peavad need v\u00e4lja n\u00e4gema stiilsed ning eelk\u00f5ige t\u00f6\u00f6tama korralikult ja t\u00f5rgeteta.\r\n\r\n<a class=\"read-more read-more--page-box\" href=\"http:\/\/peruks.ee\/teenused\/varavad\/\">Read more<\/a>\r\n\r\n<a class=\"page-box__picture\" href=\"http:\/\/peruks.ee\/teenused\/metallitood\/\"><img class=\"wp-post-image\" src=\"http:\/\/peruks.ee\/wp-content\/uploads\/2014\/10\/metallitood-360x240.jpg\" sizes=\"(min-width: 992px) 360px, calc(100vw - 30px)\" srcset=\"http:\/\/peruks.ee\/wp-content\/uploads\/2014\/10\/metallitood-360x240.jpg 360w, http:\/\/peruks.ee\/wp-content\/uploads\/2014\/10\/metallitood.jpg 1900w\" alt=\"METALLIT\u00d6\u00d6D\" width=\"360\" height=\"240\" \/><\/a>\r\n<h5 class=\"page-box__title text-uppercase\"><a href=\"http:\/\/peruks.ee\/teenused\/metallitood\/\">METALLIT\u00d6\u00d6D<\/a><\/h5>\r\nValmistame eritellimusel metalltooteid. Pikaaegsed kogemused metallit\u00f6\u00f6de vallas aitavad leida Teile sobiva lahenduse ning selle ellu viia.\r\n\r\n<a class=\"read-more read-more--page-box\" href=\"http:\/\/peruks.ee\/teenused\/metallitood\/\">Read more<\/a>","_et_gb_content_width":"","footnotes":""},"class_list":["post-49","page","type-page","status-publish","hentry"],"_links":{"self":[{"href":"https:\/\/peruks.ee\/fi\/wp-json\/wp\/v2\/pages\/49","targetHints":{"allow":["GET"]}}],"collection":[{"href":"https:\/\/peruks.ee\/fi\/wp-json\/wp\/v2\/pages"}],"about":[{"href":"https:\/\/peruks.ee\/fi\/wp-json\/wp\/v2\/types\/page"}],"author":[{"embeddable":true,"href":"https:\/\/peruks.ee\/fi\/wp-json\/wp\/v2\/users\/1"}],"replies":[{"embeddable":true,"href":"https:\/\/peruks.ee\/fi\/wp-json\/wp\/v2\/comments?post=49"}],"version-history":[{"count":11,"href":"https:\/\/peruks.ee\/fi\/wp-json\/wp\/v2\/pages\/49\/revisions"}],"predecessor-version":[{"id":5627,"href":"https:\/\/peruks.ee\/fi\/wp-json\/wp\/v2\/pages\/49\/revisions\/5627"}],"wp:attachment":[{"href":"https:\/\/peruks.ee\/fi\/wp-json\/wp\/v2\/media?parent=49"}],"curies":[{"name":"wp","href":"https:\/\/api.w.org\/{rel}","templated":true}]}}