{"id":52,"date":"2014-10-23T08:41:34","date_gmt":"2014-10-23T08:41:34","guid":{"rendered":"http:\/\/xml-io.proteusthemes.com\/buildpress\/?page_id=52"},"modified":"2016-02-22T21:25:20","modified_gmt":"2016-02-22T21:25:20","slug":"varavad","status":"publish","type":"page","link":"https:\/\/peruks.ee\/fi\/teenused\/varavad\/","title":{"rendered":"PORTIT"},"content":{"rendered":"<h2 class=\"alternative-heading\">V\u00e4ravad ja automaatika<\/h2>\n<p>V\u00e4ravat kasutatakse iga p\u00e4ev, mist\u00f5ttu on oluline nende k\u00f5rge t\u00f6\u00f6kindlus, hea v\u00e4ljan\u00e4gemine ning mugavus.<\/p>\n<p>Omame \u00fcle 10 aastast kogemust v\u00e4ravate paigaldamise, ehitamise ja hooldamise vallas. T\u00e4nu kogemustele oskame soovitada parimaid lahendusi, mis vastavad Teie vajadustele.<\/p>\n<p>Allj\u00e4rgnevalt on v\u00e4lja toodud enimlevinud v\u00e4ravate t\u00fc\u00fcbid ning nende plussid ja miinused.<\/p>\n<h2 class=\"alternative-heading\"><strong>Liugv\u00e4ravad<\/strong><\/h2>\n<p>Liugv\u00e4rava eeliseks on ruumis\u00e4\u00e4stlikus kuna ta ei vaja avanemiseks ruumi v\u00e4rava ees (v\u00f5i taga).<\/p>\n<p>Samuti on neid v\u00f5imalik paigaldada kohtadesse, kus maapinna k\u00f5rguste vahed on liiga suured tiibv\u00e4ravate jaoks.<\/p>\n<p>Meie poolt paigaldatavad jalgv\u00e4ravate raamid on valmistatud kuumtsingitud metallist ning soovi korral kaetud pulberv\u00e4rviga, mis tagab nende pika eluea.<\/p>\n<p>Raami t\u00e4iteks on v\u00f5imalik valida puitlaudis, v\u00f5rk, keevispaneel v\u00f5i metallvardad.<\/p>\n<p>T\u00e4nu tugevale konstuktsioonile taluvad nad h\u00e4sti tuulte poolt tekitatud pingeid, suudavad taluda kergemaid auto otsas\u00f5ite ning on suure ilmastikukindlusega. Lisaks on v\u00e4ravaautomaatika vigastuste oht v\u00e4iksem.<\/p>\n<h2 class=\"alternative-heading\"><strong>Tiibv\u00e4ravad<\/strong><\/h2>\n<p>Tiibv\u00e4ravad on enim kasutatud v\u00e4ravat\u00fc\u00fcp, mis sobitub paljude erinevate arhitektuursete lahendustega ning mille eeliseks on soodsam hind.<\/p>\n<p>Meie poolt paigaldatavad tiibv\u00e4ravate raamid on valmistatud kuumtsingitud metallist ning soovi korral kaetud pulberv\u00e4rviga, mis tagab nende pika eluea ning v\u00f5imaldavad sobitada neid olemasoleva arhitektuuriga.<\/p>\n<p>Raami t\u00e4iteks on v\u00f5imalik valida mitmeid lahendusi \u2013 puitlaudis, v\u00f5rk, keevispaneel, metallvardad.<\/p>\n<p>Tiibv\u00e4ravad on varustatud reguleeritavate hingede ja tuuleriividega.<\/p>\n<p>Selle v\u00e4ravat\u00fc\u00fcbi miinusteks v\u00f5rreldes liugv\u00e4ravatega on \u2013 v\u00e4iksem tuuletaluvus, vajab avanemiseks lisaruumi v\u00e4rava ees ning talvistes oludes on vajalik teostada lume eemaldamine liikumistrajektoorilt.<\/p>\n<h2 class=\"alternative-heading\"><strong>Jalgv\u00e4ravad<\/strong><\/h2>\n<p>Jalgv\u00e4ravad on m\u00f5eldud lihtsamaks sisenemiseks inimeste ning nende poolt kasutatavate kergliiklusvahendite jaoks.<\/p>\n<p>Jalgv\u00e4ravatega saab tagada suuremat turvalisust laste liikumisel t\u00e4navale, kuna sissepoole avaneva v\u00e4rava puhul ei ole v\u00f5imalik rutates t\u00e4navale minna, vaid tuleb enne hetkeks peatuda.<\/p>\n<p>Meie poolt paigaldatavad jalgv\u00e4ravate raamid on valmistatud kuumtsingitud metallist ning soovi korral kaetud pulberv\u00e4rviga, mis tagab nende pika eluea.<\/p>\n<p>Raami t\u00e4iteks on v\u00f5imalik valida puitlaudis, v\u00f5rk, keevispaneel v\u00f5i metallvardad.<\/p>\n<p>Jalgv\u00e4ravad on varustatud lingi ja lukuga.<\/p>\n<h2 class=\"alternative-heading\"><strong>Automaatika<\/strong><\/h2>\n<p>V\u00e4ravate mugavamaks kasutamiseks pakume k\u00f5ikidele v\u00e4ravat\u00fc\u00fcpidele automaatikat.<\/p>\n<p>Meie poolt paigaldatav automaatika on vastupidav ning on t\u00f5estanud toimimist ka karmides talvistes oludes.<\/p>\n<p>Tiibv\u00e4rava ja liugv\u00e4rava puhul on v\u00f5imalik automaatikale seadistada ka jalgv\u00e4rava funktsioon, mille puhul ei avata v\u00e4rav t\u00e4ielikult.<\/p>\n<p>Jalgv\u00e4ravatele on v\u00f5imalik lisada elektriline lukk ning fonos\u00fcsteem.<\/p>\n<p>V\u00d5TA \u00dcHENDUST NING LEIAME KOOS SOBIVA LAHENDUSE <a class=\"btn btn-primary\" href=\"kontakt\" target=\"_self\">K\u00dcSI HINNAPAKKUMIST<\/a><\/p>\n<h3 class=\"widget-title\">Tehtud t\u00f6\u00f6d<\/h3>\n<p><!-- CACHE CREATED FOR: 3 --><!-- ESSENTIAL GRID SKIN CSS --><!-- ESSENTIAL GRID END SKIN CSS --><\/p>\n<p><!-- THE ESSENTIAL GRID 2.0.9.1 --><\/p>\n<p><!-- GRID WRAPPER FOR CONTAINER SIZING - HERE YOU CAN SET THE CONTAINER SIZE AND CONTAINER SKIN --><\/p>\n<article id=\"esg-grid-3-1-wrap\" class=\"myportfolio-container minimal-light\"><!-- THE GRID ITSELF WITH FILTERS, PAGINATION, SORTING ETC... --> <!-- ############################ --> <!-- THE GRID ITSELF WITH ENTRIES --> <!-- ############################ --><\/article>\n<ul>\n<ul><!-- PORTFOLIO ITEM 1 --><\/p>\n<li class=\"filterall filter-aiad filter-automaatika filter-varavad eg-washington-wrapper eg-post-id-2200\" data-title=\"metallaed\"><!-- THE CONTAINER FOR THE MEDIA AND THE COVER EFFECTS --> <!-- THE MEDIA OF THE ENTRY --> <img decoding=\"async\" src=\"http:\/\/peruks.ee\/wp-content\/uploads\/2016\/02\/metallaed.jpg\" alt=\"\" \/> <!-- THE CONTENT OF THE ENTRY --> <!-- THE COLORED OVERLAY --> <i class=\"eg-icon-search\"><\/i> <i class=\"eg-icon-link\"><\/i> METALLAED ERAMUL <!-- END OF THE CONTENT IN THE ENTRY --> <!-- END OF THE CONTAINER FOR THE MEDIA AND COVER\/HOVER EFFECTS --><\/li>\n<\/ul>\n<\/ul>\n<p><!-- END OF PORTFOLIO ITEM --> <!-- PORTFOLIO ITEM 1 --><\/p>\n<ul>\n<ul>\n<li class=\"filterall filter-aiad filter-varavad eg-washington-wrapper eg-post-id-2277\" data-title=\"lasnamae\"><!-- THE CONTAINER FOR THE MEDIA AND THE COVER EFFECTS --> <!-- THE MEDIA OF THE ENTRY --> <img decoding=\"async\" src=\"http:\/\/peruks.ee\/wp-content\/uploads\/2016\/02\/Lasnam\u00e4e-turg_1.jpg\" alt=\"Piirdeaia ehitamine\" \/> <!-- THE CONTENT OF THE ENTRY --> <!-- THE COLORED OVERLAY --> <i class=\"eg-icon-search\"><\/i> <i class=\"eg-icon-link\"><\/i> LASNAM\u00c4E TURG <!-- END OF THE CONTENT IN THE ENTRY --> <!-- END OF THE CONTAINER FOR THE MEDIA AND COVER\/HOVER EFFECTS --><\/li>\n<\/ul>\n<\/ul>\n<p><!-- END OF PORTFOLIO ITEM --> <!-- PORTFOLIO ITEM 1 --><\/p>\n<ul>\n<ul>\n<li class=\"filterall filter-aiad filter-automaatika filter-varavad eg-washington-wrapper eg-post-id-2282\" data-title=\"tabasalu-e\"><!-- THE CONTAINER FOR THE MEDIA AND THE COVER EFFECTS --> <!-- THE MEDIA OF THE ENTRY --> <img decoding=\"async\" src=\"http:\/\/peruks.ee\/wp-content\/uploads\/2016\/02\/Tabasalu-eramu_1.jpg\" alt=\"Eramu piirdeaed automaatikaga\" \/> <!-- THE CONTENT OF THE ENTRY --> <!-- THE COLORED OVERLAY --> <i class=\"eg-icon-search\"><\/i> <i class=\"eg-icon-link\"><\/i> TABASALU ERAMU <!-- END OF THE CONTENT IN THE ENTRY --> <!-- END OF THE CONTAINER FOR THE MEDIA AND COVER\/HOVER EFFECTS --><\/li>\n<\/ul>\n<\/ul>\n<p><!-- END OF PORTFOLIO ITEM --> <!-- PORTFOLIO ITEM 1 --><\/p>\n<ul>\n<ul>\n<li class=\"filterall filter-aiad filter-varavad eg-washington-wrapper eg-post-id-2289\" data-title=\"lasnamae\"><!-- THE CONTAINER FOR THE MEDIA AND THE COVER EFFECTS --> <!-- THE MEDIA OF THE ENTRY --> <img decoding=\"async\" src=\"http:\/\/peruks.ee\/wp-content\/uploads\/2016\/02\/Lasnam\u00e4e-Pae-park_1.jpg\" alt=\"Piirdeaed koos jalgv\u00e4ravaga\" \/> <!-- THE CONTENT OF THE ENTRY --> <!-- THE COLORED OVERLAY --> <i class=\"eg-icon-search\"><\/i> <i class=\"eg-icon-link\"><\/i> LASNAM\u00c4E PAE PARK <!-- END OF THE CONTENT IN THE ENTRY --> <!-- END OF THE CONTAINER FOR THE MEDIA AND COVER\/HOVER EFFECTS --><\/li>\n<\/ul>\n<\/ul>\n<p><!-- END OF PORTFOLIO ITEM --> <!-- PORTFOLIO ITEM 1 --><\/p>\n<ul>\n<ul>\n<li class=\"filterall filter-aiad filter-automaatika filter-varavad eg-washington-wrapper eg-post-id-2294\" data-title=\"lagedi-era\"><!-- THE CONTAINER FOR THE MEDIA AND THE COVER EFFECTS --> <!-- THE MEDIA OF THE ENTRY --> <img decoding=\"async\" src=\"http:\/\/peruks.ee\/wp-content\/uploads\/2016\/02\/Eramu-puitaed_1.jpg\" alt=\"Eramu puitaed\" \/> <!-- THE CONTENT OF THE ENTRY --> <!-- THE COLORED OVERLAY --> <i class=\"eg-icon-search\"><\/i> <i class=\"eg-icon-link\"><\/i> LAGEDI ERAMU <!-- END OF THE CONTENT IN THE ENTRY --> <!-- END OF THE CONTAINER FOR THE MEDIA AND COVER\/HOVER EFFECTS --><\/li>\n<\/ul>\n<\/ul>\n<p><!-- END OF PORTFOLIO ITEM --> <!-- PORTFOLIO ITEM 1 --><\/p>\n<ul>\n<ul>\n<li class=\"filterall filter-aiad filter-automaatika filter-varavad eg-washington-wrapper eg-post-id-2300\" data-title=\"joelahtm\"><!-- THE CONTAINER FOR THE MEDIA AND THE COVER EFFECTS --> <!-- THE MEDIA OF THE ENTRY --> <img decoding=\"async\" src=\"http:\/\/peruks.ee\/wp-content\/uploads\/2016\/02\/Horisontaalne-puitlaudis.jpg\" alt=\"Horisontaalne puitlaudis\" \/> <!-- THE CONTENT OF THE ENTRY --> <!-- THE COLORED OVERLAY --> <i class=\"eg-icon-search\"><\/i> <i class=\"eg-icon-link\"><\/i> J\u00d5EL\u00c4HTME ERAMU <!-- END OF THE CONTENT IN THE ENTRY --> <!-- END OF THE CONTAINER FOR THE MEDIA AND COVER\/HOVER EFFECTS --><\/li>\n<\/ul>\n<\/ul>\n<p><!-- END OF PORTFOLIO ITEM --> <!-- PORTFOLIO ITEM 1 --><\/p>\n<ul>\n<ul>\n<li class=\"filterall filter-aiad filter-varavad eg-washington-wrapper eg-post-id-2305\" data-title=\"alasniidu\"><!-- THE CONTAINER FOR THE MEDIA AND THE COVER EFFECTS --> <!-- THE MEDIA OF THE ENTRY --> <img decoding=\"async\" src=\"http:\/\/peruks.ee\/wp-content\/uploads\/2016\/02\/keevispaneel-piirdeaed.jpg\" alt=\"keevispaneel piirdeaed\" \/> <!-- THE CONTENT OF THE ENTRY --> <!-- THE COLORED OVERLAY --> <i class=\"eg-icon-search\"><\/i> <i class=\"eg-icon-link\"><\/i> ALASNIIDU LASTEAED <!-- END OF THE CONTENT IN THE ENTRY --> <!-- END OF THE CONTAINER FOR THE MEDIA AND COVER\/HOVER EFFECTS --><\/li>\n<\/ul>\n<\/ul>\n<p><!-- END OF PORTFOLIO ITEM --><\/p>\n<p><!-- ############################ --> <!-- END OF THE GRID --> <!-- ############################ --><\/p>\n<article class=\"esg-filters esg-singlefilters esg-navbutton-solo-left\" style=\"margin-left: 0px;\"><i class=\"eg-icon-left-open\"><\/i><\/article>\n<article class=\"esg-filters esg-singlefilters esg-navbutton-solo-right\" style=\"margin-right: 0px;\"><i class=\"eg-icon-right-open\"><\/i><\/article>\n<p><!-- END OF THE GRID --><\/p>\n<p><!-- END OF THE GRID WRAPPER --><script type=\"text\/javascript\">\/\/ <![CDATA[\nfunction eggbfc(winw,resultoption) { var lasttop = winw, lastbottom = 0, smallest =9999, largest = 0, samount = 0, lamoung = 0, lastamount = 0, resultid = 0, resultidb = 0, responsiveEntries = [ { width:1400,amount:4}, { width:1170,amount:3}, { width:1024,amount:3}, { width:960,amount:3}, { width:778,amount:3}, { width:640,amount:3}, { width:480,amount:1} ]; if (responsiveEntries!=undefined &#038;&#038; responsiveEntries.length>0)\njQuery.each(responsiveEntries, function(index,obj) {\nvar curw = obj.width != undefined ? obj.width : 0,\ncura = obj.amount != undefined ? obj.amount : 0;\nif (smallest>curw) {\nsmallest = curw;\nsamount = cura;\nresultidb = index;\n}\nif (largest<curw) { largest = curw; lamount = cura; } if (curw>lastbottom && curw<=lasttop) { lastbottom = curw; lastamount = cura; resultid = index; } }) if (smallest>winw) {\nlastamount = samount;\nresultid = resultidb;\n}\nvar obj = new Object;\nobj.index = resultid;\nobj.column = lastamount;\nif (resultoption==\"id\")\nreturn obj;\nelse\nreturn lastamount;\n}\nif (\"even\"==\"even\") {\nvar coh=0,\ncontainer = jQuery(\"#esg-grid-3-1\");\nvar\tcwidth = container.width(),\nar = \"4:3\",\ngbfc = eggbfc(jQuery(window).width(),\"id\"),\nrow = 2;\nar = ar.split(\":\");\naratio=parseInt(ar[0],0) \/ parseInt(ar[1],0);\ncoh = cwidth \/ aratio;\ncoh = coh\/gbfc.column*row;\nvar ul = container.find(\"ul\").first();\nul.css({display:\"block\",height:coh+\"px\"});\n}\nvar essapi_3;\njQuery(document).ready(function() {\nessapi_3 = jQuery(\"#esg-grid-3-1\").tpessential({\ngridID:3,\nlayout:\"even\",\nforceFullWidth:\"off\",\nlazyLoad:\"off\",\nrow:2,\nloadMoreAjaxToken:\"08057405f9\",\nloadMoreAjaxUrl:\"http:\/\/peruks.ee\/wp-admin\/admin-ajax.php\",\nloadMoreAjaxAction:\"Essential_Grid_Front_request_ajax\",\najaxContentTarget:\"ess-grid-ajax-container-\",\najaxScrollToOffset:\"0\",\najaxCloseButton:\"off\",\najaxContentSliding:\"on\",\najaxScrollToOnLoad:\"on\",\najaxNavButton:\"off\",\najaxCloseType:\"type1\",\najaxCloseInner:\"false\",\najaxCloseStyle:\"light\",\najaxClosePosition:\"tr\",\nspace:10,\npageAnimation:\"fade\",\npaginationScrollToTop:\"off\",\nspinner:\"spinner0\",\nevenGridMasonrySkinPusher:\"off\",\nlightBoxMode:\"single\",\nanimSpeed:1000,\ndelayBasic:1,\nmainhoverdelay:1,\nfilterType:\"single\",\nshowDropFilter:\"hover\",\nfilterGroupClass:\"esg-fgc-3\",\ngoogleFonts:['Open+Sans:300,400,600,700,800','Raleway:100,200,300,400,500,600,700,800,900','Droid+Serif:400,700'],\naspectratio:\"4:3\",\nresponsiveEntries: [\n{ width:1400,amount:4},\n{ width:1170,amount:3},\n{ width:1024,amount:3},\n{ width:960,amount:3},\n{ width:778,amount:3},\n{ width:640,amount:3},\n{ width:480,amount:1}\n]\n});\ntry{\njQuery(\"#esg-grid-3-1 .esgbox\").esgbox({\npadding : [0,0,0,0],\nafterLoad:function() { \nif (this.element.hasClass(\"esgboxhtml5\")) {\nvar mp = this.element.data(\"mp4\"),\nogv = this.element.data(\"ogv\"),\nwebm = this.element.data(\"webm\");\nthis.content ='\n\n\n\n\n<div style=\"width:100%;height:100%;\"><video autoplay=\"true\" loop=\"\" class=\"rowbgimage\" poster=\"\" width=\"100%\" height=\"auto\"><source src=\"'+mp+'\" type=\"video\/mp4\"><source src=\"'+webm+'\" type=\"video\/webm\"><source src=\"'+ogv+'\" type=\"video\/ogg\"><\/video><\/div>\n\n\n\n\n';\t\nvar riint = setInterval(function() {jQuery(window).trigger(\"resize\");},100); setTimeout(function() {clearInterval(riint);},2500);\n};\n},\nbeforeShow : function () { \nthis.title = jQuery(this.element).attr('lgtitle');\nif (this.title) {\nthis.title=\"\";\nthis.title =  '\n\n\n\n\n<div style=\"padding:0px 0px 0px 0px\">'+this.title+'<\/div>\n\n\n\n\n';\n}\n},\nafterShow : function() {\n},\nopenEffect : 'fade',\ncloseEffect : 'fade',\nnextEffect : 'fade',\nprevEffect : 'fade',\nopenSpeed : 'normal',\ncloseSpeed : 'normal',\nnextSpeed : 'normal',\nprevSpeed : 'normal',\nhelpers : {\nmedia : {},\ntitle : {\ntype:\"\"\n}\n}\n});\n} catch (e) {}\n});\n\/\/ ]]><\/script><\/p>\n","protected":false},"excerpt":{"rendered":"<p>Portti on kodin k\u00e4yntikortti, jota k\u00e4ytet\u00e4\u00e4n joka p\u00e4iv\u00e4. Siksi niiden tulee n\u00e4ytt\u00e4\u00e4 tyylikk\u00e4ilt\u00e4 ja ennen kaikkea toimia moitteettomasti ja luotettavasti.<\/p>","protected":false},"author":1,"featured_media":2153,"parent":49,"menu_order":0,"comment_status":"closed","ping_status":"open","template":"","meta":{"_et_pb_use_builder":"","_et_pb_old_content":"","_et_gb_content_width":"","footnotes":""},"class_list":["post-52","page","type-page","status-publish","has-post-thumbnail","hentry"],"_links":{"self":[{"href":"https:\/\/peruks.ee\/fi\/wp-json\/wp\/v2\/pages\/52","targetHints":{"allow":["GET"]}}],"collection":[{"href":"https:\/\/peruks.ee\/fi\/wp-json\/wp\/v2\/pages"}],"about":[{"href":"https:\/\/peruks.ee\/fi\/wp-json\/wp\/v2\/types\/page"}],"author":[{"embeddable":true,"href":"https:\/\/peruks.ee\/fi\/wp-json\/wp\/v2\/users\/1"}],"replies":[{"embeddable":true,"href":"https:\/\/peruks.ee\/fi\/wp-json\/wp\/v2\/comments?post=52"}],"version-history":[{"count":6,"href":"https:\/\/peruks.ee\/fi\/wp-json\/wp\/v2\/pages\/52\/revisions"}],"predecessor-version":[{"id":2332,"href":"https:\/\/peruks.ee\/fi\/wp-json\/wp\/v2\/pages\/52\/revisions\/2332"}],"up":[{"embeddable":true,"href":"https:\/\/peruks.ee\/fi\/wp-json\/wp\/v2\/pages\/49"}],"wp:featuredmedia":[{"embeddable":true,"href":"https:\/\/peruks.ee\/fi\/wp-json\/wp\/v2\/media\/2153"}],"wp:attachment":[{"href":"https:\/\/peruks.ee\/fi\/wp-json\/wp\/v2\/media?parent=52"}],"curies":[{"name":"wp","href":"https:\/\/api.w.org\/{rel}","templated":true}]}}