{"id":53,"date":"2023-07-06T04:19:41","date_gmt":"2023-07-06T04:19:41","guid":{"rendered":"https:\/\/kiana.divicoded.com\/?page_id=53"},"modified":"2025-09-16T18:43:30","modified_gmt":"2025-09-16T18:43:30","slug":"kontakt","status":"publish","type":"page","link":"https:\/\/peruks.ee\/fi\/kontakt\/","title":{"rendered":"Yhteystiedot"},"content":{"rendered":"<p>[et_pb_section fb_built=&#8221;1&#8243; custom_padding_last_edited=&#8221;on|phone&#8221; _builder_version=&#8221;4.21.0&#8243; _module_preset=&#8221;default&#8221; background_color=&#8221;#f5f5f5&#8243; custom_padding=&#8221;0px||0px||true|false&#8221; custom_padding_tablet=&#8221;80px||80px||true|false&#8221; custom_padding_phone=&#8221;60px||60px||true|false&#8221; global_colors_info=&#8221;{}&#8221; theme_builder_area=&#8221;post_content&#8221;][et_pb_row _builder_version=&#8221;4.21.0&#8243; _module_preset=&#8221;default&#8221; width=&#8221;90%&#8221; custom_padding=&#8221;0px||0px||true|false&#8221; global_colors_info=&#8221;{}&#8221; theme_builder_area=&#8221;post_content&#8221;][et_pb_column type=&#8221;4_4&#8243; _builder_version=&#8221;4.21.0&#8243; _module_preset=&#8221;default&#8221; global_colors_info=&#8221;{}&#8221; theme_builder_area=&#8221;post_content&#8221;][et_pb_blurb title=&#8221;Abi v\u00f5i lisainfot vaja? V\u00f5tke meiega \u00fchendust!&#8221; content_max_width=&#8221;100%&#8221; _builder_version=&#8221;4.21.0&#8243; _module_preset=&#8221;default&#8221; header_level=&#8221;h2&#8243; header_font=&#8221;|700|||||||&#8221; header_text_color=&#8221;#212121&#8243; header_font_size=&#8221;40px&#8221; header_line_height=&#8221;50px&#8221; text_orientation=&#8221;center&#8221; header_font_size_tablet=&#8221;35px&#8221; header_font_size_phone=&#8221;30px&#8221; header_font_size_last_edited=&#8221;on|phone&#8221; header_line_height_tablet=&#8221;45px&#8221; header_line_height_phone=&#8221;40px&#8221; header_line_height_last_edited=&#8221;on|desktop&#8221; custom_css_blurb_title=&#8221;padding:0;||max-width:496px;||margin:auto;&#8221; global_colors_info=&#8221;{}&#8221; theme_builder_area=&#8221;post_content&#8221;][\/et_pb_blurb][\/et_pb_column][\/et_pb_row][et_pb_row column_structure=&#8221;1_4,1_4,1_4,1_4&#8243; _builder_version=&#8221;4.21.0&#8243; _module_preset=&#8221;default&#8221; width=&#8221;90%&#8221; custom_margin=&#8221;50px||-154px||false|false&#8221; custom_margin_tablet=&#8221;40px||0px||false|false&#8221; custom_margin_phone=&#8221;30px||||false|false&#8221; custom_margin_last_edited=&#8221;on|tablet&#8221; custom_padding=&#8221;0px||0px||true|false&#8221; custom_css_main_element=&#8221;display:flex;||z-index:3;&#8221; global_colors_info=&#8221;{}&#8221; custom_css_main_element_last_edited=&#8221;on|phone&#8221; custom_css_main_element_tablet=&#8221;display:block;&#8221; custom_css_main_element_phone=&#8221;display:block;&#8221; theme_builder_area=&#8221;post_content&#8221;][et_pb_column type=&#8221;1_4&#8243; _builder_version=&#8221;4.21.0&#8243; _module_preset=&#8221;default&#8221; global_colors_info=&#8221;{}&#8221; custom_css_main_element_last_edited=&#8221;on|phone&#8221; custom_css_main_element_phone=&#8221;width:100%!important;||margin:0 0 30px!important;&#8221; theme_builder_area=&#8221;post_content&#8221;][et_pb_blurb title=&#8221;Helista&#8221; use_icon=&#8221;on&#8221; font_icon=&#8221;&#xf2a0;||fa||900&#8243; icon_color=&#8221;#212121&#8243; image_icon_width=&#8221;45px&#8221; content_max_width=&#8221;100%&#8221; module_class=&#8221;kiana_contact_box&#8221; _builder_version=&#8221;4.27.4&#8243; _module_preset=&#8221;default&#8221; header_level=&#8221;h5&#8243; header_text_color=&#8221;#212121&#8243; header_line_height=&#8221;26px&#8221; body_font=&#8221;Source Sans Pro|700|||||||&#8221; body_font_size=&#8221;20px&#8221; body_line_height=&#8221;32px&#8221; body_link_text_color=&#8221;#000000&#8243; background_color=&#8221;#FFFFFF&#8221; text_orientation=&#8221;center&#8221; custom_padding=&#8221;30px|30px|30px|30px|true|true&#8221; custom_padding_tablet=&#8221;20px|20px|20px|20px|true|true&#8221; custom_padding_phone=&#8221;20px|20px|20px|20px|true|true&#8221; custom_padding_last_edited=&#8221;on|tablet&#8221; custom_css_main_element=&#8221;box-shadow: 0px 6px 25px 0px rgba(0, 0, 0, 0.05);||transition:all .5s ease;||height:100%;&#8221; custom_css_blurb_image=&#8221;margin:0 0 14px;||width: 129px;||height: 129px;||line-height:147px;||border:1px solid #212121;||border-radius:50%;||display:inline-flex;||justify-content:center;||align-items:center;||transition:all .5s ease;||transform:rotate(-40deg);&#8221; custom_css_blurb_title=&#8221;padding:0 0 3px;&#8221; global_colors_info=&#8221;{}&#8221; background__hover_enabled=&#8221;on|desktop&#8221; background_color__hover=&#8221;#f5f5f5&#8243; background_enable_color__hover=&#8221;on&#8221; theme_builder_area=&#8221;post_content&#8221;]<\/p>\n<p><a href=\"tel:+37251941909\">(+372) 5194 1909<\/a><\/p>\n<p>[\/et_pb_blurb][\/et_pb_column][et_pb_column type=&#8221;1_4&#8243; _builder_version=&#8221;4.21.0&#8243; _module_preset=&#8221;default&#8221; global_colors_info=&#8221;{}&#8221; custom_css_main_element_last_edited=&#8221;on|phone&#8221; custom_css_main_element_phone=&#8221;width:100%!important;||margin:0 0 30px!important;&#8221; theme_builder_area=&#8221;post_content&#8221;][et_pb_blurb title=&#8221;Kirjuta&#8221; use_icon=&#8221;on&#8221; font_icon=&#8221;&#xf2b6;||fa||400&#8243; icon_color=&#8221;#212121&#8243; image_icon_width=&#8221;45px&#8221; content_max_width=&#8221;100%&#8221; module_class=&#8221;kiana_contact_box&#8221; _builder_version=&#8221;4.27.4&#8243; _module_preset=&#8221;default&#8221; header_level=&#8221;h5&#8243; header_text_color=&#8221;#212121&#8243; header_line_height=&#8221;26px&#8221; body_font=&#8221;Source Sans Pro|700|||||||&#8221; body_font_size=&#8221;20px&#8221; body_line_height=&#8221;32px&#8221; body_link_text_color=&#8221;#000000&#8243; background_color=&#8221;#FFFFFF&#8221; text_orientation=&#8221;center&#8221; custom_padding=&#8221;30px|30px|30px|30px|true|true&#8221; custom_padding_tablet=&#8221;20px|20px|20px|20px|true|true&#8221; custom_padding_phone=&#8221;20px|20px|20px|20px|true|true&#8221; custom_padding_last_edited=&#8221;on|tablet&#8221; custom_css_main_element=&#8221;box-shadow: 0px 6px 25px 0px rgba(0, 0, 0, 0.05);||transition:all .5s ease;||height:100%;&#8221; custom_css_blurb_image=&#8221;margin:0 0 14px;||width: 129px;||height: 129px;||line-height:147px;||border:1px solid #212121;||border-radius:50%;||display:inline-flex;||justify-content:center;||align-items:center;||transition:all .5s ease;&#8221; custom_css_blurb_title=&#8221;padding:0 0 3px;&#8221; global_colors_info=&#8221;{}&#8221; background__hover_enabled=&#8221;on|desktop&#8221; background_color__hover=&#8221;#f5f5f5&#8243; background_enable_color__hover=&#8221;on&#8221; theme_builder_area=&#8221;post_content&#8221;]<\/p>\n<p><a href=\"mailto:info@peruks.ee\">info@peruks.ee<\/a><\/p>\n<p>[\/et_pb_blurb][\/et_pb_column][et_pb_column type=&#8221;1_4&#8243; _builder_version=&#8221;4.21.0&#8243; _module_preset=&#8221;default&#8221; global_colors_info=&#8221;{}&#8221; custom_css_main_element_last_edited=&#8221;on|phone&#8221; custom_css_main_element_phone=&#8221;width:100%!important;||margin:0 0 30px!important;&#8221; theme_builder_area=&#8221;post_content&#8221;][et_pb_blurb title=&#8221;Asukoht&#8221; use_icon=&#8221;on&#8221; font_icon=&#8221;&#xe01d;||divi||400&#8243; icon_color=&#8221;#212121&#8243; image_icon_width=&#8221;45px&#8221; content_max_width=&#8221;100%&#8221; module_class=&#8221;kiana_contact_box&#8221; _builder_version=&#8221;4.27.4&#8243; _module_preset=&#8221;default&#8221; header_level=&#8221;h5&#8243; header_text_color=&#8221;#212121&#8243; header_line_height=&#8221;26px&#8221; body_font=&#8221;Source Sans Pro|700|||||||&#8221; body_font_size=&#8221;20px&#8221; body_line_height=&#8221;32px&#8221; background_color=&#8221;#FFFFFF&#8221; text_orientation=&#8221;center&#8221; custom_padding=&#8221;30px|30px|30px|30px|true|true&#8221; custom_padding_tablet=&#8221;20px|20px|20px|20px|true|true&#8221; custom_padding_phone=&#8221;20px|20px|20px|20px|true|true&#8221; custom_padding_last_edited=&#8221;on|tablet&#8221; custom_css_main_element=&#8221;box-shadow: 0px 6px 25px 0px rgba(0, 0, 0, 0.05);||transition:all .5s ease;||height:100%;&#8221; custom_css_blurb_image=&#8221;margin:0 0 14px;||width: 129px;||height: 129px;||line-height:147px;||border:1px solid #212121;||border-radius:50%;||display:inline-flex;||justify-content:center;||align-items:center;||transition:all .5s ease;&#8221; custom_css_blurb_title=&#8221;padding:0 0 3px;&#8221; global_colors_info=&#8221;{}&#8221; background__hover_enabled=&#8221;on|desktop&#8221; background_color__hover=&#8221;#f5f5f5&#8243; background_enable_color__hover=&#8221;on&#8221; theme_builder_area=&#8221;post_content&#8221;]<\/p>\n<p>Kreegi tn 5, Klooga<\/p>\n<p>[\/et_pb_blurb][\/et_pb_column][et_pb_column type=&#8221;1_4&#8243; _builder_version=&#8221;4.21.0&#8243; _module_preset=&#8221;default&#8221; global_colors_info=&#8221;{}&#8221; custom_css_main_element_last_edited=&#8221;on|phone&#8221; custom_css_main_element_phone=&#8221;width:100%!important;||margin:0 !important;&#8221; theme_builder_area=&#8221;post_content&#8221;][et_pb_blurb title=&#8221;Avatud&#8221; use_icon=&#8221;on&#8221; font_icon=&#8221;&#xf017;||fa||400&#8243; icon_color=&#8221;#212121&#8243; image_icon_width=&#8221;45px&#8221; content_max_width=&#8221;100%&#8221; module_class=&#8221;kiana_contact_box&#8221; _builder_version=&#8221;4.27.4&#8243; _module_preset=&#8221;default&#8221; header_level=&#8221;h5&#8243; header_text_color=&#8221;#212121&#8243; header_line_height=&#8221;26px&#8221; body_font=&#8221;Source Sans Pro|700|||||||&#8221; body_font_size=&#8221;20px&#8221; body_line_height=&#8221;32px&#8221; background_color=&#8221;#FFFFFF&#8221; text_orientation=&#8221;center&#8221; custom_padding=&#8221;30px|30px|30px|30px|true|true&#8221; custom_padding_tablet=&#8221;20px|20px|20px|20px|true|true&#8221; custom_padding_phone=&#8221;20px|20px|20px|20px|true|true&#8221; custom_padding_last_edited=&#8221;on|tablet&#8221; custom_css_main_element=&#8221;box-shadow: 0px 6px 25px 0px rgba(0, 0, 0, 0.05);||transition:all .5s ease;||height:100%;&#8221; custom_css_blurb_image=&#8221;margin:0 0 14px;||width: 129px;||height: 129px;||line-height:147px;||border:1px solid #212121;||border-radius:50%;||display:inline-flex;||justify-content:center;||align-items:center;||transition:all .5s ease;&#8221; custom_css_blurb_title=&#8221;padding:0 0 3px;&#8221; global_colors_info=&#8221;{}&#8221; background__hover_enabled=&#8221;on|desktop&#8221; background_color__hover=&#8221;#f5f5f5&#8243; background_enable_color__hover=&#8221;on&#8221; theme_builder_area=&#8221;post_content&#8221;]<\/p>\n<p><span>E-R 08.00 \u2013 17.00<\/span><\/p>\n<p>[\/et_pb_blurb][\/et_pb_column][\/et_pb_row][et_pb_row _builder_version=&#8221;4.21.0&#8243; _module_preset=&#8221;default&#8221; width=&#8221;100%&#8221; max_width=&#8221;100%&#8221; custom_margin_tablet=&#8221;40px||||false|false&#8221; custom_margin_phone=&#8221;30px||||false|false&#8221; custom_margin_last_edited=&#8221;on|tablet&#8221; custom_padding=&#8221;0px||0px||true|false&#8221; global_colors_info=&#8221;{}&#8221; theme_builder_area=&#8221;post_content&#8221;][et_pb_column type=&#8221;4_4&#8243; _builder_version=&#8221;4.21.0&#8243; _module_preset=&#8221;default&#8221; global_colors_info=&#8221;{}&#8221; theme_builder_area=&#8221;post_content&#8221;][et_pb_code _builder_version=&#8221;4.27.4&#8243; _module_preset=&#8221;default&#8221; custom_css_main_element=&#8221;line-height:0;&#8221; global_colors_info=&#8221;{}&#8221; theme_builder_area=&#8221;post_content&#8221;]<iframe src=\"https:\/\/www.google.com\/maps\/embed?pb=!1m18!1m12!1m3!1d2035.7988652753222!2d24.21910567782614!3d59.319615511797615!2m3!1f0!2f0!3f0!3m2!1i1024!2i768!4f13.1!3m3!1m2!1s0x4692a4607845dbc3%3A0x9cd06e871dc37497!2sKreegi%20tn%205%2C%20Klooga%2C%2076703%20Harju%20maakond!5e0!3m2!1set!2see!4v1758031631925!5m2!1set!2see\" width=\"100%\" height=\"668px\" style=\"border:0;\" allowfullscreen=\"\" loading=\"lazy\" referrerpolicy=\"no-referrer-when-downgrade\"><\/iframe>[\/et_pb_code][\/et_pb_column][\/et_pb_row][\/et_pb_section]<\/p>\n","protected":false},"excerpt":{"rendered":"<p>(+372) 5194 1909info@peruks.eeKreegi tn 5, KloogaE-R 08.00 \u2013 17.00<\/p>","protected":false},"author":1,"featured_media":0,"parent":0,"menu_order":0,"comment_status":"closed","ping_status":"closed","template":"","meta":{"_et_pb_use_builder":"on","_et_pb_old_content":"<!-- wp:divi\/placeholder \/-->","_et_gb_content_width":"","footnotes":""},"class_list":["post-53","page","type-page","status-publish","hentry"],"_links":{"self":[{"href":"https:\/\/peruks.ee\/fi\/wp-json\/wp\/v2\/pages\/53","targetHints":{"allow":["GET"]}}],"collection":[{"href":"https:\/\/peruks.ee\/fi\/wp-json\/wp\/v2\/pages"}],"about":[{"href":"https:\/\/peruks.ee\/fi\/wp-json\/wp\/v2\/types\/page"}],"author":[{"embeddable":true,"href":"https:\/\/peruks.ee\/fi\/wp-json\/wp\/v2\/users\/1"}],"replies":[{"embeddable":true,"href":"https:\/\/peruks.ee\/fi\/wp-json\/wp\/v2\/comments?post=53"}],"version-history":[{"count":13,"href":"https:\/\/peruks.ee\/fi\/wp-json\/wp\/v2\/pages\/53\/revisions"}],"predecessor-version":[{"id":5528,"href":"https:\/\/peruks.ee\/fi\/wp-json\/wp\/v2\/pages\/53\/revisions\/5528"}],"wp:attachment":[{"href":"https:\/\/peruks.ee\/fi\/wp-json\/wp\/v2\/media?parent=53"}],"curies":[{"name":"wp","href":"https:\/\/api.w.org\/{rel}","templated":true}]}}