{"id":69,"date":"2014-10-23T09:15:25","date_gmt":"2014-10-23T09:15:25","guid":{"rendered":"http:\/\/xml-io.proteusthemes.com\/buildpress\/?page_id=69"},"modified":"2016-02-22T21:26:01","modified_gmt":"2016-02-22T21:26:01","slug":"metallitood","status":"publish","type":"page","link":"https:\/\/peruks.ee\/fi\/teenused\/metallitood\/","title":{"rendered":"METALLITY\u00d6T"},"content":{"rendered":"<h2 class=\"alternative-heading\"><strong>METALLITY\u00d6T<\/strong><\/h2>\n<p>Valmistamme metallituotteita mittatilausty\u00f6n\u00e4. Pitk\u00e4aikainen kokemuksemme metallialalta auttaa l\u00f6yt\u00e4m\u00e4\u00e4n teille sopivan ratkaisun ja toteuttamaan sen k\u00e4yt\u00e4nn\u00f6ss\u00e4.<\/p>\n<p>Tuotanto sijaitsee Virossa Keilan l\u00e4hettyvill\u00e4.<\/p>\n<p>Alla n\u00e4ette tarjoamiemme palvelujen ja toteuttamiemme t\u00f6iden luettelon.<\/p>\n<h2 class=\"alternative-heading\"><strong>Porttien ja aitojen erityistilaukset<\/strong><\/h2>\n<p>Koska aidat ja portit ovat p\u00e4\u00e4toimialamme, valmistamme niit\u00e4 asiakkaillemme my\u00f6s erityistilauksina.<\/p>\n<p>Pitk\u00e4aikainen kokemuksemme auttaa meit\u00e4 l\u00f6yt\u00e4m\u00e4\u00e4n sek\u00e4 muotoilultaan ett\u00e4 rakenteeltaan Sinun toiveittesi ja tarpeittesi mukaisen ratkaisun, jossa otetaan huomioon my\u00f6s kohteen erityispiirteet.<\/p>\n<p>Valmistamme aitoja metallista, puusta, hitsatuista elementeist\u00e4, hitsatusta verkosta ja levyverkosta. Aidanpylv\u00e4iksi tarjoamme metallitolppia ja erilaisia pylv\u00e4selementtej\u00e4.<\/p>\n<p>Valmistamme lehtiportteja, k\u00e4yntiportteja ja liukuportteja.<\/p>\n<p>Valmiit tuotteet k\u00e4sitell\u00e4\u00e4n s\u00e4\u00e4nkest\u00e4v\u00e4ll\u00e4 maalilla, pulverimaalilla tai kuumasinkityksell\u00e4.<\/p>\n<h2 class=\"alternative-heading\"><strong>Kaiteet<\/strong><\/h2>\n<p>Valmistamme kaiteita parvekkeille, terasseille, ranskalaisille parvekkeille ja portaisiin.<\/p>\n<p>Niiden valmistukseen k\u00e4ytet\u00e4\u00e4n mustaa metalliputkea tai -profiilia. Asiakas voi itse valita viimeistelyvaihtoehdot pohjamaalauksesta pulverimaalaukseen.<\/p>\n<p>Ulkona k\u00e4ytett\u00e4ville tuotteille suosittelemme kuumasinkityst\u00e4.<\/p>\n<p>Halutessanne autamme mielell\u00e4mme muotoilun ja kokonaisuuden suunnittelussa. Suoritamme mittaukset, valmistamme elementit ja pystyt\u00e4mme valmiit tuotteet.<\/p>\n<h2 class=\"alternative-heading\"><strong>Hitsausty\u00f6t<\/strong><\/h2>\n<p>K\u00e4yt\u00e4mme puoliautomaattista hitsausmenetelm\u00e4\u00e4 ja elektrodeja, jotka takaavat ensiluokkaisen ja kest\u00e4v\u00e4n lopputuloksen. Laadukkaiden laitteiden lis\u00e4ksi k\u00e4yt\u00e4mme vain p\u00e4tevi\u00e4 ty\u00f6ntekij\u00f6it\u00e4.<\/p>\n<p>Tarjoamme hitsauspalvelua my\u00f6s asiakkaan haluamassa kohteessa.<\/p>\n<p>V\u00d5TA \u00dcHENDUST NING LEIAME KOOS SOBIVA LAHENDUSE <a class=\"btn btn-primary\" href=\"\/fi\/kontakt\/\" target=\"_self\">K\u00dcSI HINNAPAKKUMIST<\/a><\/p>","protected":false},"excerpt":{"rendered":"<p>Valmistamme metallituotteita mittatilausty\u00f6n\u00e4. Pitk\u00e4aikainen kokemuksemme metallialalta auttaa l\u00f6yt\u00e4m\u00e4\u00e4n teille sopivan ratkaisun ja toteuttamaan sen k\u00e4yt\u00e4nn\u00f6ss\u00e4.<\/p>","protected":false},"author":1,"featured_media":2154,"parent":49,"menu_order":0,"comment_status":"closed","ping_status":"closed","template":"","meta":{"_et_pb_use_builder":"","_et_pb_old_content":"","_et_gb_content_width":"","footnotes":""},"class_list":["post-69","page","type-page","status-publish","has-post-thumbnail","hentry"],"_links":{"self":[{"href":"https:\/\/peruks.ee\/fi\/wp-json\/wp\/v2\/pages\/69","targetHints":{"allow":["GET"]}}],"collection":[{"href":"https:\/\/peruks.ee\/fi\/wp-json\/wp\/v2\/pages"}],"about":[{"href":"https:\/\/peruks.ee\/fi\/wp-json\/wp\/v2\/types\/page"}],"author":[{"embeddable":true,"href":"https:\/\/peruks.ee\/fi\/wp-json\/wp\/v2\/users\/1"}],"replies":[{"embeddable":true,"href":"https:\/\/peruks.ee\/fi\/wp-json\/wp\/v2\/comments?post=69"}],"version-history":[{"count":3,"href":"https:\/\/peruks.ee\/fi\/wp-json\/wp\/v2\/pages\/69\/revisions"}],"predecessor-version":[{"id":2257,"href":"https:\/\/peruks.ee\/fi\/wp-json\/wp\/v2\/pages\/69\/revisions\/2257"}],"up":[{"embeddable":true,"href":"https:\/\/peruks.ee\/fi\/wp-json\/wp\/v2\/pages\/49"}],"wp:featuredmedia":[{"embeddable":true,"href":"https:\/\/peruks.ee\/fi\/wp-json\/wp\/v2\/media\/2154"}],"wp:attachment":[{"href":"https:\/\/peruks.ee\/fi\/wp-json\/wp\/v2\/media?parent=69"}],"curies":[{"name":"wp","href":"https:\/\/api.w.org\/{rel}","templated":true}]}}