{"id":87,"date":"2014-10-23T09:24:42","date_gmt":"2014-10-23T09:24:42","guid":{"rendered":"http:\/\/xml-io.proteusthemes.com\/buildpress\/?page_id=87"},"modified":"2016-02-22T21:24:48","modified_gmt":"2016-02-22T21:24:48","slug":"aiad","status":"publish","type":"page","link":"https:\/\/peruks.ee\/fi\/teenused\/aiad\/","title":{"rendered":"AIDAT"},"content":{"rendered":"<h2 class=\"alternative-heading\"><strong>Aiad<\/strong><\/h2>\n<p>Pikaaegsed kogemused aedade valmistamise ja paigaldamise vallas aitavad leida Teile sobiva lahenduse ning selle ellu viia.<\/p>\n<p>Allj\u00e4rgnevalt toome v\u00e4lja enim levinud aedade t\u00fc\u00fcbid ning nendega kaasnevad plussid ja miinused, et saaksite tutvuda v\u00f5imalike lahendustega, mis vastavad k\u00f5ige enam Teie vajadustele.<\/p>\n<h2 class=\"alternative-heading\"><strong>Puitaiad<\/strong><\/h2>\n<p>Puitaedade puhul kasutatakse liigitamisel enamasti kahte eri t\u00fc\u00fcpi &#8211; vertikaalsed ja horisontaalsed puitaiad.<\/p>\n<p>Vertikaalsed puitaiad on klassikaline valik, mis sobivad paljude maja t\u00fc\u00fcpidega. Nende eluiga pikendab \u00fclemise kaitseliistu paigaldamine.<\/p>\n<p>Horisontaalsed puitaiad v\u00f5imaldavad pakkuda suuremat privaatsust ja m\u00fcra summutamist, kuna neid on v\u00f5imalik paigaldada topeltlaudisega.Viimistlusena on v\u00f5imalik valida naturaalse, immutatud ning v\u00e4rvitud puidu vahel.Postidena on v\u00f5imalik kasutada metallist ja kivist poste.<\/p>\n<h2 class=\"alternative-heading\"><strong>V\u00f5rkaiad<\/strong><\/h2>\n<p>V\u00f5rkaiad pakuvad erinevaid lahendusi:<\/p>\n<ul>\n<li>\u00a0\u00a0 Punutud v\u00f5rk<\/li>\n<li>\u00a0\u00a0 Keevisv\u00f5rk<\/li>\n<li>\u00a0\u00a0 Keevispaneel<\/li>\n<li>\u00a0\u00a0 Loomav\u00f5rk<\/li>\n<li>\u00a0\u00a0 Puuriv\u00f5rk<\/li>\n<\/ul>\n<p>V\u00f5rkaiad on enamasti valmistatutud traadist ning ehituse poolest jagunevad keevisv\u00f5rkudeks (kokku keevitatud) ning punutud v\u00f5rkudeks. Viimistluses on v\u00f5imalik valida kuumtsingitud ja PVC kattega lahenduste vahel.<\/p>\n<p>V\u00f5rkaia eelisteks on kiire paigaldus, soodne hind ja ilmastikukindlus. Puudusteks on m\u00fcrakaitse puudumine, madalam koormuse talumine ning ta ei paku privaatsust.<\/p>\n<p><strong>Punutud v\u00f5rkaia<\/strong> paigaldamisel kasutatakse pingutustraati (kogus oleneb aia k\u00f5rgusest) mis kinnitatakse postide k\u00fclge.<\/p>\n<p><strong>Keevisv\u00f5rkaia <\/strong>paigaldamisel kasutatakse spetsiaalseid klambreid (kogus oleneb aia k\u00f5rgusest), mida pingutatakse spetsiaalsete tangidega.<\/p>\n<p><strong>Keevispaneelaia<\/strong> paigaldamine on kiire, kuna kasutatakse valmis lahendust. Paneelide paigaldamisel kasutatakse spetsiaalseid poste, kuhu paneelid sobituvad. Nende eeliseks on suurem koormuse talumine, mis tagab suurema kindluse vandaalitsemise vastu, kuid v\u00f5rreldes tavalise v\u00f5rkaiaga on nende maksumus k\u00f5rgem.<\/p>\n<p><strong>Loomav\u00f5rke<\/strong> saab paigaldada metallpostidele v\u00f5i puitpostidele ning need aitavad hoida loomad ettem\u00e4\u00e4ratud alal.<\/p>\n<p><strong>Puuriv\u00f5rke<\/strong> kasutatakse v\u00e4ikeloomade puuride ehitamisel.<\/p>\n<h2 class=\"alternative-heading\"><strong>Metallaiad<\/strong><\/h2>\n<p>Metallaiad on kvaliteetsed, vastupidavad ja dekoratiivsed piirded. T\u00e4nu paljudele erinevatele kujundustele on nad sobilikud erinevate hoonete puhul. Lisaks saab neid kaunistada erinevate sepistega, mis annavad aiale juurde isikup\u00e4ra.<\/p>\n<p>Meie poolt paigaldatavad metallaiad on kuumtsingitud ning viimistletud pulberv\u00e4rviga (v\u00e4rv vastavalt Kliendi soovile).<\/p>\n<h2 class=\"alternative-heading\"><strong>Sokkel<\/strong><\/h2>\n<p>Peamised valikud sokli ehitamisel on lintvundamendi v\u00f5i betoonist moodulsokli kasutamine.<\/p>\n<p>Sokkel annab aiale pikema eluea, muudab v\u00e4limuse esindlikumaks, lihtsustab haljastuse hooldamist ning lemmikloomad ei p\u00e4\u00e4se piiretest l\u00e4bi.<\/p>\n<p>Moodulsokli jaoks on t\u00e4nap\u00e4evased postid varustatud spetsiaalsete aasadega, mis tagavad kiire paigaldamise.<\/p>\n<p>V\u00d5TA \u00dcHENDUST NING LEIAME KOOS SOBIVA LAHENDUSE <a class=\"btn btn-primary\" href=\"kontakt\" target=\"_self\">K\u00dcSI HINNAPAKKUMIST<\/a><\/p>\n<h3 class=\"widget-title\">Tehtud t\u00f6\u00f6d<\/h3>\n<p><!-- CACHE FOUND FOR: 2 --><!-- ESSENTIAL GRID SKIN CSS --><!-- ESSENTIAL GRID END SKIN CSS --><\/p>\n<p><!-- THE ESSENTIAL GRID 2.0.9.1 --><\/p>\n<p><!-- GRID WRAPPER FOR CONTAINER SIZING - HERE YOU CAN SET THE CONTAINER SIZE AND CONTAINER SKIN --><\/p>\n<article id=\"esg-grid-2-1-wrap\" class=\"myportfolio-container minimal-light\"><!-- THE GRID ITSELF WITH FILTERS, PAGINATION, SORTING ETC... --><\/p>\n<article class=\"esg-filters esg-singlefilters\" style=\"margin-bottom: 0px; text-align: center;\"><!-- THE FILTERING, SORTING AND WOOCOMMERCE BUTTONS --><!-- THE FILTER BUTTONS -->K\u00d5IKAIAD<i class=\"eg-icon-ok-1\"><\/i><\/article>\n<p><!-- ############################ --> <!-- THE GRID ITSELF WITH ENTRIES --> <!-- ############################ --><\/p>\n<ul><!-- PORTFOLIO ITEM 1 --><\/ul>\n<\/article>\n<ul>\n<li class=\"filterall filter-aiad filter-automaatika filter-varavad eg-washington-wrapper eg-post-id-2200\" data-title=\"metallaed\"><!-- THE CONTAINER FOR THE MEDIA AND THE COVER EFFECTS --> <!-- THE MEDIA OF THE ENTRY --> <img decoding=\"async\" src=\"http:\/\/peruks.ee\/wp-content\/uploads\/2016\/02\/metallaed.jpg\" alt=\"\" \/> <!-- THE CONTENT OF THE ENTRY --> <!-- THE COLORED OVERLAY --> <i class=\"eg-icon-search\"><\/i> <i class=\"eg-icon-link\"><\/i> METALLAED ERAMUL <!-- END OF THE CONTENT IN THE ENTRY --> <!-- END OF THE CONTAINER FOR THE MEDIA AND COVER\/HOVER EFFECTS --><\/li>\n<\/ul>\n<p><!-- END OF PORTFOLIO ITEM --> <!-- PORTFOLIO ITEM 1 --><\/p>\n<ul>\n<li class=\"filterall filter-aiad filter-trepid eg-washington-wrapper eg-post-id-2205\" data-title=\"eha-tanav\"><!-- THE CONTAINER FOR THE MEDIA AND THE COVER EFFECTS --> <!-- THE MEDIA OF THE ENTRY --> <img decoding=\"async\" src=\"http:\/\/peruks.ee\/wp-content\/uploads\/2016\/02\/EHA-t\u00e4nav.jpg\" alt=\"\" \/> <!-- THE CONTENT OF THE ENTRY --> <!-- THE COLORED OVERLAY --> <i class=\"eg-icon-search\"><\/i> <i class=\"eg-icon-link\"><\/i> EHA T\u00c4NAVA KORTERELAMU <!-- END OF THE CONTENT IN THE ENTRY --> <!-- END OF THE CONTAINER FOR THE MEDIA AND COVER\/HOVER EFFECTS --><\/li>\n<\/ul>\n<p><!-- END OF PORTFOLIO ITEM --> <!-- PORTFOLIO ITEM 1 --><\/p>\n<ul>\n<li class=\"filterall filter-aiad filter-varavad eg-washington-wrapper eg-post-id-2277\" data-title=\"lasnamae\"><!-- THE CONTAINER FOR THE MEDIA AND THE COVER EFFECTS --> <!-- THE MEDIA OF THE ENTRY --> <img decoding=\"async\" src=\"http:\/\/peruks.ee\/wp-content\/uploads\/2016\/02\/Lasnam\u00e4e-turg_1.jpg\" alt=\"Piirdeaia ehitamine\" \/> <!-- THE CONTENT OF THE ENTRY --> <!-- THE COLORED OVERLAY --> <i class=\"eg-icon-search\"><\/i> <i class=\"eg-icon-link\"><\/i> LASNAM\u00c4E TURG <!-- END OF THE CONTENT IN THE ENTRY --> <!-- END OF THE CONTAINER FOR THE MEDIA AND COVER\/HOVER EFFECTS --><\/li>\n<\/ul>\n<p><!-- END OF PORTFOLIO ITEM --> <!-- PORTFOLIO ITEM 1 --><\/p>\n<ul>\n<li class=\"filterall filter-aiad filter-automaatika filter-varavad eg-washington-wrapper eg-post-id-2282\" data-title=\"tabasalu-e\"><!-- THE CONTAINER FOR THE MEDIA AND THE COVER EFFECTS --> <!-- THE MEDIA OF THE ENTRY --> <img decoding=\"async\" src=\"http:\/\/peruks.ee\/wp-content\/uploads\/2016\/02\/Tabasalu-eramu_1.jpg\" alt=\"Eramu piirdeaed automaatikaga\" \/> <!-- THE CONTENT OF THE ENTRY --> <!-- THE COLORED OVERLAY --> <i class=\"eg-icon-search\"><\/i> <i class=\"eg-icon-link\"><\/i> TABASALU ERAMU <!-- END OF THE CONTENT IN THE ENTRY --> <!-- END OF THE CONTAINER FOR THE MEDIA AND COVER\/HOVER EFFECTS --><\/li>\n<\/ul>\n<p><!-- END OF PORTFOLIO ITEM --> <!-- PORTFOLIO ITEM 1 --><\/p>\n<ul>\n<li class=\"filterall filter-aiad filter-varavad eg-washington-wrapper eg-post-id-2289\" data-title=\"lasnamae\"><!-- THE CONTAINER FOR THE MEDIA AND THE COVER EFFECTS --> <!-- THE MEDIA OF THE ENTRY --> <img decoding=\"async\" src=\"http:\/\/peruks.ee\/wp-content\/uploads\/2016\/02\/Lasnam\u00e4e-Pae-park_1.jpg\" alt=\"Piirdeaed koos jalgv\u00e4ravaga\" \/> <!-- THE CONTENT OF THE ENTRY --> <!-- THE COLORED OVERLAY --> <i class=\"eg-icon-search\"><\/i> <i class=\"eg-icon-link\"><\/i> LASNAM\u00c4E PAE PARK <!-- END OF THE CONTENT IN THE ENTRY --> <!-- END OF THE CONTAINER FOR THE MEDIA AND COVER\/HOVER EFFECTS --><\/li>\n<\/ul>\n<p><!-- END OF PORTFOLIO ITEM --> <!-- PORTFOLIO ITEM 1 --><\/p>\n<ul>\n<li class=\"filterall filter-aiad filter-automaatika filter-varavad eg-washington-wrapper eg-post-id-2294\" data-title=\"lagedi-era\"><!-- THE CONTAINER FOR THE MEDIA AND THE COVER EFFECTS --> <!-- THE MEDIA OF THE ENTRY --> <img decoding=\"async\" src=\"http:\/\/peruks.ee\/wp-content\/uploads\/2016\/02\/Eramu-puitaed_1.jpg\" alt=\"Eramu puitaed\" \/> <!-- THE CONTENT OF THE ENTRY --> <!-- THE COLORED OVERLAY --> <i class=\"eg-icon-search\"><\/i> <i class=\"eg-icon-link\"><\/i> LAGEDI ERAMU <!-- END OF THE CONTENT IN THE ENTRY --> <!-- END OF THE CONTAINER FOR THE MEDIA AND COVER\/HOVER EFFECTS --><\/li>\n<\/ul>\n<p><!-- END OF PORTFOLIO ITEM --> <!-- PORTFOLIO ITEM 1 --><\/p>\n<ul>\n<li class=\"filterall filter-aiad filter-automaatika filter-varavad eg-washington-wrapper eg-post-id-2300\" data-title=\"joelahtm\"><!-- THE CONTAINER FOR THE MEDIA AND THE COVER EFFECTS --> <!-- THE MEDIA OF THE ENTRY --> <img decoding=\"async\" src=\"http:\/\/peruks.ee\/wp-content\/uploads\/2016\/02\/Horisontaalne-puitlaudis.jpg\" alt=\"Horisontaalne puitlaudis\" \/> <!-- THE CONTENT OF THE ENTRY --> <!-- THE COLORED OVERLAY --> <i class=\"eg-icon-search\"><\/i> <i class=\"eg-icon-link\"><\/i> J\u00d5EL\u00c4HTME ERAMU <!-- END OF THE CONTENT IN THE ENTRY --> <!-- END OF THE CONTAINER FOR THE MEDIA AND COVER\/HOVER EFFECTS --><\/li>\n<\/ul>\n<p><!-- END OF PORTFOLIO ITEM --> <!-- PORTFOLIO ITEM 1 --><\/p>\n<ul>\n<li class=\"filterall filter-aiad filter-varavad eg-washington-wrapper eg-post-id-2305\" data-title=\"alasniidu\"><!-- THE CONTAINER FOR THE MEDIA AND THE COVER EFFECTS --> <!-- THE MEDIA OF THE ENTRY --> <img decoding=\"async\" src=\"http:\/\/peruks.ee\/wp-content\/uploads\/2016\/02\/keevispaneel-piirdeaed.jpg\" alt=\"keevispaneel piirdeaed\" \/> <!-- THE CONTENT OF THE ENTRY --> <!-- THE COLORED OVERLAY --> <i class=\"eg-icon-search\"><\/i> <i class=\"eg-icon-link\"><\/i> ALASNIIDU LASTEAED <!-- END OF THE CONTENT IN THE ENTRY --> <!-- END OF THE CONTAINER FOR THE MEDIA AND COVER\/HOVER EFFECTS --><\/li>\n<\/ul>\n<p><!-- END OF PORTFOLIO ITEM --><\/p>\n<p><!-- ############################ --> <!-- END OF THE GRID --> <!-- ############################ --><\/p>\n<article class=\"esg-filters esg-singlefilters esg-navbutton-solo-left\" style=\"margin-left: 0px;\"><i class=\"eg-icon-left-open\"><\/i><\/article>\n<article class=\"esg-filters esg-singlefilters esg-navbutton-solo-right\" style=\"margin-right: 0px;\"><i class=\"eg-icon-right-open\"><\/i><\/article>\n<p><!-- END OF THE GRID --><\/p>\n<p><!-- END OF THE GRID WRAPPER --><script type=\"text\/javascript\">\/\/ <![CDATA[\nfunction eggbfc(winw,resultoption) { var lasttop = winw, lastbottom = 0, smallest =9999, largest = 0, samount = 0, lamoung = 0, lastamount = 0, resultid = 0, resultidb = 0, responsiveEntries = [ { width:1400,amount:4}, { width:1170,amount:3}, { width:1024,amount:3}, { width:960,amount:3}, { width:778,amount:3}, { width:640,amount:3}, { width:480,amount:1} ]; if (responsiveEntries!=undefined &#038;&#038; responsiveEntries.length>0)\njQuery.each(responsiveEntries, function(index,obj) {\nvar curw = obj.width != undefined ? obj.width : 0,\ncura = obj.amount != undefined ? obj.amount : 0;\nif (smallest>curw) {\nsmallest = curw;\nsamount = cura;\nresultidb = index;\n}\nif (largest<curw) { largest = curw; lamount = cura; } if (curw>lastbottom && curw<=lasttop) { lastbottom = curw; lastamount = cura; resultid = index; } }) if (smallest>winw) {\nlastamount = samount;\nresultid = resultidb;\n}\nvar obj = new Object;\nobj.index = resultid;\nobj.column = lastamount;\nif (resultoption==\"id\")\nreturn obj;\nelse\nreturn lastamount;\n}\nif (\"even\"==\"even\") {\nvar coh=0,\ncontainer = jQuery(\"#esg-grid-2-1\");\nvar\tcwidth = container.width(),\nar = \"4:3\",\ngbfc = eggbfc(jQuery(window).width(),\"id\"),\nrow = 2;\nar = ar.split(\":\");\naratio=parseInt(ar[0],0) \/ parseInt(ar[1],0);\ncoh = cwidth \/ aratio;\ncoh = coh\/gbfc.column*row;\nvar ul = container.find(\"ul\").first();\nul.css({display:\"block\",height:coh+\"px\"});\n}\nvar essapi_2;\njQuery(document).ready(function() {\nessapi_2 = jQuery(\"#esg-grid-2-1\").tpessential({\ngridID:2,\nlayout:\"even\",\nforceFullWidth:\"off\",\nlazyLoad:\"off\",\nrow:2,\nloadMoreAjaxToken:\"08057405f9\",\nloadMoreAjaxUrl:\"http:\/\/peruks.ee\/wp-admin\/admin-ajax.php\",\nloadMoreAjaxAction:\"Essential_Grid_Front_request_ajax\",\najaxContentTarget:\"ess-grid-ajax-container-\",\najaxScrollToOffset:\"0\",\najaxCloseButton:\"off\",\najaxContentSliding:\"on\",\najaxScrollToOnLoad:\"on\",\najaxNavButton:\"off\",\najaxCloseType:\"type1\",\najaxCloseInner:\"false\",\najaxCloseStyle:\"light\",\najaxClosePosition:\"tr\",\nspace:10,\npageAnimation:\"fade\",\npaginationScrollToTop:\"off\",\nspinner:\"spinner0\",\nevenGridMasonrySkinPusher:\"off\",\nlightBoxMode:\"single\",\nanimSpeed:1000,\ndelayBasic:1,\nmainhoverdelay:1,\nfilterType:\"single\",\nshowDropFilter:\"hover\",\nfilterGroupClass:\"esg-fgc-2\",\ngoogleFonts:['Open+Sans:300,400,600,700,800','Raleway:100,200,300,400,500,600,700,800,900','Droid+Serif:400,700'],\naspectratio:\"4:3\",\nresponsiveEntries: [\n{ width:1400,amount:4},\n{ width:1170,amount:3},\n{ width:1024,amount:3},\n{ width:960,amount:3},\n{ width:778,amount:3},\n{ width:640,amount:3},\n{ width:480,amount:1}\n]\n});\ntry{\njQuery(\"#esg-grid-2-1 .esgbox\").esgbox({\npadding : [0,0,0,0],\nafterLoad:function() { \nif (this.element.hasClass(\"esgboxhtml5\")) {\nvar mp = this.element.data(\"mp4\"),\nogv = this.element.data(\"ogv\"),\nwebm = this.element.data(\"webm\");\nthis.content ='\n\n\n\n\n<div style=\"width:100%;height:100%;\"><video autoplay=\"true\" loop=\"\" class=\"rowbgimage\" poster=\"\" width=\"100%\" height=\"auto\"><source src=\"'+mp+'\" type=\"video\/mp4\"><source src=\"'+webm+'\" type=\"video\/webm\"><source src=\"'+ogv+'\" type=\"video\/ogg\"><\/video><\/div>\n\n\n\n\n';\t\nvar riint = setInterval(function() {jQuery(window).trigger(\"resize\");},100); setTimeout(function() {clearInterval(riint);},2500);\n};\n},\nbeforeShow : function () { \nthis.title = jQuery(this.element).attr('lgtitle');\nif (this.title) {\nthis.title=\"\";\nthis.title =  '\n\n\n\n\n<div style=\"padding:0px 0px 0px 0px\">'+this.title+'<\/div>\n\n\n\n\n';\n}\n},\nafterShow : function() {\n},\nopenEffect : 'fade',\ncloseEffect : 'fade',\nnextEffect : 'fade',\nprevEffect : 'fade',\nopenSpeed : 'normal',\ncloseSpeed : 'normal',\nnextSpeed : 'normal',\nprevSpeed : 'normal',\nhelpers : {\nmedia : {},\ntitle : {\ntype:\"\"\n}\n}\n});\n} catch (e) {}\n});\n\/\/ ]]><\/script><\/p>\n","protected":false},"excerpt":{"rendered":"<p>Yksi t\u00e4rkeimmist\u00e4 toimialoistamme on my\u00f6s aitojen, tarhojen ja lautojen valmistus ja rakentaminen, jotta asiakkaamme voivat tuntea olonsa mukavaksi ja nauttia yksityisyydest\u00e4.<\/p>","protected":false},"author":1,"featured_media":2151,"parent":49,"menu_order":0,"comment_status":"closed","ping_status":"open","template":"","meta":{"_et_pb_use_builder":"","_et_pb_old_content":"","_et_gb_content_width":"","footnotes":""},"class_list":["post-87","page","type-page","status-publish","has-post-thumbnail","hentry"],"aioseo_notices":[],"_links":{"self":[{"href":"https:\/\/peruks.ee\/fi\/wp-json\/wp\/v2\/pages\/87","targetHints":{"allow":["GET"]}}],"collection":[{"href":"https:\/\/peruks.ee\/fi\/wp-json\/wp\/v2\/pages"}],"about":[{"href":"https:\/\/peruks.ee\/fi\/wp-json\/wp\/v2\/types\/page"}],"author":[{"embeddable":true,"href":"https:\/\/peruks.ee\/fi\/wp-json\/wp\/v2\/users\/1"}],"replies":[{"embeddable":true,"href":"https:\/\/peruks.ee\/fi\/wp-json\/wp\/v2\/comments?post=87"}],"version-history":[{"count":6,"href":"https:\/\/peruks.ee\/fi\/wp-json\/wp\/v2\/pages\/87\/revisions"}],"predecessor-version":[{"id":2331,"href":"https:\/\/peruks.ee\/fi\/wp-json\/wp\/v2\/pages\/87\/revisions\/2331"}],"up":[{"embeddable":true,"href":"https:\/\/peruks.ee\/fi\/wp-json\/wp\/v2\/pages\/49"}],"wp:featuredmedia":[{"embeddable":true,"href":"https:\/\/peruks.ee\/fi\/wp-json\/wp\/v2\/media\/2151"}],"wp:attachment":[{"href":"https:\/\/peruks.ee\/fi\/wp-json\/wp\/v2\/media?parent=87"}],"curies":[{"name":"wp","href":"https:\/\/api.w.org\/{rel}","templated":true}]}}